{"id":27892,"date":"2025-05-27T18:46:03","date_gmt":"2025-05-27T18:46:03","guid":{"rendered":"https:\/\/infiniteq.org\/?post_type=product&#038;p=27892"},"modified":"2025-06-11T11:57:23","modified_gmt":"2025-06-11T11:57:23","slug":"mve-reformer-hosszu-rovid-dobozzal","status":"publish","type":"product","link":"https:\/\/peakpilates.hu\/en\/termekek\/reformerek\/fem-reformerek\/mve-reformer-hosszu-rovid-dobozzal\/","title":{"rendered":"MVe\u00ae reformer with long\/short box"},"content":{"rendered":"<p>The MVe\u00ae Reformer is a sleek, precision aluminium reformer that has the features and quality of the best professional studio reformers, while stacking to save space when needed. This patent-pending design allows units to be \u201estacked\u201d without removing parts or legs.<\/p>\n<p>The MVe\u00ae Reformer's innovative design incorporates features not found in other stackable reformers, such as a retractable shoulder block, retractable lifters and gear selection for maximum adjustability, comfort and user-friendly appearance.<\/p>\n<p>The MVe\u00ae Reformer tower conversion can be upgraded to a complete tower system, allowing reformer\/tower\/carpet work to be carried out in a single unit.<\/p>\n<p>MEASUREMENTS:<\/p>\n<p>Studio height: 39 cm x 74 cm x 262 cm<br \/>\nMax. User weight: 136 kg<br \/>\nTARTALMAZZA:<\/p>\n<p>Can be stacked up to 4 high<br \/>\nPowder coated aluminium frame<br \/>\n4 position drive system<br \/>\n5 spring system: standard with 1 red (heavy), 2 yellow (medium) and 2 blue (light) springs<br \/>\n3-position headrest<br \/>\n4-position footrest with safety lock<br \/>\nAdjustable ropes<br \/>\nDouble loops (pair)<br \/>\nRetractable lifts<br \/>\nRetractable shoulder blocks<br \/>\nRetractable handles for easy manoeuvring<br \/>\nAnti-slip washer<br \/>\nMVe\u00ae long\/short box<br \/>\nAvailable with black upholstery only<\/p>","protected":false},"excerpt":{"rendered":"<p>The MVe\u00ae Reformer is a sleek, precision aluminium reformer with the features and quality of the best professional studio reformers, while offering the flexibility to<\/p>","protected":false},"featured_media":28913,"comment_status":"open","ping_status":"closed","template":"","meta":[],"product_brand":[190],"product_cat":[198],"product_tag":[],"class_list":{"0":"post-27892","1":"product","2":"type-product","3":"status-publish","4":"has-post-thumbnail","6":"product_brand-peak-pilates","7":"product_cat-fem-reformerek","9":"first","10":"instock","11":"shipping-taxable","12":"product-type-simple"},"yoast_head":"<!-- This site is optimized with the Yoast SEO plugin v26.7 - https:\/\/yoast.com\/wordpress\/plugins\/seo\/ -->\n<title>MVe\u00ae reformer hossz\u00fa\/r\u00f6vid dobozzal | Peak Pilates | Sz\u00e9ps\u00e9g, funkci\u00f3 \u00e9s hagyom\u00e1ny<\/title>\n<meta name=\"robots\" content=\"index, follow, max-snippet:-1, max-image-preview:large, max-video-preview:-1\" \/>\n<link rel=\"canonical\" href=\"https:\/\/peakpilates.hu\/en\/termekek\/reformerek\/fem-reformerek\/mve-reformer-hosszu-rovid-dobozzal\/\" \/>\n<meta property=\"og:locale\" content=\"en_GB\" \/>\n<meta property=\"og:type\" content=\"article\" \/>\n<meta property=\"og:title\" content=\"MVe\u00ae reformer hossz\u00fa\/r\u00f6vid dobozzal | Peak Pilates | Sz\u00e9ps\u00e9g, funkci\u00f3 \u00e9s hagyom\u00e1ny\" \/>\n<meta property=\"og:description\" content=\"Az MVe\u00ae Reformer egy eleg\u00e1ns, prec\u00edzi\u00f3s alum\u00ednium reformer, amely a legjobb professzion\u00e1lis st\u00fadi\u00f3reformerek tulajdons\u00e1gaival \u00e9s min\u0151s\u00e9g\u00e9vel rendelkezik, mik\u00f6zben sz\u00fcks\u00e9g eset\u00e9n\" \/>\n<meta property=\"og:url\" content=\"https:\/\/peakpilates.hu\/en\/termekek\/reformerek\/fem-reformerek\/mve-reformer-hosszu-rovid-dobozzal\/\" \/>\n<meta property=\"og:site_name\" content=\"Peak Pilates\" \/>\n<meta property=\"article:modified_time\" content=\"2025-06-11T11:57:23+00:00\" \/>\n<meta property=\"og:image\" content=\"https:\/\/peakpilates.hu\/wp-content\/uploads\/2025\/05\/peakpilates.hu-reformer-6.webp\" \/>\n\t<meta property=\"og:image:width\" content=\"1100\" \/>\n\t<meta property=\"og:image:height\" content=\"1100\" \/>\n\t<meta property=\"og:image:type\" content=\"image\/webp\" \/>\n<meta name=\"twitter:card\" content=\"summary_large_image\" \/>\n<meta name=\"twitter:label1\" content=\"Estimated reading time\" \/>\n\t<meta name=\"twitter:data1\" content=\"2 minutes\" \/>\n<script type=\"application\/ld+json\" class=\"yoast-schema-graph\">{\"@context\":\"https:\/\/schema.org\",\"@graph\":[{\"@type\":\"WebPage\",\"@id\":\"https:\/\/peakpilates.hu\/termekek\/reformerek\/fem-reformerek\/mve-reformer-hosszu-rovid-dobozzal\/\",\"url\":\"https:\/\/peakpilates.hu\/termekek\/reformerek\/fem-reformerek\/mve-reformer-hosszu-rovid-dobozzal\/\",\"name\":\"MVe\u00ae reformer hossz\u00fa\/r\u00f6vid dobozzal | Peak Pilates | Sz\u00e9ps\u00e9g, funkci\u00f3 \u00e9s hagyom\u00e1ny\",\"isPartOf\":{\"@id\":\"https:\/\/peakpilates.hu\/#website\"},\"primaryImageOfPage\":{\"@id\":\"https:\/\/peakpilates.hu\/termekek\/reformerek\/fem-reformerek\/mve-reformer-hosszu-rovid-dobozzal\/#primaryimage\"},\"image\":{\"@id\":\"https:\/\/peakpilates.hu\/termekek\/reformerek\/fem-reformerek\/mve-reformer-hosszu-rovid-dobozzal\/#primaryimage\"},\"thumbnailUrl\":\"https:\/\/peakpilates.hu\/wp-content\/uploads\/2025\/05\/peakpilates.hu-reformer-6.webp\",\"datePublished\":\"2025-05-27T18:46:03+00:00\",\"dateModified\":\"2025-06-11T11:57:23+00:00\",\"breadcrumb\":{\"@id\":\"https:\/\/peakpilates.hu\/termekek\/reformerek\/fem-reformerek\/mve-reformer-hosszu-rovid-dobozzal\/#breadcrumb\"},\"inLanguage\":\"en-GB\",\"potentialAction\":[{\"@type\":\"ReadAction\",\"target\":[\"https:\/\/peakpilates.hu\/termekek\/reformerek\/fem-reformerek\/mve-reformer-hosszu-rovid-dobozzal\/\"]}]},{\"@type\":\"ImageObject\",\"inLanguage\":\"en-GB\",\"@id\":\"https:\/\/peakpilates.hu\/termekek\/reformerek\/fem-reformerek\/mve-reformer-hosszu-rovid-dobozzal\/#primaryimage\",\"url\":\"https:\/\/peakpilates.hu\/wp-content\/uploads\/2025\/05\/peakpilates.hu-reformer-6.webp\",\"contentUrl\":\"https:\/\/peakpilates.hu\/wp-content\/uploads\/2025\/05\/peakpilates.hu-reformer-6.webp\",\"width\":1100,\"height\":1100},{\"@type\":\"BreadcrumbList\",\"@id\":\"https:\/\/peakpilates.hu\/termekek\/reformerek\/fem-reformerek\/mve-reformer-hosszu-rovid-dobozzal\/#breadcrumb\",\"itemListElement\":[{\"@type\":\"ListItem\",\"position\":1,\"name\":\"Kezd\u0151oldal\",\"item\":\"https:\/\/peakpilates.hu\/\"},{\"@type\":\"ListItem\",\"position\":2,\"name\":\"Term\u00e9kek\",\"item\":\"https:\/\/peakpilates.hu\/termekek\/\"},{\"@type\":\"ListItem\",\"position\":3,\"name\":\"MVe\u00ae reformer hossz\u00fa\/r\u00f6vid dobozzal\"}]},{\"@type\":\"WebSite\",\"@id\":\"https:\/\/peakpilates.hu\/#website\",\"url\":\"https:\/\/peakpilates.hu\/\",\"name\":\"Peak Pilates\",\"description\":\"Sz\u00e9ps\u00e9g, funkci\u00f3 \u00e9s hagyom\u00e1ny\",\"publisher\":{\"@id\":\"https:\/\/peakpilates.hu\/#organization\"},\"potentialAction\":[{\"@type\":\"SearchAction\",\"target\":{\"@type\":\"EntryPoint\",\"urlTemplate\":\"https:\/\/peakpilates.hu\/?s={search_term_string}\"},\"query-input\":{\"@type\":\"PropertyValueSpecification\",\"valueRequired\":true,\"valueName\":\"search_term_string\"}}],\"inLanguage\":\"en-GB\"},{\"@type\":\"Organization\",\"@id\":\"https:\/\/peakpilates.hu\/#organization\",\"name\":\"Peak Pilates\",\"url\":\"https:\/\/peakpilates.hu\/\",\"logo\":{\"@type\":\"ImageObject\",\"inLanguage\":\"en-GB\",\"@id\":\"https:\/\/peakpilates.hu\/#\/schema\/logo\/image\/\",\"url\":\"https:\/\/peakpilates.hu\/wp-content\/uploads\/2025\/05\/peakpilates.hu-site-icon.webp\",\"contentUrl\":\"https:\/\/peakpilates.hu\/wp-content\/uploads\/2025\/05\/peakpilates.hu-site-icon.webp\",\"width\":512,\"height\":512,\"caption\":\"Peak Pilates\"},\"image\":{\"@id\":\"https:\/\/peakpilates.hu\/#\/schema\/logo\/image\/\"}}]}<\/script>\n<!-- \/ Yoast SEO plugin. -->","yoast_head_json":{"title":"MVe\u00ae reformer hossz\u00fa\/r\u00f6vid dobozzal | Peak Pilates | Sz\u00e9ps\u00e9g, funkci\u00f3 \u00e9s hagyom\u00e1ny","robots":{"index":"index","follow":"follow","max-snippet":"max-snippet:-1","max-image-preview":"max-image-preview:large","max-video-preview":"max-video-preview:-1"},"canonical":"https:\/\/peakpilates.hu\/en\/termekek\/reformerek\/fem-reformerek\/mve-reformer-hosszu-rovid-dobozzal\/","og_locale":"en_GB","og_type":"article","og_title":"MVe\u00ae reformer hossz\u00fa\/r\u00f6vid dobozzal | Peak Pilates | Sz\u00e9ps\u00e9g, funkci\u00f3 \u00e9s hagyom\u00e1ny","og_description":"Az MVe\u00ae Reformer egy eleg\u00e1ns, prec\u00edzi\u00f3s alum\u00ednium reformer, amely a legjobb professzion\u00e1lis st\u00fadi\u00f3reformerek tulajdons\u00e1gaival \u00e9s min\u0151s\u00e9g\u00e9vel rendelkezik, mik\u00f6zben sz\u00fcks\u00e9g eset\u00e9n","og_url":"https:\/\/peakpilates.hu\/en\/termekek\/reformerek\/fem-reformerek\/mve-reformer-hosszu-rovid-dobozzal\/","og_site_name":"Peak Pilates","article_modified_time":"2025-06-11T11:57:23+00:00","og_image":[{"width":1100,"height":1100,"url":"https:\/\/peakpilates.hu\/wp-content\/uploads\/2025\/05\/peakpilates.hu-reformer-6.webp","type":"image\/webp"}],"twitter_card":"summary_large_image","twitter_misc":{"Estimated reading time":"2 minutes"},"schema":{"@context":"https:\/\/schema.org","@graph":[{"@type":"WebPage","@id":"https:\/\/peakpilates.hu\/termekek\/reformerek\/fem-reformerek\/mve-reformer-hosszu-rovid-dobozzal\/","url":"https:\/\/peakpilates.hu\/termekek\/reformerek\/fem-reformerek\/mve-reformer-hosszu-rovid-dobozzal\/","name":"MVe\u00ae reformer hossz\u00fa\/r\u00f6vid dobozzal | Peak Pilates | Sz\u00e9ps\u00e9g, funkci\u00f3 \u00e9s hagyom\u00e1ny","isPartOf":{"@id":"https:\/\/peakpilates.hu\/#website"},"primaryImageOfPage":{"@id":"https:\/\/peakpilates.hu\/termekek\/reformerek\/fem-reformerek\/mve-reformer-hosszu-rovid-dobozzal\/#primaryimage"},"image":{"@id":"https:\/\/peakpilates.hu\/termekek\/reformerek\/fem-reformerek\/mve-reformer-hosszu-rovid-dobozzal\/#primaryimage"},"thumbnailUrl":"https:\/\/peakpilates.hu\/wp-content\/uploads\/2025\/05\/peakpilates.hu-reformer-6.webp","datePublished":"2025-05-27T18:46:03+00:00","dateModified":"2025-06-11T11:57:23+00:00","breadcrumb":{"@id":"https:\/\/peakpilates.hu\/termekek\/reformerek\/fem-reformerek\/mve-reformer-hosszu-rovid-dobozzal\/#breadcrumb"},"inLanguage":"en-GB","potentialAction":[{"@type":"ReadAction","target":["https:\/\/peakpilates.hu\/termekek\/reformerek\/fem-reformerek\/mve-reformer-hosszu-rovid-dobozzal\/"]}]},{"@type":"ImageObject","inLanguage":"en-GB","@id":"https:\/\/peakpilates.hu\/termekek\/reformerek\/fem-reformerek\/mve-reformer-hosszu-rovid-dobozzal\/#primaryimage","url":"https:\/\/peakpilates.hu\/wp-content\/uploads\/2025\/05\/peakpilates.hu-reformer-6.webp","contentUrl":"https:\/\/peakpilates.hu\/wp-content\/uploads\/2025\/05\/peakpilates.hu-reformer-6.webp","width":1100,"height":1100},{"@type":"BreadcrumbList","@id":"https:\/\/peakpilates.hu\/termekek\/reformerek\/fem-reformerek\/mve-reformer-hosszu-rovid-dobozzal\/#breadcrumb","itemListElement":[{"@type":"ListItem","position":1,"name":"Kezd\u0151oldal","item":"https:\/\/peakpilates.hu\/"},{"@type":"ListItem","position":2,"name":"Term\u00e9kek","item":"https:\/\/peakpilates.hu\/termekek\/"},{"@type":"ListItem","position":3,"name":"MVe\u00ae reformer hossz\u00fa\/r\u00f6vid dobozzal"}]},{"@type":"WebSite","@id":"https:\/\/peakpilates.hu\/#website","url":"https:\/\/peakpilates.hu\/","name":"Peak Pilates","description":"Beauty, function and tradition","publisher":{"@id":"https:\/\/peakpilates.hu\/#organization"},"potentialAction":[{"@type":"SearchAction","target":{"@type":"EntryPoint","urlTemplate":"https:\/\/peakpilates.hu\/?s={search_term_string}"},"query-input":{"@type":"PropertyValueSpecification","valueRequired":true,"valueName":"search_term_string"}}],"inLanguage":"en-GB"},{"@type":"Organization","@id":"https:\/\/peakpilates.hu\/#organization","name":"Peak Pilates","url":"https:\/\/peakpilates.hu\/","logo":{"@type":"ImageObject","inLanguage":"en-GB","@id":"https:\/\/peakpilates.hu\/#\/schema\/logo\/image\/","url":"https:\/\/peakpilates.hu\/wp-content\/uploads\/2025\/05\/peakpilates.hu-site-icon.webp","contentUrl":"https:\/\/peakpilates.hu\/wp-content\/uploads\/2025\/05\/peakpilates.hu-site-icon.webp","width":512,"height":512,"caption":"Peak Pilates"},"image":{"@id":"https:\/\/peakpilates.hu\/#\/schema\/logo\/image\/"}}]}},"_links":{"self":[{"href":"https:\/\/peakpilates.hu\/en\/wp-json\/wp\/v2\/product\/27892","targetHints":{"allow":["GET"]}}],"collection":[{"href":"https:\/\/peakpilates.hu\/en\/wp-json\/wp\/v2\/product"}],"about":[{"href":"https:\/\/peakpilates.hu\/en\/wp-json\/wp\/v2\/types\/product"}],"replies":[{"embeddable":true,"href":"https:\/\/peakpilates.hu\/en\/wp-json\/wp\/v2\/comments?post=27892"}],"version-history":[{"count":0,"href":"https:\/\/peakpilates.hu\/en\/wp-json\/wp\/v2\/product\/27892\/revisions"}],"wp:featuredmedia":[{"embeddable":true,"href":"https:\/\/peakpilates.hu\/en\/wp-json\/wp\/v2\/media\/28913"}],"wp:attachment":[{"href":"https:\/\/peakpilates.hu\/en\/wp-json\/wp\/v2\/media?parent=27892"}],"wp:term":[{"taxonomy":"product_brand","embeddable":true,"href":"https:\/\/peakpilates.hu\/en\/wp-json\/wp\/v2\/product_brand?post=27892"},{"taxonomy":"product_cat","embeddable":true,"href":"https:\/\/peakpilates.hu\/en\/wp-json\/wp\/v2\/product_cat?post=27892"},{"taxonomy":"product_tag","embeddable":true,"href":"https:\/\/peakpilates.hu\/en\/wp-json\/wp\/v2\/product_tag?post=27892"}],"curies":[{"name":"wp","href":"https:\/\/api.w.org\/{rel}","templated":true}]}}