{"id":27907,"date":"2025-05-27T18:52:28","date_gmt":"2025-05-27T18:52:28","guid":{"rendered":"https:\/\/infiniteq.org\/?post_type=product&#038;p=27907"},"modified":"2025-06-11T11:57:10","modified_gmt":"2025-06-11T11:57:10","slug":"artistry-reformer-kotellel-es-emelokkel-bukk-fekete","status":"publish","type":"product","link":"https:\/\/peakpilates.hu\/en\/termekek\/reformerek\/fa-reformerek\/artistry-reformer-kotellel-es-emelokkel-bukk-fekete\/","title":{"rendered":"Artistry\u2122 Reformer with rope and lifters - Beech, Black"},"content":{"rendered":"<p>Our most classic reformer is equipped with our rope and lifting package and our standard long\/short box. Handmade solid wood frame construction.<\/p>\n<p>FEATURES:<\/p>\n<p>Eye-spring gear rod<br \/>\nRemovable 3-position headrest for easy cleaning and maintenance<br \/>\nRetractable lifts for easy transition to tower mode<br \/>\nNew four-position contoured footrest with innovative locking mechanism that provides security for the user without interrupting the flow<br \/>\nPatented spring retainer is rubberized and contoured for smooth spring changes and reduced noise<br \/>\nRedesigned steel trolley with tilting mechanism allowing upgrade to tower or twin carpet system<br \/>\nAvailable in oak or beech with black upholstery<\/p>\n<p>APPENDICES:<\/p>\n<p>2 gear block and gear block holder<br \/>\nDouble loops (pair)<br \/>\nRope and lift kit (pair of swivel ropes and adjustable lifts, pair of neoprene handles)<br \/>\nStandard long\/short box (24 cm (M) x 41 cm (W) x 70 cm (H))<br \/>\nFootrest with safety clips<br \/>\nFixed car bumper<br \/>\nBelt tensioner set (1 heavy, 2 normal, 2 light)<\/p>","protected":false},"excerpt":{"rendered":"<p>Our most classic reformer is equipped with our rope and lifting package and our standard long\/short box. Handmade solid wood frame construction. FEATURES,<\/p>","protected":false},"featured_media":28903,"comment_status":"open","ping_status":"closed","template":"","meta":[],"product_brand":[190],"product_cat":[199],"product_tag":[],"class_list":{"0":"post-27907","1":"product","2":"type-product","3":"status-publish","4":"has-post-thumbnail","6":"product_brand-peak-pilates","7":"product_cat-fa-reformerek","9":"first","10":"instock","11":"shipping-taxable","12":"product-type-simple"},"yoast_head":"<!-- This site is optimized with the Yoast SEO plugin v26.7 - https:\/\/yoast.com\/wordpress\/plugins\/seo\/ -->\n<title>Artistry\u2122 Reformer k\u00f6t\u00e9llel \u00e9s emel\u0151kkel - B\u00fckk, Fekete | Peak Pilates | Sz\u00e9ps\u00e9g, funkci\u00f3 \u00e9s hagyom\u00e1ny<\/title>\n<meta name=\"robots\" content=\"index, follow, max-snippet:-1, max-image-preview:large, max-video-preview:-1\" \/>\n<link rel=\"canonical\" href=\"https:\/\/peakpilates.hu\/en\/termekek\/reformerek\/fa-reformerek\/artistry-reformer-kotellel-es-emelokkel-bukk-fekete\/\" \/>\n<meta property=\"og:locale\" content=\"en_GB\" \/>\n<meta property=\"og:type\" content=\"article\" \/>\n<meta property=\"og:title\" content=\"Artistry\u2122 Reformer k\u00f6t\u00e9llel \u00e9s emel\u0151kkel - B\u00fckk, Fekete | Peak Pilates | Sz\u00e9ps\u00e9g, funkci\u00f3 \u00e9s hagyom\u00e1ny\" \/>\n<meta property=\"og:description\" content=\"A legklasszikusabb reformer\u00fcnk k\u00f6t\u00e9l- \u00e9s emel\u0151csomagunkkal, valamint standard hossz\u00fa\/r\u00f6vid dobozunkkal van felszerelve. K\u00e9zzel k\u00e9sz\u00edtett t\u00f6m\u00f6rfa v\u00e1zszerkezet. JELLEMZ\u0150K: \u00d6trug\u00f3s fogasker\u00e9k-r\u00fad Levehet\u0151,\" \/>\n<meta property=\"og:url\" content=\"https:\/\/peakpilates.hu\/en\/termekek\/reformerek\/fa-reformerek\/artistry-reformer-kotellel-es-emelokkel-bukk-fekete\/\" \/>\n<meta property=\"og:site_name\" content=\"Peak Pilates\" \/>\n<meta property=\"article:modified_time\" content=\"2025-06-11T11:57:10+00:00\" \/>\n<meta property=\"og:image\" content=\"https:\/\/peakpilates.hu\/wp-content\/uploads\/2025\/05\/peakpilates.hu-reformer2.webp\" \/>\n\t<meta property=\"og:image:width\" content=\"1100\" \/>\n\t<meta property=\"og:image:height\" content=\"1100\" \/>\n\t<meta property=\"og:image:type\" content=\"image\/webp\" \/>\n<meta name=\"twitter:card\" content=\"summary_large_image\" \/>\n<meta name=\"twitter:label1\" content=\"Estimated reading time\" \/>\n\t<meta name=\"twitter:data1\" content=\"1 minute\" \/>\n<script type=\"application\/ld+json\" class=\"yoast-schema-graph\">{\"@context\":\"https:\/\/schema.org\",\"@graph\":[{\"@type\":\"WebPage\",\"@id\":\"https:\/\/peakpilates.hu\/termekek\/reformerek\/fa-reformerek\/artistry-reformer-kotellel-es-emelokkel-bukk-fekete\/\",\"url\":\"https:\/\/peakpilates.hu\/termekek\/reformerek\/fa-reformerek\/artistry-reformer-kotellel-es-emelokkel-bukk-fekete\/\",\"name\":\"Artistry\u2122 Reformer k\u00f6t\u00e9llel \u00e9s emel\u0151kkel - B\u00fckk, Fekete | Peak Pilates | Sz\u00e9ps\u00e9g, funkci\u00f3 \u00e9s hagyom\u00e1ny\",\"isPartOf\":{\"@id\":\"https:\/\/peakpilates.hu\/#website\"},\"primaryImageOfPage\":{\"@id\":\"https:\/\/peakpilates.hu\/termekek\/reformerek\/fa-reformerek\/artistry-reformer-kotellel-es-emelokkel-bukk-fekete\/#primaryimage\"},\"image\":{\"@id\":\"https:\/\/peakpilates.hu\/termekek\/reformerek\/fa-reformerek\/artistry-reformer-kotellel-es-emelokkel-bukk-fekete\/#primaryimage\"},\"thumbnailUrl\":\"https:\/\/peakpilates.hu\/wp-content\/uploads\/2025\/05\/peakpilates.hu-reformer2.webp\",\"datePublished\":\"2025-05-27T18:52:28+00:00\",\"dateModified\":\"2025-06-11T11:57:10+00:00\",\"breadcrumb\":{\"@id\":\"https:\/\/peakpilates.hu\/termekek\/reformerek\/fa-reformerek\/artistry-reformer-kotellel-es-emelokkel-bukk-fekete\/#breadcrumb\"},\"inLanguage\":\"en-GB\",\"potentialAction\":[{\"@type\":\"ReadAction\",\"target\":[\"https:\/\/peakpilates.hu\/termekek\/reformerek\/fa-reformerek\/artistry-reformer-kotellel-es-emelokkel-bukk-fekete\/\"]}]},{\"@type\":\"ImageObject\",\"inLanguage\":\"en-GB\",\"@id\":\"https:\/\/peakpilates.hu\/termekek\/reformerek\/fa-reformerek\/artistry-reformer-kotellel-es-emelokkel-bukk-fekete\/#primaryimage\",\"url\":\"https:\/\/peakpilates.hu\/wp-content\/uploads\/2025\/05\/peakpilates.hu-reformer2.webp\",\"contentUrl\":\"https:\/\/peakpilates.hu\/wp-content\/uploads\/2025\/05\/peakpilates.hu-reformer2.webp\",\"width\":1100,\"height\":1100},{\"@type\":\"BreadcrumbList\",\"@id\":\"https:\/\/peakpilates.hu\/termekek\/reformerek\/fa-reformerek\/artistry-reformer-kotellel-es-emelokkel-bukk-fekete\/#breadcrumb\",\"itemListElement\":[{\"@type\":\"ListItem\",\"position\":1,\"name\":\"Kezd\u0151oldal\",\"item\":\"https:\/\/peakpilates.hu\/\"},{\"@type\":\"ListItem\",\"position\":2,\"name\":\"Term\u00e9kek\",\"item\":\"https:\/\/peakpilates.hu\/termekek\/\"},{\"@type\":\"ListItem\",\"position\":3,\"name\":\"Artistry\u2122 Reformer k\u00f6t\u00e9llel \u00e9s emel\u0151kkel &#8211; B\u00fckk, Fekete\"}]},{\"@type\":\"WebSite\",\"@id\":\"https:\/\/peakpilates.hu\/#website\",\"url\":\"https:\/\/peakpilates.hu\/\",\"name\":\"Peak Pilates\",\"description\":\"Sz\u00e9ps\u00e9g, funkci\u00f3 \u00e9s hagyom\u00e1ny\",\"publisher\":{\"@id\":\"https:\/\/peakpilates.hu\/#organization\"},\"potentialAction\":[{\"@type\":\"SearchAction\",\"target\":{\"@type\":\"EntryPoint\",\"urlTemplate\":\"https:\/\/peakpilates.hu\/?s={search_term_string}\"},\"query-input\":{\"@type\":\"PropertyValueSpecification\",\"valueRequired\":true,\"valueName\":\"search_term_string\"}}],\"inLanguage\":\"en-GB\"},{\"@type\":\"Organization\",\"@id\":\"https:\/\/peakpilates.hu\/#organization\",\"name\":\"Peak Pilates\",\"url\":\"https:\/\/peakpilates.hu\/\",\"logo\":{\"@type\":\"ImageObject\",\"inLanguage\":\"en-GB\",\"@id\":\"https:\/\/peakpilates.hu\/#\/schema\/logo\/image\/\",\"url\":\"https:\/\/peakpilates.hu\/wp-content\/uploads\/2025\/05\/peakpilates.hu-site-icon.webp\",\"contentUrl\":\"https:\/\/peakpilates.hu\/wp-content\/uploads\/2025\/05\/peakpilates.hu-site-icon.webp\",\"width\":512,\"height\":512,\"caption\":\"Peak Pilates\"},\"image\":{\"@id\":\"https:\/\/peakpilates.hu\/#\/schema\/logo\/image\/\"}}]}<\/script>\n<!-- \/ Yoast SEO plugin. -->","yoast_head_json":{"title":"Artistry\u2122 Reformer k\u00f6t\u00e9llel \u00e9s emel\u0151kkel - B\u00fckk, Fekete | Peak Pilates | Sz\u00e9ps\u00e9g, funkci\u00f3 \u00e9s hagyom\u00e1ny","robots":{"index":"index","follow":"follow","max-snippet":"max-snippet:-1","max-image-preview":"max-image-preview:large","max-video-preview":"max-video-preview:-1"},"canonical":"https:\/\/peakpilates.hu\/en\/termekek\/reformerek\/fa-reformerek\/artistry-reformer-kotellel-es-emelokkel-bukk-fekete\/","og_locale":"en_GB","og_type":"article","og_title":"Artistry\u2122 Reformer k\u00f6t\u00e9llel \u00e9s emel\u0151kkel - B\u00fckk, Fekete | Peak Pilates | Sz\u00e9ps\u00e9g, funkci\u00f3 \u00e9s hagyom\u00e1ny","og_description":"A legklasszikusabb reformer\u00fcnk k\u00f6t\u00e9l- \u00e9s emel\u0151csomagunkkal, valamint standard hossz\u00fa\/r\u00f6vid dobozunkkal van felszerelve. K\u00e9zzel k\u00e9sz\u00edtett t\u00f6m\u00f6rfa v\u00e1zszerkezet. JELLEMZ\u0150K: \u00d6trug\u00f3s fogasker\u00e9k-r\u00fad Levehet\u0151,","og_url":"https:\/\/peakpilates.hu\/en\/termekek\/reformerek\/fa-reformerek\/artistry-reformer-kotellel-es-emelokkel-bukk-fekete\/","og_site_name":"Peak Pilates","article_modified_time":"2025-06-11T11:57:10+00:00","og_image":[{"width":1100,"height":1100,"url":"https:\/\/peakpilates.hu\/wp-content\/uploads\/2025\/05\/peakpilates.hu-reformer2.webp","type":"image\/webp"}],"twitter_card":"summary_large_image","twitter_misc":{"Estimated reading time":"1 minute"},"schema":{"@context":"https:\/\/schema.org","@graph":[{"@type":"WebPage","@id":"https:\/\/peakpilates.hu\/termekek\/reformerek\/fa-reformerek\/artistry-reformer-kotellel-es-emelokkel-bukk-fekete\/","url":"https:\/\/peakpilates.hu\/termekek\/reformerek\/fa-reformerek\/artistry-reformer-kotellel-es-emelokkel-bukk-fekete\/","name":"Artistry\u2122 Reformer k\u00f6t\u00e9llel \u00e9s emel\u0151kkel - B\u00fckk, Fekete | Peak Pilates | Sz\u00e9ps\u00e9g, funkci\u00f3 \u00e9s hagyom\u00e1ny","isPartOf":{"@id":"https:\/\/peakpilates.hu\/#website"},"primaryImageOfPage":{"@id":"https:\/\/peakpilates.hu\/termekek\/reformerek\/fa-reformerek\/artistry-reformer-kotellel-es-emelokkel-bukk-fekete\/#primaryimage"},"image":{"@id":"https:\/\/peakpilates.hu\/termekek\/reformerek\/fa-reformerek\/artistry-reformer-kotellel-es-emelokkel-bukk-fekete\/#primaryimage"},"thumbnailUrl":"https:\/\/peakpilates.hu\/wp-content\/uploads\/2025\/05\/peakpilates.hu-reformer2.webp","datePublished":"2025-05-27T18:52:28+00:00","dateModified":"2025-06-11T11:57:10+00:00","breadcrumb":{"@id":"https:\/\/peakpilates.hu\/termekek\/reformerek\/fa-reformerek\/artistry-reformer-kotellel-es-emelokkel-bukk-fekete\/#breadcrumb"},"inLanguage":"en-GB","potentialAction":[{"@type":"ReadAction","target":["https:\/\/peakpilates.hu\/termekek\/reformerek\/fa-reformerek\/artistry-reformer-kotellel-es-emelokkel-bukk-fekete\/"]}]},{"@type":"ImageObject","inLanguage":"en-GB","@id":"https:\/\/peakpilates.hu\/termekek\/reformerek\/fa-reformerek\/artistry-reformer-kotellel-es-emelokkel-bukk-fekete\/#primaryimage","url":"https:\/\/peakpilates.hu\/wp-content\/uploads\/2025\/05\/peakpilates.hu-reformer2.webp","contentUrl":"https:\/\/peakpilates.hu\/wp-content\/uploads\/2025\/05\/peakpilates.hu-reformer2.webp","width":1100,"height":1100},{"@type":"BreadcrumbList","@id":"https:\/\/peakpilates.hu\/termekek\/reformerek\/fa-reformerek\/artistry-reformer-kotellel-es-emelokkel-bukk-fekete\/#breadcrumb","itemListElement":[{"@type":"ListItem","position":1,"name":"Kezd\u0151oldal","item":"https:\/\/peakpilates.hu\/"},{"@type":"ListItem","position":2,"name":"Term\u00e9kek","item":"https:\/\/peakpilates.hu\/termekek\/"},{"@type":"ListItem","position":3,"name":"Artistry\u2122 Reformer k\u00f6t\u00e9llel \u00e9s emel\u0151kkel &#8211; B\u00fckk, Fekete"}]},{"@type":"WebSite","@id":"https:\/\/peakpilates.hu\/#website","url":"https:\/\/peakpilates.hu\/","name":"Peak Pilates","description":"Beauty, function and tradition","publisher":{"@id":"https:\/\/peakpilates.hu\/#organization"},"potentialAction":[{"@type":"SearchAction","target":{"@type":"EntryPoint","urlTemplate":"https:\/\/peakpilates.hu\/?s={search_term_string}"},"query-input":{"@type":"PropertyValueSpecification","valueRequired":true,"valueName":"search_term_string"}}],"inLanguage":"en-GB"},{"@type":"Organization","@id":"https:\/\/peakpilates.hu\/#organization","name":"Peak Pilates","url":"https:\/\/peakpilates.hu\/","logo":{"@type":"ImageObject","inLanguage":"en-GB","@id":"https:\/\/peakpilates.hu\/#\/schema\/logo\/image\/","url":"https:\/\/peakpilates.hu\/wp-content\/uploads\/2025\/05\/peakpilates.hu-site-icon.webp","contentUrl":"https:\/\/peakpilates.hu\/wp-content\/uploads\/2025\/05\/peakpilates.hu-site-icon.webp","width":512,"height":512,"caption":"Peak Pilates"},"image":{"@id":"https:\/\/peakpilates.hu\/#\/schema\/logo\/image\/"}}]}},"_links":{"self":[{"href":"https:\/\/peakpilates.hu\/en\/wp-json\/wp\/v2\/product\/27907","targetHints":{"allow":["GET"]}}],"collection":[{"href":"https:\/\/peakpilates.hu\/en\/wp-json\/wp\/v2\/product"}],"about":[{"href":"https:\/\/peakpilates.hu\/en\/wp-json\/wp\/v2\/types\/product"}],"replies":[{"embeddable":true,"href":"https:\/\/peakpilates.hu\/en\/wp-json\/wp\/v2\/comments?post=27907"}],"version-history":[{"count":0,"href":"https:\/\/peakpilates.hu\/en\/wp-json\/wp\/v2\/product\/27907\/revisions"}],"wp:featuredmedia":[{"embeddable":true,"href":"https:\/\/peakpilates.hu\/en\/wp-json\/wp\/v2\/media\/28903"}],"wp:attachment":[{"href":"https:\/\/peakpilates.hu\/en\/wp-json\/wp\/v2\/media?parent=27907"}],"wp:term":[{"taxonomy":"product_brand","embeddable":true,"href":"https:\/\/peakpilates.hu\/en\/wp-json\/wp\/v2\/product_brand?post=27907"},{"taxonomy":"product_cat","embeddable":true,"href":"https:\/\/peakpilates.hu\/en\/wp-json\/wp\/v2\/product_cat?post=27907"},{"taxonomy":"product_tag","embeddable":true,"href":"https:\/\/peakpilates.hu\/en\/wp-json\/wp\/v2\/product_tag?post=27907"}],"curies":[{"name":"wp","href":"https:\/\/api.w.org\/{rel}","templated":true}]}}