{"id":27917,"date":"2025-05-27T19:01:00","date_gmt":"2025-05-27T19:01:00","guid":{"rendered":"https:\/\/infiniteq.org\/?post_type=product&#038;p=27917"},"modified":"2025-06-11T11:57:02","modified_gmt":"2025-06-11T11:57:02","slug":"artistry-reformer-vegan-pantokkal-bukkfa-fekete","status":"publish","type":"product","link":"https:\/\/peakpilates.hu\/en\/termekek\/reformerek\/fa-reformerek\/artistry-reformer-vegan-pantokkal-bukkfa-fekete\/","title":{"rendered":"Artistry\u2122 Reformer with vegan straps - Beech, Black"},"content":{"rendered":"<p>This reformer is equipped with vegan-friendly leatherette straps and handles, as well as the standard five-spring reformer kit (includes one heavy spring, two standard springs and two light springs) and a five-spring gear lever. Handmade solid wood frame construction.<\/p>\n<p>FEATURES:<\/p>\n<p>Removable 3-position headrest for easy cleaning and maintenance<br \/>\nThe new, elegant columns without metal brackets provide a clean space, a streamlined look and easy strap installation<br \/>\nNew four-position contoured footrest with innovative locking mechanism that provides security for the user without interrupting movement<br \/>\nRedesigned steel trolley with tilting mechanism, allowing upgrade to tower or twin-trolley system<br \/>\nPatented spring retainer is rubberized and contoured for smooth spring changes and reduced noise<br \/>\nInterchangeable between four and five springs by simply changing the gear<br \/>\nOak or beech finish, black upholstery<\/p>\n<p>APPENDICES:<\/p>\n<p>2 gearbox blocks and gearbox block holder<br \/>\nLong spine extension straps (pair)<br \/>\nVegan harness package (pair of adjustable synthetic harnesses, pair of synthetic swivel handles)<br \/>\nStandard long\/short box (24 cm (M) x 41 cm (W) x 70 cm (H))<br \/>\nFootrest strap with safety buckles<br \/>\nFixed car bumper<br \/>\nBelt tensioner set (1 heavy, 2 standard, 2 light)<\/p>","protected":false},"excerpt":{"rendered":"<p>This reformer comes with vegan-friendly leatherette straps and handles, and the standard five-spring reformer kit (one heavy spring, two standard springs<\/p>","protected":false},"featured_media":28904,"comment_status":"open","ping_status":"closed","template":"","meta":[],"product_brand":[190],"product_cat":[199],"product_tag":[],"class_list":{"0":"post-27917","1":"product","2":"type-product","3":"status-publish","4":"has-post-thumbnail","6":"product_brand-peak-pilates","7":"product_cat-fa-reformerek","9":"first","10":"instock","11":"shipping-taxable","12":"product-type-simple"},"yoast_head":"<!-- This site is optimized with the Yoast SEO plugin v26.7 - https:\/\/yoast.com\/wordpress\/plugins\/seo\/ -->\n<title>Artistry\u2122 Reformer veg\u00e1n p\u00e1ntokkal - B\u00fckkfa, Fekete | Peak Pilates | Sz\u00e9ps\u00e9g, funkci\u00f3 \u00e9s hagyom\u00e1ny<\/title>\n<meta name=\"robots\" content=\"index, follow, max-snippet:-1, max-image-preview:large, max-video-preview:-1\" \/>\n<link rel=\"canonical\" href=\"https:\/\/peakpilates.hu\/en\/termekek\/reformerek\/fa-reformerek\/artistry-reformer-vegan-pantokkal-bukkfa-fekete\/\" \/>\n<meta property=\"og:locale\" content=\"en_GB\" \/>\n<meta property=\"og:type\" content=\"article\" \/>\n<meta property=\"og:title\" content=\"Artistry\u2122 Reformer veg\u00e1n p\u00e1ntokkal - B\u00fckkfa, Fekete | Peak Pilates | Sz\u00e9ps\u00e9g, funkci\u00f3 \u00e9s hagyom\u00e1ny\" \/>\n<meta property=\"og:description\" content=\"Ez a reformer veg\u00e1nbar\u00e1t m\u0171b\u0151r p\u00e1ntokkal \u00e9s foganty\u00fakkal, valamint a standard \u00f6trug\u00f3s reformer k\u00e9szlettel (egy neh\u00e9z rug\u00f3t, k\u00e9t standard rug\u00f3t\" \/>\n<meta property=\"og:url\" content=\"https:\/\/peakpilates.hu\/en\/termekek\/reformerek\/fa-reformerek\/artistry-reformer-vegan-pantokkal-bukkfa-fekete\/\" \/>\n<meta property=\"og:site_name\" content=\"Peak Pilates\" \/>\n<meta property=\"article:modified_time\" content=\"2025-06-11T11:57:02+00:00\" \/>\n<meta property=\"og:image\" content=\"https:\/\/peakpilates.hu\/wp-content\/uploads\/2025\/05\/peakpiltes.hu-reformer-3.webp\" \/>\n\t<meta property=\"og:image:width\" content=\"1100\" \/>\n\t<meta property=\"og:image:height\" content=\"1100\" \/>\n\t<meta property=\"og:image:type\" content=\"image\/webp\" \/>\n<meta name=\"twitter:card\" content=\"summary_large_image\" \/>\n<meta name=\"twitter:label1\" content=\"Estimated reading time\" \/>\n\t<meta name=\"twitter:data1\" content=\"2 minutes\" \/>\n<script type=\"application\/ld+json\" class=\"yoast-schema-graph\">{\"@context\":\"https:\/\/schema.org\",\"@graph\":[{\"@type\":\"WebPage\",\"@id\":\"https:\/\/peakpilates.hu\/termekek\/reformerek\/fa-reformerek\/artistry-reformer-vegan-pantokkal-bukkfa-fekete\/\",\"url\":\"https:\/\/peakpilates.hu\/termekek\/reformerek\/fa-reformerek\/artistry-reformer-vegan-pantokkal-bukkfa-fekete\/\",\"name\":\"Artistry\u2122 Reformer veg\u00e1n p\u00e1ntokkal - B\u00fckkfa, Fekete | Peak Pilates | Sz\u00e9ps\u00e9g, funkci\u00f3 \u00e9s hagyom\u00e1ny\",\"isPartOf\":{\"@id\":\"https:\/\/peakpilates.hu\/#website\"},\"primaryImageOfPage\":{\"@id\":\"https:\/\/peakpilates.hu\/termekek\/reformerek\/fa-reformerek\/artistry-reformer-vegan-pantokkal-bukkfa-fekete\/#primaryimage\"},\"image\":{\"@id\":\"https:\/\/peakpilates.hu\/termekek\/reformerek\/fa-reformerek\/artistry-reformer-vegan-pantokkal-bukkfa-fekete\/#primaryimage\"},\"thumbnailUrl\":\"https:\/\/peakpilates.hu\/wp-content\/uploads\/2025\/05\/peakpiltes.hu-reformer-3.webp\",\"datePublished\":\"2025-05-27T19:01:00+00:00\",\"dateModified\":\"2025-06-11T11:57:02+00:00\",\"breadcrumb\":{\"@id\":\"https:\/\/peakpilates.hu\/termekek\/reformerek\/fa-reformerek\/artistry-reformer-vegan-pantokkal-bukkfa-fekete\/#breadcrumb\"},\"inLanguage\":\"en-GB\",\"potentialAction\":[{\"@type\":\"ReadAction\",\"target\":[\"https:\/\/peakpilates.hu\/termekek\/reformerek\/fa-reformerek\/artistry-reformer-vegan-pantokkal-bukkfa-fekete\/\"]}]},{\"@type\":\"ImageObject\",\"inLanguage\":\"en-GB\",\"@id\":\"https:\/\/peakpilates.hu\/termekek\/reformerek\/fa-reformerek\/artistry-reformer-vegan-pantokkal-bukkfa-fekete\/#primaryimage\",\"url\":\"https:\/\/peakpilates.hu\/wp-content\/uploads\/2025\/05\/peakpiltes.hu-reformer-3.webp\",\"contentUrl\":\"https:\/\/peakpilates.hu\/wp-content\/uploads\/2025\/05\/peakpiltes.hu-reformer-3.webp\",\"width\":1100,\"height\":1100},{\"@type\":\"BreadcrumbList\",\"@id\":\"https:\/\/peakpilates.hu\/termekek\/reformerek\/fa-reformerek\/artistry-reformer-vegan-pantokkal-bukkfa-fekete\/#breadcrumb\",\"itemListElement\":[{\"@type\":\"ListItem\",\"position\":1,\"name\":\"Kezd\u0151oldal\",\"item\":\"https:\/\/peakpilates.hu\/\"},{\"@type\":\"ListItem\",\"position\":2,\"name\":\"Term\u00e9kek\",\"item\":\"https:\/\/peakpilates.hu\/termekek\/\"},{\"@type\":\"ListItem\",\"position\":3,\"name\":\"Artistry\u2122 Reformer veg\u00e1n p\u00e1ntokkal &#8211; B\u00fckkfa, Fekete\"}]},{\"@type\":\"WebSite\",\"@id\":\"https:\/\/peakpilates.hu\/#website\",\"url\":\"https:\/\/peakpilates.hu\/\",\"name\":\"Peak Pilates\",\"description\":\"Sz\u00e9ps\u00e9g, funkci\u00f3 \u00e9s hagyom\u00e1ny\",\"publisher\":{\"@id\":\"https:\/\/peakpilates.hu\/#organization\"},\"potentialAction\":[{\"@type\":\"SearchAction\",\"target\":{\"@type\":\"EntryPoint\",\"urlTemplate\":\"https:\/\/peakpilates.hu\/?s={search_term_string}\"},\"query-input\":{\"@type\":\"PropertyValueSpecification\",\"valueRequired\":true,\"valueName\":\"search_term_string\"}}],\"inLanguage\":\"en-GB\"},{\"@type\":\"Organization\",\"@id\":\"https:\/\/peakpilates.hu\/#organization\",\"name\":\"Peak Pilates\",\"url\":\"https:\/\/peakpilates.hu\/\",\"logo\":{\"@type\":\"ImageObject\",\"inLanguage\":\"en-GB\",\"@id\":\"https:\/\/peakpilates.hu\/#\/schema\/logo\/image\/\",\"url\":\"https:\/\/peakpilates.hu\/wp-content\/uploads\/2025\/05\/peakpilates.hu-site-icon.webp\",\"contentUrl\":\"https:\/\/peakpilates.hu\/wp-content\/uploads\/2025\/05\/peakpilates.hu-site-icon.webp\",\"width\":512,\"height\":512,\"caption\":\"Peak Pilates\"},\"image\":{\"@id\":\"https:\/\/peakpilates.hu\/#\/schema\/logo\/image\/\"}}]}<\/script>\n<!-- \/ Yoast SEO plugin. -->","yoast_head_json":{"title":"Artistry\u2122 Reformer veg\u00e1n p\u00e1ntokkal - B\u00fckkfa, Fekete | Peak Pilates | Sz\u00e9ps\u00e9g, funkci\u00f3 \u00e9s hagyom\u00e1ny","robots":{"index":"index","follow":"follow","max-snippet":"max-snippet:-1","max-image-preview":"max-image-preview:large","max-video-preview":"max-video-preview:-1"},"canonical":"https:\/\/peakpilates.hu\/en\/termekek\/reformerek\/fa-reformerek\/artistry-reformer-vegan-pantokkal-bukkfa-fekete\/","og_locale":"en_GB","og_type":"article","og_title":"Artistry\u2122 Reformer veg\u00e1n p\u00e1ntokkal - B\u00fckkfa, Fekete | Peak Pilates | Sz\u00e9ps\u00e9g, funkci\u00f3 \u00e9s hagyom\u00e1ny","og_description":"Ez a reformer veg\u00e1nbar\u00e1t m\u0171b\u0151r p\u00e1ntokkal \u00e9s foganty\u00fakkal, valamint a standard \u00f6trug\u00f3s reformer k\u00e9szlettel (egy neh\u00e9z rug\u00f3t, k\u00e9t standard rug\u00f3t","og_url":"https:\/\/peakpilates.hu\/en\/termekek\/reformerek\/fa-reformerek\/artistry-reformer-vegan-pantokkal-bukkfa-fekete\/","og_site_name":"Peak Pilates","article_modified_time":"2025-06-11T11:57:02+00:00","og_image":[{"width":1100,"height":1100,"url":"https:\/\/peakpilates.hu\/wp-content\/uploads\/2025\/05\/peakpiltes.hu-reformer-3.webp","type":"image\/webp"}],"twitter_card":"summary_large_image","twitter_misc":{"Estimated reading time":"2 minutes"},"schema":{"@context":"https:\/\/schema.org","@graph":[{"@type":"WebPage","@id":"https:\/\/peakpilates.hu\/termekek\/reformerek\/fa-reformerek\/artistry-reformer-vegan-pantokkal-bukkfa-fekete\/","url":"https:\/\/peakpilates.hu\/termekek\/reformerek\/fa-reformerek\/artistry-reformer-vegan-pantokkal-bukkfa-fekete\/","name":"Artistry\u2122 Reformer veg\u00e1n p\u00e1ntokkal - B\u00fckkfa, Fekete | Peak Pilates | Sz\u00e9ps\u00e9g, funkci\u00f3 \u00e9s hagyom\u00e1ny","isPartOf":{"@id":"https:\/\/peakpilates.hu\/#website"},"primaryImageOfPage":{"@id":"https:\/\/peakpilates.hu\/termekek\/reformerek\/fa-reformerek\/artistry-reformer-vegan-pantokkal-bukkfa-fekete\/#primaryimage"},"image":{"@id":"https:\/\/peakpilates.hu\/termekek\/reformerek\/fa-reformerek\/artistry-reformer-vegan-pantokkal-bukkfa-fekete\/#primaryimage"},"thumbnailUrl":"https:\/\/peakpilates.hu\/wp-content\/uploads\/2025\/05\/peakpiltes.hu-reformer-3.webp","datePublished":"2025-05-27T19:01:00+00:00","dateModified":"2025-06-11T11:57:02+00:00","breadcrumb":{"@id":"https:\/\/peakpilates.hu\/termekek\/reformerek\/fa-reformerek\/artistry-reformer-vegan-pantokkal-bukkfa-fekete\/#breadcrumb"},"inLanguage":"en-GB","potentialAction":[{"@type":"ReadAction","target":["https:\/\/peakpilates.hu\/termekek\/reformerek\/fa-reformerek\/artistry-reformer-vegan-pantokkal-bukkfa-fekete\/"]}]},{"@type":"ImageObject","inLanguage":"en-GB","@id":"https:\/\/peakpilates.hu\/termekek\/reformerek\/fa-reformerek\/artistry-reformer-vegan-pantokkal-bukkfa-fekete\/#primaryimage","url":"https:\/\/peakpilates.hu\/wp-content\/uploads\/2025\/05\/peakpiltes.hu-reformer-3.webp","contentUrl":"https:\/\/peakpilates.hu\/wp-content\/uploads\/2025\/05\/peakpiltes.hu-reformer-3.webp","width":1100,"height":1100},{"@type":"BreadcrumbList","@id":"https:\/\/peakpilates.hu\/termekek\/reformerek\/fa-reformerek\/artistry-reformer-vegan-pantokkal-bukkfa-fekete\/#breadcrumb","itemListElement":[{"@type":"ListItem","position":1,"name":"Kezd\u0151oldal","item":"https:\/\/peakpilates.hu\/"},{"@type":"ListItem","position":2,"name":"Term\u00e9kek","item":"https:\/\/peakpilates.hu\/termekek\/"},{"@type":"ListItem","position":3,"name":"Artistry\u2122 Reformer veg\u00e1n p\u00e1ntokkal &#8211; B\u00fckkfa, Fekete"}]},{"@type":"WebSite","@id":"https:\/\/peakpilates.hu\/#website","url":"https:\/\/peakpilates.hu\/","name":"Peak Pilates","description":"Beauty, function and tradition","publisher":{"@id":"https:\/\/peakpilates.hu\/#organization"},"potentialAction":[{"@type":"SearchAction","target":{"@type":"EntryPoint","urlTemplate":"https:\/\/peakpilates.hu\/?s={search_term_string}"},"query-input":{"@type":"PropertyValueSpecification","valueRequired":true,"valueName":"search_term_string"}}],"inLanguage":"en-GB"},{"@type":"Organization","@id":"https:\/\/peakpilates.hu\/#organization","name":"Peak Pilates","url":"https:\/\/peakpilates.hu\/","logo":{"@type":"ImageObject","inLanguage":"en-GB","@id":"https:\/\/peakpilates.hu\/#\/schema\/logo\/image\/","url":"https:\/\/peakpilates.hu\/wp-content\/uploads\/2025\/05\/peakpilates.hu-site-icon.webp","contentUrl":"https:\/\/peakpilates.hu\/wp-content\/uploads\/2025\/05\/peakpilates.hu-site-icon.webp","width":512,"height":512,"caption":"Peak Pilates"},"image":{"@id":"https:\/\/peakpilates.hu\/#\/schema\/logo\/image\/"}}]}},"_links":{"self":[{"href":"https:\/\/peakpilates.hu\/en\/wp-json\/wp\/v2\/product\/27917","targetHints":{"allow":["GET"]}}],"collection":[{"href":"https:\/\/peakpilates.hu\/en\/wp-json\/wp\/v2\/product"}],"about":[{"href":"https:\/\/peakpilates.hu\/en\/wp-json\/wp\/v2\/types\/product"}],"replies":[{"embeddable":true,"href":"https:\/\/peakpilates.hu\/en\/wp-json\/wp\/v2\/comments?post=27917"}],"version-history":[{"count":0,"href":"https:\/\/peakpilates.hu\/en\/wp-json\/wp\/v2\/product\/27917\/revisions"}],"wp:featuredmedia":[{"embeddable":true,"href":"https:\/\/peakpilates.hu\/en\/wp-json\/wp\/v2\/media\/28904"}],"wp:attachment":[{"href":"https:\/\/peakpilates.hu\/en\/wp-json\/wp\/v2\/media?parent=27917"}],"wp:term":[{"taxonomy":"product_brand","embeddable":true,"href":"https:\/\/peakpilates.hu\/en\/wp-json\/wp\/v2\/product_brand?post=27917"},{"taxonomy":"product_cat","embeddable":true,"href":"https:\/\/peakpilates.hu\/en\/wp-json\/wp\/v2\/product_cat?post=27917"},{"taxonomy":"product_tag","embeddable":true,"href":"https:\/\/peakpilates.hu\/en\/wp-json\/wp\/v2\/product_tag?post=27917"}],"curies":[{"name":"wp","href":"https:\/\/api.w.org\/{rel}","templated":true}]}}