{"id":27951,"date":"2025-05-28T09:13:13","date_gmt":"2025-05-28T09:13:13","guid":{"rendered":"https:\/\/infiniteq.org\/?post_type=product&#038;p=27951"},"modified":"2025-06-11T12:19:47","modified_gmt":"2025-06-11T12:19:47","slug":"klasszikus-atalakito-keszlet","status":"publish","type":"product","link":"https:\/\/peakpilates.hu\/en\/termekek\/pilates-kiegeszitok\/pantok-es-hevederek\/klasszikus-atalakito-keszlet\/","title":{"rendered":"Classic conversion kit"},"content":{"rendered":"<p>Classic conversion kit with new improvements. The classic conversion kit has now been enhanced with vegan straps, swivel handles, long spine straps, hardware and staples.<\/p>\n<p>TARTALMAZZA:<\/p>\n<p>Long spine extension straps<br \/>\nDouble-ended strap<br \/>\nLeg strap with double ring<br \/>\nSafety clamp<br \/>\nVegan rotating handles<\/p>","protected":false},"excerpt":{"rendered":"<p>Classic conversion kit with new improvements. The classic converter kit now with vegan straps, swivel handles, long spine straps, hardware and staples<\/p>","protected":false},"featured_media":29107,"comment_status":"open","ping_status":"closed","template":"","meta":[],"product_brand":[190],"product_cat":[207,185],"product_tag":[],"class_list":{"0":"post-27951","1":"product","2":"type-product","3":"status-publish","4":"has-post-thumbnail","6":"product_brand-peak-pilates","7":"product_cat-pantok-es-hevederek","8":"product_cat-pilates-kiegeszitok","10":"first","11":"instock","12":"shipping-taxable","13":"product-type-simple"},"yoast_head":"<!-- This site is optimized with the Yoast SEO plugin v26.7 - https:\/\/yoast.com\/wordpress\/plugins\/seo\/ -->\n<title>Klasszikus \u00e1talak\u00edt\u00f3 k\u00e9szlet | Peak Pilates | Sz\u00e9ps\u00e9g, funkci\u00f3 \u00e9s hagyom\u00e1ny<\/title>\n<meta name=\"robots\" content=\"index, follow, max-snippet:-1, max-image-preview:large, max-video-preview:-1\" \/>\n<link rel=\"canonical\" href=\"https:\/\/peakpilates.hu\/en\/termekek\/pilates-kiegeszitok\/pantok-es-hevederek\/klasszikus-atalakito-keszlet\/\" \/>\n<meta property=\"og:locale\" content=\"en_GB\" \/>\n<meta property=\"og:type\" content=\"article\" \/>\n<meta property=\"og:title\" content=\"Klasszikus \u00e1talak\u00edt\u00f3 k\u00e9szlet | Peak Pilates | Sz\u00e9ps\u00e9g, funkci\u00f3 \u00e9s hagyom\u00e1ny\" \/>\n<meta property=\"og:description\" content=\"Klasszikus \u00e1talak\u00edt\u00f3 k\u00e9szlet \u00faj fejleszt\u00e9sekkel. A klasszikus \u00e1talak\u00edt\u00f3 k\u00e9szlet most veg\u00e1n p\u00e1ntokkal, forg\u00f3 foganty\u00fakkal, hossz\u00fa gerinc\u0171 p\u00e1ntokkal, hardverrel \u00e9s kapcsokkal\" \/>\n<meta property=\"og:url\" content=\"https:\/\/peakpilates.hu\/en\/termekek\/pilates-kiegeszitok\/pantok-es-hevederek\/klasszikus-atalakito-keszlet\/\" \/>\n<meta property=\"og:site_name\" content=\"Peak Pilates\" \/>\n<meta property=\"article:modified_time\" content=\"2025-06-11T12:19:47+00:00\" \/>\n<meta property=\"og:image\" content=\"https:\/\/peakpilates.hu\/wp-content\/uploads\/2025\/05\/peakpilates.hu-klasszikus-atalakito-keszlet.webp\" \/>\n\t<meta property=\"og:image:width\" content=\"1100\" \/>\n\t<meta property=\"og:image:height\" content=\"1100\" \/>\n\t<meta property=\"og:image:type\" content=\"image\/webp\" \/>\n<meta name=\"twitter:card\" content=\"summary_large_image\" \/>\n<meta name=\"twitter:label1\" content=\"Estimated reading time\" \/>\n\t<meta name=\"twitter:data1\" content=\"1 minute\" \/>\n<script type=\"application\/ld+json\" class=\"yoast-schema-graph\">{\"@context\":\"https:\/\/schema.org\",\"@graph\":[{\"@type\":\"WebPage\",\"@id\":\"https:\/\/peakpilates.hu\/termekek\/pilates-kiegeszitok\/pantok-es-hevederek\/klasszikus-atalakito-keszlet\/\",\"url\":\"https:\/\/peakpilates.hu\/termekek\/pilates-kiegeszitok\/pantok-es-hevederek\/klasszikus-atalakito-keszlet\/\",\"name\":\"Klasszikus \u00e1talak\u00edt\u00f3 k\u00e9szlet | Peak Pilates | Sz\u00e9ps\u00e9g, funkci\u00f3 \u00e9s hagyom\u00e1ny\",\"isPartOf\":{\"@id\":\"https:\/\/peakpilates.hu\/#website\"},\"primaryImageOfPage\":{\"@id\":\"https:\/\/peakpilates.hu\/termekek\/pilates-kiegeszitok\/pantok-es-hevederek\/klasszikus-atalakito-keszlet\/#primaryimage\"},\"image\":{\"@id\":\"https:\/\/peakpilates.hu\/termekek\/pilates-kiegeszitok\/pantok-es-hevederek\/klasszikus-atalakito-keszlet\/#primaryimage\"},\"thumbnailUrl\":\"https:\/\/peakpilates.hu\/wp-content\/uploads\/2025\/05\/peakpilates.hu-klasszikus-atalakito-keszlet.webp\",\"datePublished\":\"2025-05-28T09:13:13+00:00\",\"dateModified\":\"2025-06-11T12:19:47+00:00\",\"breadcrumb\":{\"@id\":\"https:\/\/peakpilates.hu\/termekek\/pilates-kiegeszitok\/pantok-es-hevederek\/klasszikus-atalakito-keszlet\/#breadcrumb\"},\"inLanguage\":\"en-GB\",\"potentialAction\":[{\"@type\":\"ReadAction\",\"target\":[\"https:\/\/peakpilates.hu\/termekek\/pilates-kiegeszitok\/pantok-es-hevederek\/klasszikus-atalakito-keszlet\/\"]}]},{\"@type\":\"ImageObject\",\"inLanguage\":\"en-GB\",\"@id\":\"https:\/\/peakpilates.hu\/termekek\/pilates-kiegeszitok\/pantok-es-hevederek\/klasszikus-atalakito-keszlet\/#primaryimage\",\"url\":\"https:\/\/peakpilates.hu\/wp-content\/uploads\/2025\/05\/peakpilates.hu-klasszikus-atalakito-keszlet.webp\",\"contentUrl\":\"https:\/\/peakpilates.hu\/wp-content\/uploads\/2025\/05\/peakpilates.hu-klasszikus-atalakito-keszlet.webp\",\"width\":1100,\"height\":1100},{\"@type\":\"BreadcrumbList\",\"@id\":\"https:\/\/peakpilates.hu\/termekek\/pilates-kiegeszitok\/pantok-es-hevederek\/klasszikus-atalakito-keszlet\/#breadcrumb\",\"itemListElement\":[{\"@type\":\"ListItem\",\"position\":1,\"name\":\"Kezd\u0151oldal\",\"item\":\"https:\/\/peakpilates.hu\/\"},{\"@type\":\"ListItem\",\"position\":2,\"name\":\"Term\u00e9kek\",\"item\":\"https:\/\/peakpilates.hu\/termekek\/\"},{\"@type\":\"ListItem\",\"position\":3,\"name\":\"Klasszikus \u00e1talak\u00edt\u00f3 k\u00e9szlet\"}]},{\"@type\":\"WebSite\",\"@id\":\"https:\/\/peakpilates.hu\/#website\",\"url\":\"https:\/\/peakpilates.hu\/\",\"name\":\"Peak Pilates\",\"description\":\"Sz\u00e9ps\u00e9g, funkci\u00f3 \u00e9s hagyom\u00e1ny\",\"publisher\":{\"@id\":\"https:\/\/peakpilates.hu\/#organization\"},\"potentialAction\":[{\"@type\":\"SearchAction\",\"target\":{\"@type\":\"EntryPoint\",\"urlTemplate\":\"https:\/\/peakpilates.hu\/?s={search_term_string}\"},\"query-input\":{\"@type\":\"PropertyValueSpecification\",\"valueRequired\":true,\"valueName\":\"search_term_string\"}}],\"inLanguage\":\"en-GB\"},{\"@type\":\"Organization\",\"@id\":\"https:\/\/peakpilates.hu\/#organization\",\"name\":\"Peak Pilates\",\"url\":\"https:\/\/peakpilates.hu\/\",\"logo\":{\"@type\":\"ImageObject\",\"inLanguage\":\"en-GB\",\"@id\":\"https:\/\/peakpilates.hu\/#\/schema\/logo\/image\/\",\"url\":\"https:\/\/peakpilates.hu\/wp-content\/uploads\/2025\/05\/peakpilates.hu-site-icon.webp\",\"contentUrl\":\"https:\/\/peakpilates.hu\/wp-content\/uploads\/2025\/05\/peakpilates.hu-site-icon.webp\",\"width\":512,\"height\":512,\"caption\":\"Peak Pilates\"},\"image\":{\"@id\":\"https:\/\/peakpilates.hu\/#\/schema\/logo\/image\/\"}}]}<\/script>\n<!-- \/ Yoast SEO plugin. -->","yoast_head_json":{"title":"Klasszikus \u00e1talak\u00edt\u00f3 k\u00e9szlet | Peak Pilates | Sz\u00e9ps\u00e9g, funkci\u00f3 \u00e9s hagyom\u00e1ny","robots":{"index":"index","follow":"follow","max-snippet":"max-snippet:-1","max-image-preview":"max-image-preview:large","max-video-preview":"max-video-preview:-1"},"canonical":"https:\/\/peakpilates.hu\/en\/termekek\/pilates-kiegeszitok\/pantok-es-hevederek\/klasszikus-atalakito-keszlet\/","og_locale":"en_GB","og_type":"article","og_title":"Klasszikus \u00e1talak\u00edt\u00f3 k\u00e9szlet | Peak Pilates | Sz\u00e9ps\u00e9g, funkci\u00f3 \u00e9s hagyom\u00e1ny","og_description":"Klasszikus \u00e1talak\u00edt\u00f3 k\u00e9szlet \u00faj fejleszt\u00e9sekkel. A klasszikus \u00e1talak\u00edt\u00f3 k\u00e9szlet most veg\u00e1n p\u00e1ntokkal, forg\u00f3 foganty\u00fakkal, hossz\u00fa gerinc\u0171 p\u00e1ntokkal, hardverrel \u00e9s kapcsokkal","og_url":"https:\/\/peakpilates.hu\/en\/termekek\/pilates-kiegeszitok\/pantok-es-hevederek\/klasszikus-atalakito-keszlet\/","og_site_name":"Peak Pilates","article_modified_time":"2025-06-11T12:19:47+00:00","og_image":[{"width":1100,"height":1100,"url":"https:\/\/peakpilates.hu\/wp-content\/uploads\/2025\/05\/peakpilates.hu-klasszikus-atalakito-keszlet.webp","type":"image\/webp"}],"twitter_card":"summary_large_image","twitter_misc":{"Estimated reading time":"1 minute"},"schema":{"@context":"https:\/\/schema.org","@graph":[{"@type":"WebPage","@id":"https:\/\/peakpilates.hu\/termekek\/pilates-kiegeszitok\/pantok-es-hevederek\/klasszikus-atalakito-keszlet\/","url":"https:\/\/peakpilates.hu\/termekek\/pilates-kiegeszitok\/pantok-es-hevederek\/klasszikus-atalakito-keszlet\/","name":"Klasszikus \u00e1talak\u00edt\u00f3 k\u00e9szlet | Peak Pilates | Sz\u00e9ps\u00e9g, funkci\u00f3 \u00e9s hagyom\u00e1ny","isPartOf":{"@id":"https:\/\/peakpilates.hu\/#website"},"primaryImageOfPage":{"@id":"https:\/\/peakpilates.hu\/termekek\/pilates-kiegeszitok\/pantok-es-hevederek\/klasszikus-atalakito-keszlet\/#primaryimage"},"image":{"@id":"https:\/\/peakpilates.hu\/termekek\/pilates-kiegeszitok\/pantok-es-hevederek\/klasszikus-atalakito-keszlet\/#primaryimage"},"thumbnailUrl":"https:\/\/peakpilates.hu\/wp-content\/uploads\/2025\/05\/peakpilates.hu-klasszikus-atalakito-keszlet.webp","datePublished":"2025-05-28T09:13:13+00:00","dateModified":"2025-06-11T12:19:47+00:00","breadcrumb":{"@id":"https:\/\/peakpilates.hu\/termekek\/pilates-kiegeszitok\/pantok-es-hevederek\/klasszikus-atalakito-keszlet\/#breadcrumb"},"inLanguage":"en-GB","potentialAction":[{"@type":"ReadAction","target":["https:\/\/peakpilates.hu\/termekek\/pilates-kiegeszitok\/pantok-es-hevederek\/klasszikus-atalakito-keszlet\/"]}]},{"@type":"ImageObject","inLanguage":"en-GB","@id":"https:\/\/peakpilates.hu\/termekek\/pilates-kiegeszitok\/pantok-es-hevederek\/klasszikus-atalakito-keszlet\/#primaryimage","url":"https:\/\/peakpilates.hu\/wp-content\/uploads\/2025\/05\/peakpilates.hu-klasszikus-atalakito-keszlet.webp","contentUrl":"https:\/\/peakpilates.hu\/wp-content\/uploads\/2025\/05\/peakpilates.hu-klasszikus-atalakito-keszlet.webp","width":1100,"height":1100},{"@type":"BreadcrumbList","@id":"https:\/\/peakpilates.hu\/termekek\/pilates-kiegeszitok\/pantok-es-hevederek\/klasszikus-atalakito-keszlet\/#breadcrumb","itemListElement":[{"@type":"ListItem","position":1,"name":"Kezd\u0151oldal","item":"https:\/\/peakpilates.hu\/"},{"@type":"ListItem","position":2,"name":"Term\u00e9kek","item":"https:\/\/peakpilates.hu\/termekek\/"},{"@type":"ListItem","position":3,"name":"Klasszikus \u00e1talak\u00edt\u00f3 k\u00e9szlet"}]},{"@type":"WebSite","@id":"https:\/\/peakpilates.hu\/#website","url":"https:\/\/peakpilates.hu\/","name":"Peak Pilates","description":"Beauty, function and tradition","publisher":{"@id":"https:\/\/peakpilates.hu\/#organization"},"potentialAction":[{"@type":"SearchAction","target":{"@type":"EntryPoint","urlTemplate":"https:\/\/peakpilates.hu\/?s={search_term_string}"},"query-input":{"@type":"PropertyValueSpecification","valueRequired":true,"valueName":"search_term_string"}}],"inLanguage":"en-GB"},{"@type":"Organization","@id":"https:\/\/peakpilates.hu\/#organization","name":"Peak Pilates","url":"https:\/\/peakpilates.hu\/","logo":{"@type":"ImageObject","inLanguage":"en-GB","@id":"https:\/\/peakpilates.hu\/#\/schema\/logo\/image\/","url":"https:\/\/peakpilates.hu\/wp-content\/uploads\/2025\/05\/peakpilates.hu-site-icon.webp","contentUrl":"https:\/\/peakpilates.hu\/wp-content\/uploads\/2025\/05\/peakpilates.hu-site-icon.webp","width":512,"height":512,"caption":"Peak Pilates"},"image":{"@id":"https:\/\/peakpilates.hu\/#\/schema\/logo\/image\/"}}]}},"_links":{"self":[{"href":"https:\/\/peakpilates.hu\/en\/wp-json\/wp\/v2\/product\/27951","targetHints":{"allow":["GET"]}}],"collection":[{"href":"https:\/\/peakpilates.hu\/en\/wp-json\/wp\/v2\/product"}],"about":[{"href":"https:\/\/peakpilates.hu\/en\/wp-json\/wp\/v2\/types\/product"}],"replies":[{"embeddable":true,"href":"https:\/\/peakpilates.hu\/en\/wp-json\/wp\/v2\/comments?post=27951"}],"version-history":[{"count":0,"href":"https:\/\/peakpilates.hu\/en\/wp-json\/wp\/v2\/product\/27951\/revisions"}],"wp:featuredmedia":[{"embeddable":true,"href":"https:\/\/peakpilates.hu\/en\/wp-json\/wp\/v2\/media\/29107"}],"wp:attachment":[{"href":"https:\/\/peakpilates.hu\/en\/wp-json\/wp\/v2\/media?parent=27951"}],"wp:term":[{"taxonomy":"product_brand","embeddable":true,"href":"https:\/\/peakpilates.hu\/en\/wp-json\/wp\/v2\/product_brand?post=27951"},{"taxonomy":"product_cat","embeddable":true,"href":"https:\/\/peakpilates.hu\/en\/wp-json\/wp\/v2\/product_cat?post=27951"},{"taxonomy":"product_tag","embeddable":true,"href":"https:\/\/peakpilates.hu\/en\/wp-json\/wp\/v2\/product_tag?post=27951"}],"curies":[{"name":"wp","href":"https:\/\/api.w.org\/{rel}","templated":true}]}}