{"id":27988,"date":"2025-05-28T09:42:22","date_gmt":"2025-05-28T09:42:22","guid":{"rendered":"https:\/\/infiniteq.org\/?post_type=product&#038;p=27988"},"modified":"2025-06-11T12:18:31","modified_gmt":"2025-06-11T12:18:31","slug":"premium-bor-elsodleges-szijak","status":"publish","type":"product","link":"https:\/\/peakpilates.hu\/en\/termekek\/pilates-kiegeszitok\/pantok-es-hevederek\/premium-bor-elsodleges-szijak\/","title":{"rendered":"Premium leather primary straps"},"content":{"rendered":"<p>Pre-stretched, robust and fully adjustable. Available in pairs. Without handles.<\/p>\n<p>Note: stretching of leather goods during use is a normal phenomenon. Our straps are pre-stretched to reduce initial stretching, but it should be noted that straps may stretch during use.<\/p>","protected":false},"excerpt":{"rendered":"<p>Pre-stretched, robust and fully adjustable. Available in pairs. Without handles. Note: stretching of leather goods during use is a normal phenomenon. Our straps are pre-tensioned<\/p>","protected":false},"featured_media":29130,"comment_status":"open","ping_status":"closed","template":"","meta":[],"product_brand":[190],"product_cat":[207],"product_tag":[],"class_list":{"0":"post-27988","1":"product","2":"type-product","3":"status-publish","4":"has-post-thumbnail","6":"product_brand-peak-pilates","7":"product_cat-pantok-es-hevederek","9":"first","10":"instock","11":"shipping-taxable","12":"product-type-simple"},"yoast_head":"<!-- This site is optimized with the Yoast SEO plugin v26.7 - https:\/\/yoast.com\/wordpress\/plugins\/seo\/ -->\n<title>Pr\u00e9mium b\u0151r els\u0151dleges sz\u00edjak | Peak Pilates | Sz\u00e9ps\u00e9g, funkci\u00f3 \u00e9s hagyom\u00e1ny<\/title>\n<meta name=\"robots\" content=\"index, follow, max-snippet:-1, max-image-preview:large, max-video-preview:-1\" \/>\n<link rel=\"canonical\" href=\"https:\/\/peakpilates.hu\/en\/termekek\/pilates-kiegeszitok\/pantok-es-hevederek\/premium-bor-elsodleges-szijak\/\" \/>\n<meta property=\"og:locale\" content=\"en_GB\" \/>\n<meta property=\"og:type\" content=\"article\" \/>\n<meta property=\"og:title\" content=\"Pr\u00e9mium b\u0151r els\u0151dleges sz\u00edjak | Peak Pilates | Sz\u00e9ps\u00e9g, funkci\u00f3 \u00e9s hagyom\u00e1ny\" \/>\n<meta property=\"og:description\" content=\"El\u0151re fesz\u00edtett, massz\u00edv \u00e9s teljesen \u00e1ll\u00edthat\u00f3. P\u00e1rban kaphat\u00f3. Foganty\u00fak n\u00e9lk\u00fcl. Megjegyz\u00e9s: A b\u0151r\u00e1ruk haszn\u00e1lat k\u00f6zbeni megny\u00fal\u00e1sa norm\u00e1lis jelens\u00e9g. P\u00e1ntjaink el\u0151re\" \/>\n<meta property=\"og:url\" content=\"https:\/\/peakpilates.hu\/en\/termekek\/pilates-kiegeszitok\/pantok-es-hevederek\/premium-bor-elsodleges-szijak\/\" \/>\n<meta property=\"og:site_name\" content=\"Peak Pilates\" \/>\n<meta property=\"article:modified_time\" content=\"2025-06-11T12:18:31+00:00\" \/>\n<meta property=\"og:image\" content=\"https:\/\/peakpilates.hu\/wp-content\/uploads\/2025\/05\/peakpilates.hu-premium-bor-szijak.webp\" \/>\n\t<meta property=\"og:image:width\" content=\"1100\" \/>\n\t<meta property=\"og:image:height\" content=\"1100\" \/>\n\t<meta property=\"og:image:type\" content=\"image\/webp\" \/>\n<meta name=\"twitter:card\" content=\"summary_large_image\" \/>\n<meta name=\"twitter:label1\" content=\"Estimated reading time\" \/>\n\t<meta name=\"twitter:data1\" content=\"1 minute\" \/>\n<script type=\"application\/ld+json\" class=\"yoast-schema-graph\">{\"@context\":\"https:\/\/schema.org\",\"@graph\":[{\"@type\":\"WebPage\",\"@id\":\"https:\/\/peakpilates.hu\/termekek\/pilates-kiegeszitok\/pantok-es-hevederek\/premium-bor-elsodleges-szijak\/\",\"url\":\"https:\/\/peakpilates.hu\/termekek\/pilates-kiegeszitok\/pantok-es-hevederek\/premium-bor-elsodleges-szijak\/\",\"name\":\"Pr\u00e9mium b\u0151r els\u0151dleges sz\u00edjak | Peak Pilates | Sz\u00e9ps\u00e9g, funkci\u00f3 \u00e9s hagyom\u00e1ny\",\"isPartOf\":{\"@id\":\"https:\/\/peakpilates.hu\/#website\"},\"primaryImageOfPage\":{\"@id\":\"https:\/\/peakpilates.hu\/termekek\/pilates-kiegeszitok\/pantok-es-hevederek\/premium-bor-elsodleges-szijak\/#primaryimage\"},\"image\":{\"@id\":\"https:\/\/peakpilates.hu\/termekek\/pilates-kiegeszitok\/pantok-es-hevederek\/premium-bor-elsodleges-szijak\/#primaryimage\"},\"thumbnailUrl\":\"https:\/\/peakpilates.hu\/wp-content\/uploads\/2025\/05\/peakpilates.hu-premium-bor-szijak.webp\",\"datePublished\":\"2025-05-28T09:42:22+00:00\",\"dateModified\":\"2025-06-11T12:18:31+00:00\",\"breadcrumb\":{\"@id\":\"https:\/\/peakpilates.hu\/termekek\/pilates-kiegeszitok\/pantok-es-hevederek\/premium-bor-elsodleges-szijak\/#breadcrumb\"},\"inLanguage\":\"en-GB\",\"potentialAction\":[{\"@type\":\"ReadAction\",\"target\":[\"https:\/\/peakpilates.hu\/termekek\/pilates-kiegeszitok\/pantok-es-hevederek\/premium-bor-elsodleges-szijak\/\"]}]},{\"@type\":\"ImageObject\",\"inLanguage\":\"en-GB\",\"@id\":\"https:\/\/peakpilates.hu\/termekek\/pilates-kiegeszitok\/pantok-es-hevederek\/premium-bor-elsodleges-szijak\/#primaryimage\",\"url\":\"https:\/\/peakpilates.hu\/wp-content\/uploads\/2025\/05\/peakpilates.hu-premium-bor-szijak.webp\",\"contentUrl\":\"https:\/\/peakpilates.hu\/wp-content\/uploads\/2025\/05\/peakpilates.hu-premium-bor-szijak.webp\",\"width\":1100,\"height\":1100},{\"@type\":\"BreadcrumbList\",\"@id\":\"https:\/\/peakpilates.hu\/termekek\/pilates-kiegeszitok\/pantok-es-hevederek\/premium-bor-elsodleges-szijak\/#breadcrumb\",\"itemListElement\":[{\"@type\":\"ListItem\",\"position\":1,\"name\":\"Kezd\u0151oldal\",\"item\":\"https:\/\/peakpilates.hu\/\"},{\"@type\":\"ListItem\",\"position\":2,\"name\":\"Term\u00e9kek\",\"item\":\"https:\/\/peakpilates.hu\/termekek\/\"},{\"@type\":\"ListItem\",\"position\":3,\"name\":\"Pr\u00e9mium b\u0151r els\u0151dleges sz\u00edjak\"}]},{\"@type\":\"WebSite\",\"@id\":\"https:\/\/peakpilates.hu\/#website\",\"url\":\"https:\/\/peakpilates.hu\/\",\"name\":\"Peak Pilates\",\"description\":\"Sz\u00e9ps\u00e9g, funkci\u00f3 \u00e9s hagyom\u00e1ny\",\"publisher\":{\"@id\":\"https:\/\/peakpilates.hu\/#organization\"},\"potentialAction\":[{\"@type\":\"SearchAction\",\"target\":{\"@type\":\"EntryPoint\",\"urlTemplate\":\"https:\/\/peakpilates.hu\/?s={search_term_string}\"},\"query-input\":{\"@type\":\"PropertyValueSpecification\",\"valueRequired\":true,\"valueName\":\"search_term_string\"}}],\"inLanguage\":\"en-GB\"},{\"@type\":\"Organization\",\"@id\":\"https:\/\/peakpilates.hu\/#organization\",\"name\":\"Peak Pilates\",\"url\":\"https:\/\/peakpilates.hu\/\",\"logo\":{\"@type\":\"ImageObject\",\"inLanguage\":\"en-GB\",\"@id\":\"https:\/\/peakpilates.hu\/#\/schema\/logo\/image\/\",\"url\":\"https:\/\/peakpilates.hu\/wp-content\/uploads\/2025\/05\/peakpilates.hu-site-icon.webp\",\"contentUrl\":\"https:\/\/peakpilates.hu\/wp-content\/uploads\/2025\/05\/peakpilates.hu-site-icon.webp\",\"width\":512,\"height\":512,\"caption\":\"Peak Pilates\"},\"image\":{\"@id\":\"https:\/\/peakpilates.hu\/#\/schema\/logo\/image\/\"}}]}<\/script>\n<!-- \/ Yoast SEO plugin. -->","yoast_head_json":{"title":"Pr\u00e9mium b\u0151r els\u0151dleges sz\u00edjak | Peak Pilates | Sz\u00e9ps\u00e9g, funkci\u00f3 \u00e9s hagyom\u00e1ny","robots":{"index":"index","follow":"follow","max-snippet":"max-snippet:-1","max-image-preview":"max-image-preview:large","max-video-preview":"max-video-preview:-1"},"canonical":"https:\/\/peakpilates.hu\/en\/termekek\/pilates-kiegeszitok\/pantok-es-hevederek\/premium-bor-elsodleges-szijak\/","og_locale":"en_GB","og_type":"article","og_title":"Pr\u00e9mium b\u0151r els\u0151dleges sz\u00edjak | Peak Pilates | Sz\u00e9ps\u00e9g, funkci\u00f3 \u00e9s hagyom\u00e1ny","og_description":"El\u0151re fesz\u00edtett, massz\u00edv \u00e9s teljesen \u00e1ll\u00edthat\u00f3. P\u00e1rban kaphat\u00f3. Foganty\u00fak n\u00e9lk\u00fcl. Megjegyz\u00e9s: A b\u0151r\u00e1ruk haszn\u00e1lat k\u00f6zbeni megny\u00fal\u00e1sa norm\u00e1lis jelens\u00e9g. P\u00e1ntjaink el\u0151re","og_url":"https:\/\/peakpilates.hu\/en\/termekek\/pilates-kiegeszitok\/pantok-es-hevederek\/premium-bor-elsodleges-szijak\/","og_site_name":"Peak Pilates","article_modified_time":"2025-06-11T12:18:31+00:00","og_image":[{"width":1100,"height":1100,"url":"https:\/\/peakpilates.hu\/wp-content\/uploads\/2025\/05\/peakpilates.hu-premium-bor-szijak.webp","type":"image\/webp"}],"twitter_card":"summary_large_image","twitter_misc":{"Estimated reading time":"1 minute"},"schema":{"@context":"https:\/\/schema.org","@graph":[{"@type":"WebPage","@id":"https:\/\/peakpilates.hu\/termekek\/pilates-kiegeszitok\/pantok-es-hevederek\/premium-bor-elsodleges-szijak\/","url":"https:\/\/peakpilates.hu\/termekek\/pilates-kiegeszitok\/pantok-es-hevederek\/premium-bor-elsodleges-szijak\/","name":"Pr\u00e9mium b\u0151r els\u0151dleges sz\u00edjak | Peak Pilates | Sz\u00e9ps\u00e9g, funkci\u00f3 \u00e9s hagyom\u00e1ny","isPartOf":{"@id":"https:\/\/peakpilates.hu\/#website"},"primaryImageOfPage":{"@id":"https:\/\/peakpilates.hu\/termekek\/pilates-kiegeszitok\/pantok-es-hevederek\/premium-bor-elsodleges-szijak\/#primaryimage"},"image":{"@id":"https:\/\/peakpilates.hu\/termekek\/pilates-kiegeszitok\/pantok-es-hevederek\/premium-bor-elsodleges-szijak\/#primaryimage"},"thumbnailUrl":"https:\/\/peakpilates.hu\/wp-content\/uploads\/2025\/05\/peakpilates.hu-premium-bor-szijak.webp","datePublished":"2025-05-28T09:42:22+00:00","dateModified":"2025-06-11T12:18:31+00:00","breadcrumb":{"@id":"https:\/\/peakpilates.hu\/termekek\/pilates-kiegeszitok\/pantok-es-hevederek\/premium-bor-elsodleges-szijak\/#breadcrumb"},"inLanguage":"en-GB","potentialAction":[{"@type":"ReadAction","target":["https:\/\/peakpilates.hu\/termekek\/pilates-kiegeszitok\/pantok-es-hevederek\/premium-bor-elsodleges-szijak\/"]}]},{"@type":"ImageObject","inLanguage":"en-GB","@id":"https:\/\/peakpilates.hu\/termekek\/pilates-kiegeszitok\/pantok-es-hevederek\/premium-bor-elsodleges-szijak\/#primaryimage","url":"https:\/\/peakpilates.hu\/wp-content\/uploads\/2025\/05\/peakpilates.hu-premium-bor-szijak.webp","contentUrl":"https:\/\/peakpilates.hu\/wp-content\/uploads\/2025\/05\/peakpilates.hu-premium-bor-szijak.webp","width":1100,"height":1100},{"@type":"BreadcrumbList","@id":"https:\/\/peakpilates.hu\/termekek\/pilates-kiegeszitok\/pantok-es-hevederek\/premium-bor-elsodleges-szijak\/#breadcrumb","itemListElement":[{"@type":"ListItem","position":1,"name":"Kezd\u0151oldal","item":"https:\/\/peakpilates.hu\/"},{"@type":"ListItem","position":2,"name":"Term\u00e9kek","item":"https:\/\/peakpilates.hu\/termekek\/"},{"@type":"ListItem","position":3,"name":"Pr\u00e9mium b\u0151r els\u0151dleges sz\u00edjak"}]},{"@type":"WebSite","@id":"https:\/\/peakpilates.hu\/#website","url":"https:\/\/peakpilates.hu\/","name":"Peak Pilates","description":"Beauty, function and tradition","publisher":{"@id":"https:\/\/peakpilates.hu\/#organization"},"potentialAction":[{"@type":"SearchAction","target":{"@type":"EntryPoint","urlTemplate":"https:\/\/peakpilates.hu\/?s={search_term_string}"},"query-input":{"@type":"PropertyValueSpecification","valueRequired":true,"valueName":"search_term_string"}}],"inLanguage":"en-GB"},{"@type":"Organization","@id":"https:\/\/peakpilates.hu\/#organization","name":"Peak Pilates","url":"https:\/\/peakpilates.hu\/","logo":{"@type":"ImageObject","inLanguage":"en-GB","@id":"https:\/\/peakpilates.hu\/#\/schema\/logo\/image\/","url":"https:\/\/peakpilates.hu\/wp-content\/uploads\/2025\/05\/peakpilates.hu-site-icon.webp","contentUrl":"https:\/\/peakpilates.hu\/wp-content\/uploads\/2025\/05\/peakpilates.hu-site-icon.webp","width":512,"height":512,"caption":"Peak Pilates"},"image":{"@id":"https:\/\/peakpilates.hu\/#\/schema\/logo\/image\/"}}]}},"_links":{"self":[{"href":"https:\/\/peakpilates.hu\/en\/wp-json\/wp\/v2\/product\/27988","targetHints":{"allow":["GET"]}}],"collection":[{"href":"https:\/\/peakpilates.hu\/en\/wp-json\/wp\/v2\/product"}],"about":[{"href":"https:\/\/peakpilates.hu\/en\/wp-json\/wp\/v2\/types\/product"}],"replies":[{"embeddable":true,"href":"https:\/\/peakpilates.hu\/en\/wp-json\/wp\/v2\/comments?post=27988"}],"version-history":[{"count":0,"href":"https:\/\/peakpilates.hu\/en\/wp-json\/wp\/v2\/product\/27988\/revisions"}],"wp:featuredmedia":[{"embeddable":true,"href":"https:\/\/peakpilates.hu\/en\/wp-json\/wp\/v2\/media\/29130"}],"wp:attachment":[{"href":"https:\/\/peakpilates.hu\/en\/wp-json\/wp\/v2\/media?parent=27988"}],"wp:term":[{"taxonomy":"product_brand","embeddable":true,"href":"https:\/\/peakpilates.hu\/en\/wp-json\/wp\/v2\/product_brand?post=27988"},{"taxonomy":"product_cat","embeddable":true,"href":"https:\/\/peakpilates.hu\/en\/wp-json\/wp\/v2\/product_cat?post=27988"},{"taxonomy":"product_tag","embeddable":true,"href":"https:\/\/peakpilates.hu\/en\/wp-json\/wp\/v2\/product_tag?post=27988"}],"curies":[{"name":"wp","href":"https:\/\/api.w.org\/{rel}","templated":true}]}}