{"id":28057,"date":"2025-05-28T10:50:04","date_gmt":"2025-05-28T10:50:04","guid":{"rendered":"https:\/\/infiniteq.org\/?post_type=product&#038;p=28057"},"modified":"2025-06-11T12:00:49","modified_gmt":"2025-06-11T12:00:49","slug":"artistry-fws-kotellel-bukk-fekete","status":"publish","type":"product","link":"https:\/\/peakpilates.hu\/en\/termekek\/toronyrendszerek\/fa-toronyrendszerek\/artistry-fws-kotellel-bukk-fekete\/","title":{"rendered":"Artistry\u2122 FWS with rope - Beech, Black"},"content":{"rendered":"<p>It is ideal for the rehabilitation market, with maximum versatility and extended practice options for a complete integrated workout that includes much of the traditional Cadillac repertoire, as well as other functional training exercises.<\/p>\n<p>This tower offers maximum versatility with expanded practice options for a complete integrated workout that includes much of the traditional Cadillac repertoire, as well as other functional training exercises. These options make the FWS ideal for the rehabilitation market. The new tower is made from a proprietary aluminum extrusion and soft contour frame, allowing for simultaneous use on both the front and back.<\/p>\n<p>FEATURES:<\/p>\n<p>Four internal and four external sliding adjustment holes for quick and accurate spring adjustment for all users<br \/>\nThree rotating push-through levers allow for a custom fit<br \/>\nNew four-position contoured footrest with innovative locking mechanism that provides security for the user without interrupting the flow<br \/>\nThe wood panels of the tower match the reformer<br \/>\nThe trolley is equipped with a tilting mechanism to allow switching to the tower or twin carpet system<br \/>\nPatented spring retainer is rubberized and contoured for smooth spring changes and reduced noise<br \/>\nFixed car bumper<br \/>\nAvailable in oak or beech with black upholstery<\/p>\n<p>REFORMER ACCESSORIES:<\/p>\n<p>2 gearbox blocks and gearbox block holder<br \/>\nDouble loops (pair)<br \/>\nRope and lifting package (rotating rope pair and adjustable lifting pair, neoprene handle pair)<br \/>\nStandard long\/short box (24 cm (M) x 41 cm (W) x 70 cm (H))<br \/>\nFootrest with safety clips<br \/>\nFixed car bumper<br \/>\nBelt tensioner set (1 heavy, 2 standard, 2 light)<\/p>\n<p>THE ACCESSORIES OF THE TOWER:<\/p>\n<p>6 spring system (2 compression springs, 2 leg springs, 2 arm springs)<br \/>\nArtistry\u00ae twin mattresses<br \/>\nRetractable rod<br \/>\nMetal push rod<br \/>\nFootrests (pair)<br \/>\nSafety straps<\/p>","protected":false},"excerpt":{"rendered":"<p>Ideal for the rehabilitation market, with maximum versatility and extended practical options for a complete integrated workout that includes traditional<\/p>","protected":false},"featured_media":29065,"comment_status":"open","ping_status":"closed","template":"","meta":[],"product_brand":[190],"product_cat":[201],"product_tag":[],"class_list":{"0":"post-28057","1":"product","2":"type-product","3":"status-publish","4":"has-post-thumbnail","6":"product_brand-peak-pilates","7":"product_cat-fa-toronyrendszerek","9":"first","10":"instock","11":"shipping-taxable","12":"product-type-simple"},"yoast_head":"<!-- This site is optimized with the Yoast SEO plugin v26.7 - https:\/\/yoast.com\/wordpress\/plugins\/seo\/ -->\n<title>Artistry\u2122 FWS k\u00f6t\u00e9llel - B\u00fckk, Fekete | Peak Pilates | Sz\u00e9ps\u00e9g, funkci\u00f3 \u00e9s hagyom\u00e1ny<\/title>\n<meta name=\"robots\" content=\"index, follow, max-snippet:-1, max-image-preview:large, max-video-preview:-1\" \/>\n<link rel=\"canonical\" href=\"https:\/\/peakpilates.hu\/en\/termekek\/toronyrendszerek\/fa-toronyrendszerek\/artistry-fws-kotellel-bukk-fekete\/\" \/>\n<meta property=\"og:locale\" content=\"en_GB\" \/>\n<meta property=\"og:type\" content=\"article\" \/>\n<meta property=\"og:title\" content=\"Artistry\u2122 FWS k\u00f6t\u00e9llel - B\u00fckk, Fekete | Peak Pilates | Sz\u00e9ps\u00e9g, funkci\u00f3 \u00e9s hagyom\u00e1ny\" \/>\n<meta property=\"og:description\" content=\"Ide\u00e1lis a rehabilit\u00e1ci\u00f3s piac sz\u00e1m\u00e1ra, maxim\u00e1lis sokoldal\u00fas\u00e1ggal \u00e9s kib\u0151v\u00edtett gyakorlati lehet\u0151s\u00e9gekkel egy teljes integr\u00e1lt edz\u00e9shez, amely mag\u00e1ban foglalja a hagyom\u00e1nyos\" \/>\n<meta property=\"og:url\" content=\"https:\/\/peakpilates.hu\/en\/termekek\/toronyrendszerek\/fa-toronyrendszerek\/artistry-fws-kotellel-bukk-fekete\/\" \/>\n<meta property=\"og:site_name\" content=\"Peak Pilates\" \/>\n<meta property=\"article:modified_time\" content=\"2025-06-11T12:00:49+00:00\" \/>\n<meta property=\"og:image\" content=\"https:\/\/peakpilates.hu\/wp-content\/uploads\/2025\/05\/peakpilates.hu-fa-toronyrendszer.webp\" \/>\n\t<meta property=\"og:image:width\" content=\"1100\" \/>\n\t<meta property=\"og:image:height\" content=\"1100\" \/>\n\t<meta property=\"og:image:type\" content=\"image\/webp\" \/>\n<meta name=\"twitter:card\" content=\"summary_large_image\" \/>\n<meta name=\"twitter:label1\" content=\"Estimated reading time\" \/>\n\t<meta name=\"twitter:data1\" content=\"2 minutes\" \/>\n<script type=\"application\/ld+json\" class=\"yoast-schema-graph\">{\"@context\":\"https:\/\/schema.org\",\"@graph\":[{\"@type\":\"WebPage\",\"@id\":\"https:\/\/peakpilates.hu\/termekek\/toronyrendszerek\/fa-toronyrendszerek\/artistry-fws-kotellel-bukk-fekete\/\",\"url\":\"https:\/\/peakpilates.hu\/termekek\/toronyrendszerek\/fa-toronyrendszerek\/artistry-fws-kotellel-bukk-fekete\/\",\"name\":\"Artistry\u2122 FWS k\u00f6t\u00e9llel - B\u00fckk, Fekete | Peak Pilates | Sz\u00e9ps\u00e9g, funkci\u00f3 \u00e9s hagyom\u00e1ny\",\"isPartOf\":{\"@id\":\"https:\/\/peakpilates.hu\/#website\"},\"primaryImageOfPage\":{\"@id\":\"https:\/\/peakpilates.hu\/termekek\/toronyrendszerek\/fa-toronyrendszerek\/artistry-fws-kotellel-bukk-fekete\/#primaryimage\"},\"image\":{\"@id\":\"https:\/\/peakpilates.hu\/termekek\/toronyrendszerek\/fa-toronyrendszerek\/artistry-fws-kotellel-bukk-fekete\/#primaryimage\"},\"thumbnailUrl\":\"https:\/\/peakpilates.hu\/wp-content\/uploads\/2025\/05\/peakpilates.hu-fa-toronyrendszer.webp\",\"datePublished\":\"2025-05-28T10:50:04+00:00\",\"dateModified\":\"2025-06-11T12:00:49+00:00\",\"breadcrumb\":{\"@id\":\"https:\/\/peakpilates.hu\/termekek\/toronyrendszerek\/fa-toronyrendszerek\/artistry-fws-kotellel-bukk-fekete\/#breadcrumb\"},\"inLanguage\":\"en-GB\",\"potentialAction\":[{\"@type\":\"ReadAction\",\"target\":[\"https:\/\/peakpilates.hu\/termekek\/toronyrendszerek\/fa-toronyrendszerek\/artistry-fws-kotellel-bukk-fekete\/\"]}]},{\"@type\":\"ImageObject\",\"inLanguage\":\"en-GB\",\"@id\":\"https:\/\/peakpilates.hu\/termekek\/toronyrendszerek\/fa-toronyrendszerek\/artistry-fws-kotellel-bukk-fekete\/#primaryimage\",\"url\":\"https:\/\/peakpilates.hu\/wp-content\/uploads\/2025\/05\/peakpilates.hu-fa-toronyrendszer.webp\",\"contentUrl\":\"https:\/\/peakpilates.hu\/wp-content\/uploads\/2025\/05\/peakpilates.hu-fa-toronyrendszer.webp\",\"width\":1100,\"height\":1100},{\"@type\":\"BreadcrumbList\",\"@id\":\"https:\/\/peakpilates.hu\/termekek\/toronyrendszerek\/fa-toronyrendszerek\/artistry-fws-kotellel-bukk-fekete\/#breadcrumb\",\"itemListElement\":[{\"@type\":\"ListItem\",\"position\":1,\"name\":\"Kezd\u0151oldal\",\"item\":\"https:\/\/peakpilates.hu\/\"},{\"@type\":\"ListItem\",\"position\":2,\"name\":\"Term\u00e9kek\",\"item\":\"https:\/\/peakpilates.hu\/termekek\/\"},{\"@type\":\"ListItem\",\"position\":3,\"name\":\"Artistry\u2122 FWS k\u00f6t\u00e9llel &#8211; B\u00fckk, Fekete\"}]},{\"@type\":\"WebSite\",\"@id\":\"https:\/\/peakpilates.hu\/#website\",\"url\":\"https:\/\/peakpilates.hu\/\",\"name\":\"Peak Pilates\",\"description\":\"Sz\u00e9ps\u00e9g, funkci\u00f3 \u00e9s hagyom\u00e1ny\",\"publisher\":{\"@id\":\"https:\/\/peakpilates.hu\/#organization\"},\"potentialAction\":[{\"@type\":\"SearchAction\",\"target\":{\"@type\":\"EntryPoint\",\"urlTemplate\":\"https:\/\/peakpilates.hu\/?s={search_term_string}\"},\"query-input\":{\"@type\":\"PropertyValueSpecification\",\"valueRequired\":true,\"valueName\":\"search_term_string\"}}],\"inLanguage\":\"en-GB\"},{\"@type\":\"Organization\",\"@id\":\"https:\/\/peakpilates.hu\/#organization\",\"name\":\"Peak Pilates\",\"url\":\"https:\/\/peakpilates.hu\/\",\"logo\":{\"@type\":\"ImageObject\",\"inLanguage\":\"en-GB\",\"@id\":\"https:\/\/peakpilates.hu\/#\/schema\/logo\/image\/\",\"url\":\"https:\/\/peakpilates.hu\/wp-content\/uploads\/2025\/05\/peakpilates.hu-site-icon.webp\",\"contentUrl\":\"https:\/\/peakpilates.hu\/wp-content\/uploads\/2025\/05\/peakpilates.hu-site-icon.webp\",\"width\":512,\"height\":512,\"caption\":\"Peak Pilates\"},\"image\":{\"@id\":\"https:\/\/peakpilates.hu\/#\/schema\/logo\/image\/\"}}]}<\/script>\n<!-- \/ Yoast SEO plugin. -->","yoast_head_json":{"title":"Artistry\u2122 FWS k\u00f6t\u00e9llel - B\u00fckk, Fekete | Peak Pilates | Sz\u00e9ps\u00e9g, funkci\u00f3 \u00e9s hagyom\u00e1ny","robots":{"index":"index","follow":"follow","max-snippet":"max-snippet:-1","max-image-preview":"max-image-preview:large","max-video-preview":"max-video-preview:-1"},"canonical":"https:\/\/peakpilates.hu\/en\/termekek\/toronyrendszerek\/fa-toronyrendszerek\/artistry-fws-kotellel-bukk-fekete\/","og_locale":"en_GB","og_type":"article","og_title":"Artistry\u2122 FWS k\u00f6t\u00e9llel - B\u00fckk, Fekete | Peak Pilates | Sz\u00e9ps\u00e9g, funkci\u00f3 \u00e9s hagyom\u00e1ny","og_description":"Ide\u00e1lis a rehabilit\u00e1ci\u00f3s piac sz\u00e1m\u00e1ra, maxim\u00e1lis sokoldal\u00fas\u00e1ggal \u00e9s kib\u0151v\u00edtett gyakorlati lehet\u0151s\u00e9gekkel egy teljes integr\u00e1lt edz\u00e9shez, amely mag\u00e1ban foglalja a hagyom\u00e1nyos","og_url":"https:\/\/peakpilates.hu\/en\/termekek\/toronyrendszerek\/fa-toronyrendszerek\/artistry-fws-kotellel-bukk-fekete\/","og_site_name":"Peak Pilates","article_modified_time":"2025-06-11T12:00:49+00:00","og_image":[{"width":1100,"height":1100,"url":"https:\/\/peakpilates.hu\/wp-content\/uploads\/2025\/05\/peakpilates.hu-fa-toronyrendszer.webp","type":"image\/webp"}],"twitter_card":"summary_large_image","twitter_misc":{"Estimated reading time":"2 minutes"},"schema":{"@context":"https:\/\/schema.org","@graph":[{"@type":"WebPage","@id":"https:\/\/peakpilates.hu\/termekek\/toronyrendszerek\/fa-toronyrendszerek\/artistry-fws-kotellel-bukk-fekete\/","url":"https:\/\/peakpilates.hu\/termekek\/toronyrendszerek\/fa-toronyrendszerek\/artistry-fws-kotellel-bukk-fekete\/","name":"Artistry\u2122 FWS k\u00f6t\u00e9llel - B\u00fckk, Fekete | Peak Pilates | Sz\u00e9ps\u00e9g, funkci\u00f3 \u00e9s hagyom\u00e1ny","isPartOf":{"@id":"https:\/\/peakpilates.hu\/#website"},"primaryImageOfPage":{"@id":"https:\/\/peakpilates.hu\/termekek\/toronyrendszerek\/fa-toronyrendszerek\/artistry-fws-kotellel-bukk-fekete\/#primaryimage"},"image":{"@id":"https:\/\/peakpilates.hu\/termekek\/toronyrendszerek\/fa-toronyrendszerek\/artistry-fws-kotellel-bukk-fekete\/#primaryimage"},"thumbnailUrl":"https:\/\/peakpilates.hu\/wp-content\/uploads\/2025\/05\/peakpilates.hu-fa-toronyrendszer.webp","datePublished":"2025-05-28T10:50:04+00:00","dateModified":"2025-06-11T12:00:49+00:00","breadcrumb":{"@id":"https:\/\/peakpilates.hu\/termekek\/toronyrendszerek\/fa-toronyrendszerek\/artistry-fws-kotellel-bukk-fekete\/#breadcrumb"},"inLanguage":"en-GB","potentialAction":[{"@type":"ReadAction","target":["https:\/\/peakpilates.hu\/termekek\/toronyrendszerek\/fa-toronyrendszerek\/artistry-fws-kotellel-bukk-fekete\/"]}]},{"@type":"ImageObject","inLanguage":"en-GB","@id":"https:\/\/peakpilates.hu\/termekek\/toronyrendszerek\/fa-toronyrendszerek\/artistry-fws-kotellel-bukk-fekete\/#primaryimage","url":"https:\/\/peakpilates.hu\/wp-content\/uploads\/2025\/05\/peakpilates.hu-fa-toronyrendszer.webp","contentUrl":"https:\/\/peakpilates.hu\/wp-content\/uploads\/2025\/05\/peakpilates.hu-fa-toronyrendszer.webp","width":1100,"height":1100},{"@type":"BreadcrumbList","@id":"https:\/\/peakpilates.hu\/termekek\/toronyrendszerek\/fa-toronyrendszerek\/artistry-fws-kotellel-bukk-fekete\/#breadcrumb","itemListElement":[{"@type":"ListItem","position":1,"name":"Kezd\u0151oldal","item":"https:\/\/peakpilates.hu\/"},{"@type":"ListItem","position":2,"name":"Term\u00e9kek","item":"https:\/\/peakpilates.hu\/termekek\/"},{"@type":"ListItem","position":3,"name":"Artistry\u2122 FWS k\u00f6t\u00e9llel &#8211; B\u00fckk, Fekete"}]},{"@type":"WebSite","@id":"https:\/\/peakpilates.hu\/#website","url":"https:\/\/peakpilates.hu\/","name":"Peak Pilates","description":"Beauty, function and tradition","publisher":{"@id":"https:\/\/peakpilates.hu\/#organization"},"potentialAction":[{"@type":"SearchAction","target":{"@type":"EntryPoint","urlTemplate":"https:\/\/peakpilates.hu\/?s={search_term_string}"},"query-input":{"@type":"PropertyValueSpecification","valueRequired":true,"valueName":"search_term_string"}}],"inLanguage":"en-GB"},{"@type":"Organization","@id":"https:\/\/peakpilates.hu\/#organization","name":"Peak Pilates","url":"https:\/\/peakpilates.hu\/","logo":{"@type":"ImageObject","inLanguage":"en-GB","@id":"https:\/\/peakpilates.hu\/#\/schema\/logo\/image\/","url":"https:\/\/peakpilates.hu\/wp-content\/uploads\/2025\/05\/peakpilates.hu-site-icon.webp","contentUrl":"https:\/\/peakpilates.hu\/wp-content\/uploads\/2025\/05\/peakpilates.hu-site-icon.webp","width":512,"height":512,"caption":"Peak Pilates"},"image":{"@id":"https:\/\/peakpilates.hu\/#\/schema\/logo\/image\/"}}]}},"_links":{"self":[{"href":"https:\/\/peakpilates.hu\/en\/wp-json\/wp\/v2\/product\/28057","targetHints":{"allow":["GET"]}}],"collection":[{"href":"https:\/\/peakpilates.hu\/en\/wp-json\/wp\/v2\/product"}],"about":[{"href":"https:\/\/peakpilates.hu\/en\/wp-json\/wp\/v2\/types\/product"}],"replies":[{"embeddable":true,"href":"https:\/\/peakpilates.hu\/en\/wp-json\/wp\/v2\/comments?post=28057"}],"version-history":[{"count":0,"href":"https:\/\/peakpilates.hu\/en\/wp-json\/wp\/v2\/product\/28057\/revisions"}],"wp:featuredmedia":[{"embeddable":true,"href":"https:\/\/peakpilates.hu\/en\/wp-json\/wp\/v2\/media\/29065"}],"wp:attachment":[{"href":"https:\/\/peakpilates.hu\/en\/wp-json\/wp\/v2\/media?parent=28057"}],"wp:term":[{"taxonomy":"product_brand","embeddable":true,"href":"https:\/\/peakpilates.hu\/en\/wp-json\/wp\/v2\/product_brand?post=28057"},{"taxonomy":"product_cat","embeddable":true,"href":"https:\/\/peakpilates.hu\/en\/wp-json\/wp\/v2\/product_cat?post=28057"},{"taxonomy":"product_tag","embeddable":true,"href":"https:\/\/peakpilates.hu\/en\/wp-json\/wp\/v2\/product_tag?post=28057"}],"curies":[{"name":"wp","href":"https:\/\/api.w.org\/{rel}","templated":true}]}}