{"id":28067,"date":"2025-05-28T10:56:28","date_gmt":"2025-05-28T10:56:28","guid":{"rendered":"https:\/\/infiniteq.org\/?post_type=product&#038;p=28067"},"modified":"2025-06-11T12:00:57","modified_gmt":"2025-06-11T12:00:57","slug":"artistry-tws-kotellel-bukk-fekete","status":"publish","type":"product","link":"https:\/\/peakpilates.hu\/en\/termekek\/toronyrendszerek\/fa-toronyrendszerek\/artistry-tws-kotellel-bukk-fekete\/","title":{"rendered":"Artistry\u2122 TWS with rope - Beech, Black"},"content":{"rendered":"<p>Designed for maximum versatility and value, the reformer\/half-Cadillac Total Workout System (TWS) with a redesigned frame and components offers more options in less floor space. Hand-crafted solid wood frame construction, available in oak or beech, with black upholstery, ropes and retractable lifts.<\/p>\n<p>The Artistry\u2122 frame is a further development of the original reformer\/half-Cadillac combination Total Workout System (TWS) that everyone knows and loves. Designed for maximum versatility and value, the Total Workout System (TWS) features a redesigned frame and components to offer more options in less floor space. It features an exclusive, quick-converting, ultra-sleek articulated trolley that allows you to easily switch between multiple workout modes, and is equipped with ropes and retractable lifts.<\/p>\n<p>FEATURES:<\/p>\n<p>Small, wooden overpressure spring<br \/>\nNo removable parts when converted to tower mode<br \/>\nPatented spring retainer is rubberized and contoured for smooth spring changes and reduced noise<br \/>\nNew four-position contoured footrest with innovative locking mechanism that provides security for the user without interrupting the flow<br \/>\nFixed car bumper<\/p>\n<p>REFORMER ACCESSORIES:<\/p>\n<p>2 gearbox blocks and gearbox block holder<br \/>\nRope and hoist kit (rotating rope pair and adjustable hoists, neoprene handle pair)<br \/>\nStandard long\/short box<br \/>\nLeg strap with safety buckles<br \/>\nBelt tensioner set (1 heavy, 2 standard, 2 light)<\/p>\n<p>TOWER ACCESSORIES:<\/p>\n<p>6 spring system (2 compression springs, 2 leg springs, 2 arm springs)<br \/>\nArtistry\u00ae twin mattresses<br \/>\nRetractable rod<br \/>\nMetal compression spring<br \/>\nFootrests (pair)<br \/>\nSafety strap<\/p>","protected":false},"excerpt":{"rendered":"<p>Designed for maximum versatility and value, the reformer\/half-Cadillac Total Workout System (TWS) with a revamped frame and components offers more options<\/p>","protected":false},"featured_media":29066,"comment_status":"open","ping_status":"closed","template":"","meta":[],"product_brand":[190],"product_cat":[201],"product_tag":[],"class_list":{"0":"post-28067","1":"product","2":"type-product","3":"status-publish","4":"has-post-thumbnail","6":"product_brand-peak-pilates","7":"product_cat-fa-toronyrendszerek","9":"first","10":"instock","11":"shipping-taxable","12":"product-type-simple"},"yoast_head":"<!-- This site is optimized with the Yoast SEO plugin v26.7 - https:\/\/yoast.com\/wordpress\/plugins\/seo\/ -->\n<title>Artistry\u2122 TWS k\u00f6t\u00e9llel - B\u00fckk, Fekete | Peak Pilates | Sz\u00e9ps\u00e9g, funkci\u00f3 \u00e9s hagyom\u00e1ny<\/title>\n<meta name=\"robots\" content=\"index, follow, max-snippet:-1, max-image-preview:large, max-video-preview:-1\" \/>\n<link rel=\"canonical\" href=\"https:\/\/peakpilates.hu\/en\/termekek\/toronyrendszerek\/fa-toronyrendszerek\/artistry-tws-kotellel-bukk-fekete\/\" \/>\n<meta property=\"og:locale\" content=\"en_GB\" \/>\n<meta property=\"og:type\" content=\"article\" \/>\n<meta property=\"og:title\" content=\"Artistry\u2122 TWS k\u00f6t\u00e9llel - B\u00fckk, Fekete | Peak Pilates | Sz\u00e9ps\u00e9g, funkci\u00f3 \u00e9s hagyom\u00e1ny\" \/>\n<meta property=\"og:description\" content=\"A maxim\u00e1lis sokoldal\u00fas\u00e1gra \u00e9s \u00e9rt\u00e9kre tervezett, meg\u00fajult v\u00e1zzal \u00e9s alkatr\u00e9szekkel rendelkez\u0151 reformer\/f\u00e9l-Cadillac kombin\u00e1ci\u00f3j\u00fa Total Workout System (TWS) t\u00f6bb lehet\u0151s\u00e9get k\u00edn\u00e1l\" \/>\n<meta property=\"og:url\" content=\"https:\/\/peakpilates.hu\/en\/termekek\/toronyrendszerek\/fa-toronyrendszerek\/artistry-tws-kotellel-bukk-fekete\/\" \/>\n<meta property=\"og:site_name\" content=\"Peak Pilates\" \/>\n<meta property=\"article:modified_time\" content=\"2025-06-11T12:00:57+00:00\" \/>\n<meta property=\"og:image\" content=\"https:\/\/peakpilates.hu\/wp-content\/uploads\/2025\/05\/peakpilates.hu-fa-toronyrendszer-2.webp\" \/>\n\t<meta property=\"og:image:width\" content=\"1100\" \/>\n\t<meta property=\"og:image:height\" content=\"1100\" \/>\n\t<meta property=\"og:image:type\" content=\"image\/webp\" \/>\n<meta name=\"twitter:card\" content=\"summary_large_image\" \/>\n<meta name=\"twitter:label1\" content=\"Estimated reading time\" \/>\n\t<meta name=\"twitter:data1\" content=\"2 minutes\" \/>\n<script type=\"application\/ld+json\" class=\"yoast-schema-graph\">{\"@context\":\"https:\/\/schema.org\",\"@graph\":[{\"@type\":\"WebPage\",\"@id\":\"https:\/\/peakpilates.hu\/termekek\/toronyrendszerek\/fa-toronyrendszerek\/artistry-tws-kotellel-bukk-fekete\/\",\"url\":\"https:\/\/peakpilates.hu\/termekek\/toronyrendszerek\/fa-toronyrendszerek\/artistry-tws-kotellel-bukk-fekete\/\",\"name\":\"Artistry\u2122 TWS k\u00f6t\u00e9llel - B\u00fckk, Fekete | Peak Pilates | Sz\u00e9ps\u00e9g, funkci\u00f3 \u00e9s hagyom\u00e1ny\",\"isPartOf\":{\"@id\":\"https:\/\/peakpilates.hu\/#website\"},\"primaryImageOfPage\":{\"@id\":\"https:\/\/peakpilates.hu\/termekek\/toronyrendszerek\/fa-toronyrendszerek\/artistry-tws-kotellel-bukk-fekete\/#primaryimage\"},\"image\":{\"@id\":\"https:\/\/peakpilates.hu\/termekek\/toronyrendszerek\/fa-toronyrendszerek\/artistry-tws-kotellel-bukk-fekete\/#primaryimage\"},\"thumbnailUrl\":\"https:\/\/peakpilates.hu\/wp-content\/uploads\/2025\/05\/peakpilates.hu-fa-toronyrendszer-2.webp\",\"datePublished\":\"2025-05-28T10:56:28+00:00\",\"dateModified\":\"2025-06-11T12:00:57+00:00\",\"breadcrumb\":{\"@id\":\"https:\/\/peakpilates.hu\/termekek\/toronyrendszerek\/fa-toronyrendszerek\/artistry-tws-kotellel-bukk-fekete\/#breadcrumb\"},\"inLanguage\":\"en-GB\",\"potentialAction\":[{\"@type\":\"ReadAction\",\"target\":[\"https:\/\/peakpilates.hu\/termekek\/toronyrendszerek\/fa-toronyrendszerek\/artistry-tws-kotellel-bukk-fekete\/\"]}]},{\"@type\":\"ImageObject\",\"inLanguage\":\"en-GB\",\"@id\":\"https:\/\/peakpilates.hu\/termekek\/toronyrendszerek\/fa-toronyrendszerek\/artistry-tws-kotellel-bukk-fekete\/#primaryimage\",\"url\":\"https:\/\/peakpilates.hu\/wp-content\/uploads\/2025\/05\/peakpilates.hu-fa-toronyrendszer-2.webp\",\"contentUrl\":\"https:\/\/peakpilates.hu\/wp-content\/uploads\/2025\/05\/peakpilates.hu-fa-toronyrendszer-2.webp\",\"width\":1100,\"height\":1100},{\"@type\":\"BreadcrumbList\",\"@id\":\"https:\/\/peakpilates.hu\/termekek\/toronyrendszerek\/fa-toronyrendszerek\/artistry-tws-kotellel-bukk-fekete\/#breadcrumb\",\"itemListElement\":[{\"@type\":\"ListItem\",\"position\":1,\"name\":\"Kezd\u0151oldal\",\"item\":\"https:\/\/peakpilates.hu\/\"},{\"@type\":\"ListItem\",\"position\":2,\"name\":\"Term\u00e9kek\",\"item\":\"https:\/\/peakpilates.hu\/termekek\/\"},{\"@type\":\"ListItem\",\"position\":3,\"name\":\"Artistry\u2122 TWS k\u00f6t\u00e9llel &#8211; B\u00fckk, Fekete\"}]},{\"@type\":\"WebSite\",\"@id\":\"https:\/\/peakpilates.hu\/#website\",\"url\":\"https:\/\/peakpilates.hu\/\",\"name\":\"Peak Pilates\",\"description\":\"Sz\u00e9ps\u00e9g, funkci\u00f3 \u00e9s hagyom\u00e1ny\",\"publisher\":{\"@id\":\"https:\/\/peakpilates.hu\/#organization\"},\"potentialAction\":[{\"@type\":\"SearchAction\",\"target\":{\"@type\":\"EntryPoint\",\"urlTemplate\":\"https:\/\/peakpilates.hu\/?s={search_term_string}\"},\"query-input\":{\"@type\":\"PropertyValueSpecification\",\"valueRequired\":true,\"valueName\":\"search_term_string\"}}],\"inLanguage\":\"en-GB\"},{\"@type\":\"Organization\",\"@id\":\"https:\/\/peakpilates.hu\/#organization\",\"name\":\"Peak Pilates\",\"url\":\"https:\/\/peakpilates.hu\/\",\"logo\":{\"@type\":\"ImageObject\",\"inLanguage\":\"en-GB\",\"@id\":\"https:\/\/peakpilates.hu\/#\/schema\/logo\/image\/\",\"url\":\"https:\/\/peakpilates.hu\/wp-content\/uploads\/2025\/05\/peakpilates.hu-site-icon.webp\",\"contentUrl\":\"https:\/\/peakpilates.hu\/wp-content\/uploads\/2025\/05\/peakpilates.hu-site-icon.webp\",\"width\":512,\"height\":512,\"caption\":\"Peak Pilates\"},\"image\":{\"@id\":\"https:\/\/peakpilates.hu\/#\/schema\/logo\/image\/\"}}]}<\/script>\n<!-- \/ Yoast SEO plugin. -->","yoast_head_json":{"title":"Artistry\u2122 TWS k\u00f6t\u00e9llel - B\u00fckk, Fekete | Peak Pilates | Sz\u00e9ps\u00e9g, funkci\u00f3 \u00e9s hagyom\u00e1ny","robots":{"index":"index","follow":"follow","max-snippet":"max-snippet:-1","max-image-preview":"max-image-preview:large","max-video-preview":"max-video-preview:-1"},"canonical":"https:\/\/peakpilates.hu\/en\/termekek\/toronyrendszerek\/fa-toronyrendszerek\/artistry-tws-kotellel-bukk-fekete\/","og_locale":"en_GB","og_type":"article","og_title":"Artistry\u2122 TWS k\u00f6t\u00e9llel - B\u00fckk, Fekete | Peak Pilates | Sz\u00e9ps\u00e9g, funkci\u00f3 \u00e9s hagyom\u00e1ny","og_description":"A maxim\u00e1lis sokoldal\u00fas\u00e1gra \u00e9s \u00e9rt\u00e9kre tervezett, meg\u00fajult v\u00e1zzal \u00e9s alkatr\u00e9szekkel rendelkez\u0151 reformer\/f\u00e9l-Cadillac kombin\u00e1ci\u00f3j\u00fa Total Workout System (TWS) t\u00f6bb lehet\u0151s\u00e9get k\u00edn\u00e1l","og_url":"https:\/\/peakpilates.hu\/en\/termekek\/toronyrendszerek\/fa-toronyrendszerek\/artistry-tws-kotellel-bukk-fekete\/","og_site_name":"Peak Pilates","article_modified_time":"2025-06-11T12:00:57+00:00","og_image":[{"width":1100,"height":1100,"url":"https:\/\/peakpilates.hu\/wp-content\/uploads\/2025\/05\/peakpilates.hu-fa-toronyrendszer-2.webp","type":"image\/webp"}],"twitter_card":"summary_large_image","twitter_misc":{"Estimated reading time":"2 minutes"},"schema":{"@context":"https:\/\/schema.org","@graph":[{"@type":"WebPage","@id":"https:\/\/peakpilates.hu\/termekek\/toronyrendszerek\/fa-toronyrendszerek\/artistry-tws-kotellel-bukk-fekete\/","url":"https:\/\/peakpilates.hu\/termekek\/toronyrendszerek\/fa-toronyrendszerek\/artistry-tws-kotellel-bukk-fekete\/","name":"Artistry\u2122 TWS k\u00f6t\u00e9llel - B\u00fckk, Fekete | Peak Pilates | Sz\u00e9ps\u00e9g, funkci\u00f3 \u00e9s hagyom\u00e1ny","isPartOf":{"@id":"https:\/\/peakpilates.hu\/#website"},"primaryImageOfPage":{"@id":"https:\/\/peakpilates.hu\/termekek\/toronyrendszerek\/fa-toronyrendszerek\/artistry-tws-kotellel-bukk-fekete\/#primaryimage"},"image":{"@id":"https:\/\/peakpilates.hu\/termekek\/toronyrendszerek\/fa-toronyrendszerek\/artistry-tws-kotellel-bukk-fekete\/#primaryimage"},"thumbnailUrl":"https:\/\/peakpilates.hu\/wp-content\/uploads\/2025\/05\/peakpilates.hu-fa-toronyrendszer-2.webp","datePublished":"2025-05-28T10:56:28+00:00","dateModified":"2025-06-11T12:00:57+00:00","breadcrumb":{"@id":"https:\/\/peakpilates.hu\/termekek\/toronyrendszerek\/fa-toronyrendszerek\/artistry-tws-kotellel-bukk-fekete\/#breadcrumb"},"inLanguage":"en-GB","potentialAction":[{"@type":"ReadAction","target":["https:\/\/peakpilates.hu\/termekek\/toronyrendszerek\/fa-toronyrendszerek\/artistry-tws-kotellel-bukk-fekete\/"]}]},{"@type":"ImageObject","inLanguage":"en-GB","@id":"https:\/\/peakpilates.hu\/termekek\/toronyrendszerek\/fa-toronyrendszerek\/artistry-tws-kotellel-bukk-fekete\/#primaryimage","url":"https:\/\/peakpilates.hu\/wp-content\/uploads\/2025\/05\/peakpilates.hu-fa-toronyrendszer-2.webp","contentUrl":"https:\/\/peakpilates.hu\/wp-content\/uploads\/2025\/05\/peakpilates.hu-fa-toronyrendszer-2.webp","width":1100,"height":1100},{"@type":"BreadcrumbList","@id":"https:\/\/peakpilates.hu\/termekek\/toronyrendszerek\/fa-toronyrendszerek\/artistry-tws-kotellel-bukk-fekete\/#breadcrumb","itemListElement":[{"@type":"ListItem","position":1,"name":"Kezd\u0151oldal","item":"https:\/\/peakpilates.hu\/"},{"@type":"ListItem","position":2,"name":"Term\u00e9kek","item":"https:\/\/peakpilates.hu\/termekek\/"},{"@type":"ListItem","position":3,"name":"Artistry\u2122 TWS k\u00f6t\u00e9llel &#8211; B\u00fckk, Fekete"}]},{"@type":"WebSite","@id":"https:\/\/peakpilates.hu\/#website","url":"https:\/\/peakpilates.hu\/","name":"Peak Pilates","description":"Beauty, function and tradition","publisher":{"@id":"https:\/\/peakpilates.hu\/#organization"},"potentialAction":[{"@type":"SearchAction","target":{"@type":"EntryPoint","urlTemplate":"https:\/\/peakpilates.hu\/?s={search_term_string}"},"query-input":{"@type":"PropertyValueSpecification","valueRequired":true,"valueName":"search_term_string"}}],"inLanguage":"en-GB"},{"@type":"Organization","@id":"https:\/\/peakpilates.hu\/#organization","name":"Peak Pilates","url":"https:\/\/peakpilates.hu\/","logo":{"@type":"ImageObject","inLanguage":"en-GB","@id":"https:\/\/peakpilates.hu\/#\/schema\/logo\/image\/","url":"https:\/\/peakpilates.hu\/wp-content\/uploads\/2025\/05\/peakpilates.hu-site-icon.webp","contentUrl":"https:\/\/peakpilates.hu\/wp-content\/uploads\/2025\/05\/peakpilates.hu-site-icon.webp","width":512,"height":512,"caption":"Peak Pilates"},"image":{"@id":"https:\/\/peakpilates.hu\/#\/schema\/logo\/image\/"}}]}},"_links":{"self":[{"href":"https:\/\/peakpilates.hu\/en\/wp-json\/wp\/v2\/product\/28067","targetHints":{"allow":["GET"]}}],"collection":[{"href":"https:\/\/peakpilates.hu\/en\/wp-json\/wp\/v2\/product"}],"about":[{"href":"https:\/\/peakpilates.hu\/en\/wp-json\/wp\/v2\/types\/product"}],"replies":[{"embeddable":true,"href":"https:\/\/peakpilates.hu\/en\/wp-json\/wp\/v2\/comments?post=28067"}],"version-history":[{"count":0,"href":"https:\/\/peakpilates.hu\/en\/wp-json\/wp\/v2\/product\/28067\/revisions"}],"wp:featuredmedia":[{"embeddable":true,"href":"https:\/\/peakpilates.hu\/en\/wp-json\/wp\/v2\/media\/29066"}],"wp:attachment":[{"href":"https:\/\/peakpilates.hu\/en\/wp-json\/wp\/v2\/media?parent=28067"}],"wp:term":[{"taxonomy":"product_brand","embeddable":true,"href":"https:\/\/peakpilates.hu\/en\/wp-json\/wp\/v2\/product_brand?post=28067"},{"taxonomy":"product_cat","embeddable":true,"href":"https:\/\/peakpilates.hu\/en\/wp-json\/wp\/v2\/product_cat?post=28067"},{"taxonomy":"product_tag","embeddable":true,"href":"https:\/\/peakpilates.hu\/en\/wp-json\/wp\/v2\/product_tag?post=28067"}],"curies":[{"name":"wp","href":"https:\/\/api.w.org\/{rel}","templated":true}]}}