{"id":28135,"date":"2025-05-28T13:05:52","date_gmt":"2025-05-28T13:05:52","guid":{"rendered":"https:\/\/infiniteq.org\/?post_type=product&#038;p=28135"},"modified":"2025-06-11T12:01:17","modified_gmt":"2025-06-11T12:01:17","slug":"mve-reformer-toronyrendszer-hosszu-rovid-dobozzal","status":"publish","type":"product","link":"https:\/\/peakpilates.hu\/en\/termekek\/toronyrendszerek\/fem-toronyrendszerek\/mve-reformer-toronyrendszer-hosszu-rovid-dobozzal\/","title":{"rendered":"MVe Reformer tower system with long\/short box"},"content":{"rendered":"<p>The MVe\u00ae Reformer is a sleek, precision aluminium reformer that has the features and quality of the best professional studio reformers, while stacking to save space when needed. This patent-pending design allows units to be \u201estacked\u201d without removing parts or legs.<\/p>\n<p>The MVe\u00ae Reformer's innovative design incorporates features not found in other stackable reformers, such as a retractable shoulder block, retractable lifters and gear selection for maximum adjustability, comfort and user-friendly appearance.<\/p>\n<p>The MVe\u00ae Reformer tower conversion can be upgraded to a complete tower system, allowing reformer\/tower\/carpet work to be carried out in a single unit.<\/p>\n<p>MEASUREMENTS:<\/p>\n<p>Studio height: 39 cm x 74 cm x 262 cm<br \/>\nTower height: 195 cm<\/p>\n<p>TARTALMAZZA:<\/p>\n<p>Can be stacked up to 4 high<br \/>\nPowder coated aluminium frame<br \/>\n4-position gear system<br \/>\n5 spring system: standard 1 red (heavy), 2 yellow (medium) and 2 blue (light)<br \/>\n3-position headrest<br \/>\n4-position footrest with safety lock<br \/>\nAdjustable ropes<br \/>\nDouble loops (pair)<br \/>\nRetractable lifts<br \/>\nRetractable shoulder blocks<br \/>\nRetractable handles for easy manoeuvring<br \/>\nAnti-slip washer<br \/>\nMVe\u00ae long\/short box<br \/>\nAvailable with black upholstery only<\/p>\n<p>By converting the MVe\u00ae Reformer tower to a complete tower system, the MVe Reformer can be converted to a complete tower system, so that reformer\/tower\/carpet work can be carried out in a single unit. To use the MVe\u00ae Reformer tower conversion, you must already have an MVe\u00ae Reformer.<\/p>\n<p>TORONY:<\/p>\n<p>Anodised aluminium frame<br \/>\nPush-through and roll-down bars<br \/>\nComplete spring system<br \/>\n2 arms, 2 legs and 1 push-through spring<br \/>\nFootrest loops (in pairs)<br \/>\nSafety chain<br \/>\nSpring protectors<br \/>\nDouble carpets with footboard<br \/>\nHardware packages<br \/>\nAvailable with black upholstery only<\/p>\n<p>MVe\u00ae EXTENDED WARRANTY:<\/p>\n<p>Peak Pilates guarantees that this accessory is free from manufacturing defects. Parts repaired or replaced under the terms of this agreement are warranted for the remainder of the original warranty. This warranty will take effect on the invoice date of the original purchase and will extend for the periods indicated below:<\/p>\n<p>This product has a two-year limited warranty on the Tower's structural components. All other components, except upholstery, straps and loops, are covered by a one-year limited warranty. If defects occur due to manufacturing and\/or material defects, we will repair or replace defective parts at our discretion. Upholstery, straps and loops are covered by a 60-day warranty against defects in workmanship and\/or materials. This warranty is for the Peak Pilates MVe Reformer Tower Kit and applies to materials only. The warranty is valid only under the following conditions:<\/p>\n<p>This machine is not modified in any way. The machine is used only as described in this manual and in accordance with generally accepted Pilates practices. Accidents, misuse, misuse or improper service are not covered by the warranty.<\/p>\n<p>LIMITATIONS AND EXCLUSIONS<\/p>\n<p>Do not perform bottom-loaded push bar exercises on the MVe tower.<\/p>","protected":false},"excerpt":{"rendered":"<p>The MVe\u00ae Reformer is a sleek, precision aluminium reformer with the features and quality of the best professional studio reformers, while offering the flexibility to<\/p>","protected":false},"featured_media":29072,"comment_status":"open","ping_status":"closed","template":"","meta":[],"product_brand":[190],"product_cat":[202],"product_tag":[],"class_list":{"0":"post-28135","1":"product","2":"type-product","3":"status-publish","4":"has-post-thumbnail","6":"product_brand-peak-pilates","7":"product_cat-fem-toronyrendszerek","9":"first","10":"instock","11":"shipping-taxable","12":"product-type-simple"},"yoast_head":"<!-- This site is optimized with the Yoast SEO plugin v26.7 - https:\/\/yoast.com\/wordpress\/plugins\/seo\/ -->\n<title>MVe Reformer toronyrendszer hossz\u00fa\/r\u00f6vid dobozzal | Peak Pilates | Sz\u00e9ps\u00e9g, funkci\u00f3 \u00e9s hagyom\u00e1ny<\/title>\n<meta name=\"robots\" content=\"index, follow, max-snippet:-1, max-image-preview:large, max-video-preview:-1\" \/>\n<link rel=\"canonical\" href=\"https:\/\/peakpilates.hu\/en\/termekek\/toronyrendszerek\/fem-toronyrendszerek\/mve-reformer-toronyrendszer-hosszu-rovid-dobozzal\/\" \/>\n<meta property=\"og:locale\" content=\"en_GB\" \/>\n<meta property=\"og:type\" content=\"article\" \/>\n<meta property=\"og:title\" content=\"MVe Reformer toronyrendszer hossz\u00fa\/r\u00f6vid dobozzal | Peak Pilates | Sz\u00e9ps\u00e9g, funkci\u00f3 \u00e9s hagyom\u00e1ny\" \/>\n<meta property=\"og:description\" content=\"Az MVe\u00ae Reformer egy eleg\u00e1ns, prec\u00edzi\u00f3s alum\u00ednium reformer, amely a legjobb professzion\u00e1lis st\u00fadi\u00f3reformerek tulajdons\u00e1gaival \u00e9s min\u0151s\u00e9g\u00e9vel rendelkezik, mik\u00f6zben sz\u00fcks\u00e9g eset\u00e9n\" \/>\n<meta property=\"og:url\" content=\"https:\/\/peakpilates.hu\/en\/termekek\/toronyrendszerek\/fem-toronyrendszerek\/mve-reformer-toronyrendszer-hosszu-rovid-dobozzal\/\" \/>\n<meta property=\"og:site_name\" content=\"Peak Pilates\" \/>\n<meta property=\"article:modified_time\" content=\"2025-06-11T12:01:17+00:00\" \/>\n<meta property=\"og:image\" content=\"https:\/\/peakpilates.hu\/wp-content\/uploads\/2025\/05\/peakpilates.hu-fem-toronyrendszer-1.webp\" \/>\n\t<meta property=\"og:image:width\" content=\"1100\" \/>\n\t<meta property=\"og:image:height\" content=\"1100\" \/>\n\t<meta property=\"og:image:type\" content=\"image\/webp\" \/>\n<meta name=\"twitter:card\" content=\"summary_large_image\" \/>\n<meta name=\"twitter:label1\" content=\"Estimated reading time\" \/>\n\t<meta name=\"twitter:data1\" content=\"3 minutes\" \/>\n<script type=\"application\/ld+json\" class=\"yoast-schema-graph\">{\"@context\":\"https:\/\/schema.org\",\"@graph\":[{\"@type\":\"WebPage\",\"@id\":\"https:\/\/peakpilates.hu\/termekek\/toronyrendszerek\/fem-toronyrendszerek\/mve-reformer-toronyrendszer-hosszu-rovid-dobozzal\/\",\"url\":\"https:\/\/peakpilates.hu\/termekek\/toronyrendszerek\/fem-toronyrendszerek\/mve-reformer-toronyrendszer-hosszu-rovid-dobozzal\/\",\"name\":\"MVe Reformer toronyrendszer hossz\u00fa\/r\u00f6vid dobozzal | Peak Pilates | Sz\u00e9ps\u00e9g, funkci\u00f3 \u00e9s hagyom\u00e1ny\",\"isPartOf\":{\"@id\":\"https:\/\/peakpilates.hu\/#website\"},\"primaryImageOfPage\":{\"@id\":\"https:\/\/peakpilates.hu\/termekek\/toronyrendszerek\/fem-toronyrendszerek\/mve-reformer-toronyrendszer-hosszu-rovid-dobozzal\/#primaryimage\"},\"image\":{\"@id\":\"https:\/\/peakpilates.hu\/termekek\/toronyrendszerek\/fem-toronyrendszerek\/mve-reformer-toronyrendszer-hosszu-rovid-dobozzal\/#primaryimage\"},\"thumbnailUrl\":\"https:\/\/peakpilates.hu\/wp-content\/uploads\/2025\/05\/peakpilates.hu-fem-toronyrendszer-1.webp\",\"datePublished\":\"2025-05-28T13:05:52+00:00\",\"dateModified\":\"2025-06-11T12:01:17+00:00\",\"breadcrumb\":{\"@id\":\"https:\/\/peakpilates.hu\/termekek\/toronyrendszerek\/fem-toronyrendszerek\/mve-reformer-toronyrendszer-hosszu-rovid-dobozzal\/#breadcrumb\"},\"inLanguage\":\"en-GB\",\"potentialAction\":[{\"@type\":\"ReadAction\",\"target\":[\"https:\/\/peakpilates.hu\/termekek\/toronyrendszerek\/fem-toronyrendszerek\/mve-reformer-toronyrendszer-hosszu-rovid-dobozzal\/\"]}]},{\"@type\":\"ImageObject\",\"inLanguage\":\"en-GB\",\"@id\":\"https:\/\/peakpilates.hu\/termekek\/toronyrendszerek\/fem-toronyrendszerek\/mve-reformer-toronyrendszer-hosszu-rovid-dobozzal\/#primaryimage\",\"url\":\"https:\/\/peakpilates.hu\/wp-content\/uploads\/2025\/05\/peakpilates.hu-fem-toronyrendszer-1.webp\",\"contentUrl\":\"https:\/\/peakpilates.hu\/wp-content\/uploads\/2025\/05\/peakpilates.hu-fem-toronyrendszer-1.webp\",\"width\":1100,\"height\":1100},{\"@type\":\"BreadcrumbList\",\"@id\":\"https:\/\/peakpilates.hu\/termekek\/toronyrendszerek\/fem-toronyrendszerek\/mve-reformer-toronyrendszer-hosszu-rovid-dobozzal\/#breadcrumb\",\"itemListElement\":[{\"@type\":\"ListItem\",\"position\":1,\"name\":\"Kezd\u0151oldal\",\"item\":\"https:\/\/peakpilates.hu\/\"},{\"@type\":\"ListItem\",\"position\":2,\"name\":\"Term\u00e9kek\",\"item\":\"https:\/\/peakpilates.hu\/termekek\/\"},{\"@type\":\"ListItem\",\"position\":3,\"name\":\"MVe Reformer toronyrendszer hossz\u00fa\/r\u00f6vid dobozzal\"}]},{\"@type\":\"WebSite\",\"@id\":\"https:\/\/peakpilates.hu\/#website\",\"url\":\"https:\/\/peakpilates.hu\/\",\"name\":\"Peak Pilates\",\"description\":\"Sz\u00e9ps\u00e9g, funkci\u00f3 \u00e9s hagyom\u00e1ny\",\"publisher\":{\"@id\":\"https:\/\/peakpilates.hu\/#organization\"},\"potentialAction\":[{\"@type\":\"SearchAction\",\"target\":{\"@type\":\"EntryPoint\",\"urlTemplate\":\"https:\/\/peakpilates.hu\/?s={search_term_string}\"},\"query-input\":{\"@type\":\"PropertyValueSpecification\",\"valueRequired\":true,\"valueName\":\"search_term_string\"}}],\"inLanguage\":\"en-GB\"},{\"@type\":\"Organization\",\"@id\":\"https:\/\/peakpilates.hu\/#organization\",\"name\":\"Peak Pilates\",\"url\":\"https:\/\/peakpilates.hu\/\",\"logo\":{\"@type\":\"ImageObject\",\"inLanguage\":\"en-GB\",\"@id\":\"https:\/\/peakpilates.hu\/#\/schema\/logo\/image\/\",\"url\":\"https:\/\/peakpilates.hu\/wp-content\/uploads\/2025\/05\/peakpilates.hu-site-icon.webp\",\"contentUrl\":\"https:\/\/peakpilates.hu\/wp-content\/uploads\/2025\/05\/peakpilates.hu-site-icon.webp\",\"width\":512,\"height\":512,\"caption\":\"Peak Pilates\"},\"image\":{\"@id\":\"https:\/\/peakpilates.hu\/#\/schema\/logo\/image\/\"}}]}<\/script>\n<!-- \/ Yoast SEO plugin. -->","yoast_head_json":{"title":"MVe Reformer toronyrendszer hossz\u00fa\/r\u00f6vid dobozzal | Peak Pilates | Sz\u00e9ps\u00e9g, funkci\u00f3 \u00e9s hagyom\u00e1ny","robots":{"index":"index","follow":"follow","max-snippet":"max-snippet:-1","max-image-preview":"max-image-preview:large","max-video-preview":"max-video-preview:-1"},"canonical":"https:\/\/peakpilates.hu\/en\/termekek\/toronyrendszerek\/fem-toronyrendszerek\/mve-reformer-toronyrendszer-hosszu-rovid-dobozzal\/","og_locale":"en_GB","og_type":"article","og_title":"MVe Reformer toronyrendszer hossz\u00fa\/r\u00f6vid dobozzal | Peak Pilates | Sz\u00e9ps\u00e9g, funkci\u00f3 \u00e9s hagyom\u00e1ny","og_description":"Az MVe\u00ae Reformer egy eleg\u00e1ns, prec\u00edzi\u00f3s alum\u00ednium reformer, amely a legjobb professzion\u00e1lis st\u00fadi\u00f3reformerek tulajdons\u00e1gaival \u00e9s min\u0151s\u00e9g\u00e9vel rendelkezik, mik\u00f6zben sz\u00fcks\u00e9g eset\u00e9n","og_url":"https:\/\/peakpilates.hu\/en\/termekek\/toronyrendszerek\/fem-toronyrendszerek\/mve-reformer-toronyrendszer-hosszu-rovid-dobozzal\/","og_site_name":"Peak Pilates","article_modified_time":"2025-06-11T12:01:17+00:00","og_image":[{"width":1100,"height":1100,"url":"https:\/\/peakpilates.hu\/wp-content\/uploads\/2025\/05\/peakpilates.hu-fem-toronyrendszer-1.webp","type":"image\/webp"}],"twitter_card":"summary_large_image","twitter_misc":{"Estimated reading time":"3 minutes"},"schema":{"@context":"https:\/\/schema.org","@graph":[{"@type":"WebPage","@id":"https:\/\/peakpilates.hu\/termekek\/toronyrendszerek\/fem-toronyrendszerek\/mve-reformer-toronyrendszer-hosszu-rovid-dobozzal\/","url":"https:\/\/peakpilates.hu\/termekek\/toronyrendszerek\/fem-toronyrendszerek\/mve-reformer-toronyrendszer-hosszu-rovid-dobozzal\/","name":"MVe Reformer toronyrendszer hossz\u00fa\/r\u00f6vid dobozzal | Peak Pilates | Sz\u00e9ps\u00e9g, funkci\u00f3 \u00e9s hagyom\u00e1ny","isPartOf":{"@id":"https:\/\/peakpilates.hu\/#website"},"primaryImageOfPage":{"@id":"https:\/\/peakpilates.hu\/termekek\/toronyrendszerek\/fem-toronyrendszerek\/mve-reformer-toronyrendszer-hosszu-rovid-dobozzal\/#primaryimage"},"image":{"@id":"https:\/\/peakpilates.hu\/termekek\/toronyrendszerek\/fem-toronyrendszerek\/mve-reformer-toronyrendszer-hosszu-rovid-dobozzal\/#primaryimage"},"thumbnailUrl":"https:\/\/peakpilates.hu\/wp-content\/uploads\/2025\/05\/peakpilates.hu-fem-toronyrendszer-1.webp","datePublished":"2025-05-28T13:05:52+00:00","dateModified":"2025-06-11T12:01:17+00:00","breadcrumb":{"@id":"https:\/\/peakpilates.hu\/termekek\/toronyrendszerek\/fem-toronyrendszerek\/mve-reformer-toronyrendszer-hosszu-rovid-dobozzal\/#breadcrumb"},"inLanguage":"en-GB","potentialAction":[{"@type":"ReadAction","target":["https:\/\/peakpilates.hu\/termekek\/toronyrendszerek\/fem-toronyrendszerek\/mve-reformer-toronyrendszer-hosszu-rovid-dobozzal\/"]}]},{"@type":"ImageObject","inLanguage":"en-GB","@id":"https:\/\/peakpilates.hu\/termekek\/toronyrendszerek\/fem-toronyrendszerek\/mve-reformer-toronyrendszer-hosszu-rovid-dobozzal\/#primaryimage","url":"https:\/\/peakpilates.hu\/wp-content\/uploads\/2025\/05\/peakpilates.hu-fem-toronyrendszer-1.webp","contentUrl":"https:\/\/peakpilates.hu\/wp-content\/uploads\/2025\/05\/peakpilates.hu-fem-toronyrendszer-1.webp","width":1100,"height":1100},{"@type":"BreadcrumbList","@id":"https:\/\/peakpilates.hu\/termekek\/toronyrendszerek\/fem-toronyrendszerek\/mve-reformer-toronyrendszer-hosszu-rovid-dobozzal\/#breadcrumb","itemListElement":[{"@type":"ListItem","position":1,"name":"Kezd\u0151oldal","item":"https:\/\/peakpilates.hu\/"},{"@type":"ListItem","position":2,"name":"Term\u00e9kek","item":"https:\/\/peakpilates.hu\/termekek\/"},{"@type":"ListItem","position":3,"name":"MVe Reformer toronyrendszer hossz\u00fa\/r\u00f6vid dobozzal"}]},{"@type":"WebSite","@id":"https:\/\/peakpilates.hu\/#website","url":"https:\/\/peakpilates.hu\/","name":"Peak Pilates","description":"Beauty, function and tradition","publisher":{"@id":"https:\/\/peakpilates.hu\/#organization"},"potentialAction":[{"@type":"SearchAction","target":{"@type":"EntryPoint","urlTemplate":"https:\/\/peakpilates.hu\/?s={search_term_string}"},"query-input":{"@type":"PropertyValueSpecification","valueRequired":true,"valueName":"search_term_string"}}],"inLanguage":"en-GB"},{"@type":"Organization","@id":"https:\/\/peakpilates.hu\/#organization","name":"Peak Pilates","url":"https:\/\/peakpilates.hu\/","logo":{"@type":"ImageObject","inLanguage":"en-GB","@id":"https:\/\/peakpilates.hu\/#\/schema\/logo\/image\/","url":"https:\/\/peakpilates.hu\/wp-content\/uploads\/2025\/05\/peakpilates.hu-site-icon.webp","contentUrl":"https:\/\/peakpilates.hu\/wp-content\/uploads\/2025\/05\/peakpilates.hu-site-icon.webp","width":512,"height":512,"caption":"Peak Pilates"},"image":{"@id":"https:\/\/peakpilates.hu\/#\/schema\/logo\/image\/"}}]}},"_links":{"self":[{"href":"https:\/\/peakpilates.hu\/en\/wp-json\/wp\/v2\/product\/28135","targetHints":{"allow":["GET"]}}],"collection":[{"href":"https:\/\/peakpilates.hu\/en\/wp-json\/wp\/v2\/product"}],"about":[{"href":"https:\/\/peakpilates.hu\/en\/wp-json\/wp\/v2\/types\/product"}],"replies":[{"embeddable":true,"href":"https:\/\/peakpilates.hu\/en\/wp-json\/wp\/v2\/comments?post=28135"}],"version-history":[{"count":0,"href":"https:\/\/peakpilates.hu\/en\/wp-json\/wp\/v2\/product\/28135\/revisions"}],"wp:featuredmedia":[{"embeddable":true,"href":"https:\/\/peakpilates.hu\/en\/wp-json\/wp\/v2\/media\/29072"}],"wp:attachment":[{"href":"https:\/\/peakpilates.hu\/en\/wp-json\/wp\/v2\/media?parent=28135"}],"wp:term":[{"taxonomy":"product_brand","embeddable":true,"href":"https:\/\/peakpilates.hu\/en\/wp-json\/wp\/v2\/product_brand?post=28135"},{"taxonomy":"product_cat","embeddable":true,"href":"https:\/\/peakpilates.hu\/en\/wp-json\/wp\/v2\/product_cat?post=28135"},{"taxonomy":"product_tag","embeddable":true,"href":"https:\/\/peakpilates.hu\/en\/wp-json\/wp\/v2\/product_tag?post=28135"}],"curies":[{"name":"wp","href":"https:\/\/api.w.org\/{rel}","templated":true}]}}