{"id":28143,"date":"2025-05-28T13:29:53","date_gmt":"2025-05-28T13:29:53","guid":{"rendered":"https:\/\/infiniteq.org\/?post_type=product&#038;p=28143"},"modified":"2025-06-11T12:01:33","modified_gmt":"2025-06-11T12:01:33","slug":"peak-pilatesystem-deluxe","status":"publish","type":"product","link":"https:\/\/peakpilates.hu\/en\/termekek\/toronyrendszerek\/fem-toronyrendszerek\/peak-pilatesystem-deluxe\/","title":{"rendered":"Peak PilateSystem\u00ae Deluxe"},"content":{"rendered":"<p>The PPS Deluxe is a highly innovative device that offers oversized functionality and the great feature of a foldable and rolling design for easy storage.<\/p>\n<p>MEASUREMENTS:<\/p>\n<p>40,6 cm x 73,7 cm x 256,5 cm<br \/>\n240,40 kg<\/p>\n<p>REFORMER:<\/p>\n<p>Anodised aluminium frame<br \/>\n4 position drive system<br \/>\n5 spring system standard with 1 red (heavy), 2 yellow (medium) and 2 blue (light) springs<br \/>\n3-position headrest<br \/>\n4-position footrest with safety lock<br \/>\nAdjustable ropes and scale lifts<br \/>\nSafety locking strap protectors<br \/>\nArticulated trolley for light carpet conversion<br \/>\nSpringboard<br \/>\nStandard long\/short box 24 cm x 41 cm x 70 cm<br \/>\nAnti-slip washer<\/p>\n<p>CADILLAC\/TOWER:<\/p>\n<p>Anodised aluminium frame<br \/>\nPush-through and roll-down bars<br \/>\nComplete spring system with 2 arms, 2 legs and 1 extension spring<br \/>\nFootrest loops (in pairs)<br \/>\nSafety strap<br \/>\nSpring blanket<br \/>\nDouble carpets with footboard<\/p>","protected":false},"excerpt":{"rendered":"<p>The PPS Deluxe is a highly innovative device that offers oversized functionality and the great features of a folding and rolling design for easy and<\/p>","protected":false},"featured_media":29073,"comment_status":"open","ping_status":"closed","template":"","meta":[],"product_brand":[190],"product_cat":[202],"product_tag":[],"class_list":{"0":"post-28143","1":"product","2":"type-product","3":"status-publish","4":"has-post-thumbnail","6":"product_brand-peak-pilates","7":"product_cat-fem-toronyrendszerek","9":"first","10":"instock","11":"shipping-taxable","12":"product-type-simple"},"yoast_head":"<!-- This site is optimized with the Yoast SEO plugin v26.7 - https:\/\/yoast.com\/wordpress\/plugins\/seo\/ -->\n<title>Peak PilateSystem\u00ae Deluxe | Peak Pilates | Sz\u00e9ps\u00e9g, funkci\u00f3 \u00e9s hagyom\u00e1ny<\/title>\n<meta name=\"robots\" content=\"index, follow, max-snippet:-1, max-image-preview:large, max-video-preview:-1\" \/>\n<link rel=\"canonical\" href=\"https:\/\/peakpilates.hu\/en\/termekek\/toronyrendszerek\/fem-toronyrendszerek\/peak-pilatesystem-deluxe\/\" \/>\n<meta property=\"og:locale\" content=\"en_GB\" \/>\n<meta property=\"og:type\" content=\"article\" \/>\n<meta property=\"og:title\" content=\"Peak PilateSystem\u00ae Deluxe | Peak Pilates | Sz\u00e9ps\u00e9g, funkci\u00f3 \u00e9s hagyom\u00e1ny\" \/>\n<meta property=\"og:description\" content=\"A PPS Deluxe egy rendk\u00edv\u00fcl innovat\u00edv k\u00e9sz\u00fcl\u00e9k, amely t\u00falm\u00e9retezett funkcionalit\u00e1st, valamint az \u00f6sszecsukhat\u00f3 \u00e9s gurul\u00f3 kialak\u00edt\u00e1s nagyszer\u0171s\u00e9g\u00e9t k\u00edn\u00e1lja a k\u00f6nny\u0171\" \/>\n<meta property=\"og:url\" content=\"https:\/\/peakpilates.hu\/en\/termekek\/toronyrendszerek\/fem-toronyrendszerek\/peak-pilatesystem-deluxe\/\" \/>\n<meta property=\"og:site_name\" content=\"Peak Pilates\" \/>\n<meta property=\"article:modified_time\" content=\"2025-06-11T12:01:33+00:00\" \/>\n<meta property=\"og:image\" content=\"https:\/\/peakpilates.hu\/wp-content\/uploads\/2025\/05\/peakpilates.hu-fem-toronyrendszer-3.webp\" \/>\n\t<meta property=\"og:image:width\" content=\"600\" \/>\n\t<meta property=\"og:image:height\" content=\"600\" \/>\n\t<meta property=\"og:image:type\" content=\"image\/webp\" \/>\n<meta name=\"twitter:card\" content=\"summary_large_image\" \/>\n<meta name=\"twitter:label1\" content=\"Estimated reading time\" \/>\n\t<meta name=\"twitter:data1\" content=\"1 minute\" \/>\n<script type=\"application\/ld+json\" class=\"yoast-schema-graph\">{\"@context\":\"https:\/\/schema.org\",\"@graph\":[{\"@type\":\"WebPage\",\"@id\":\"https:\/\/peakpilates.hu\/termekek\/toronyrendszerek\/fem-toronyrendszerek\/peak-pilatesystem-deluxe\/\",\"url\":\"https:\/\/peakpilates.hu\/termekek\/toronyrendszerek\/fem-toronyrendszerek\/peak-pilatesystem-deluxe\/\",\"name\":\"Peak PilateSystem\u00ae Deluxe | Peak Pilates | Sz\u00e9ps\u00e9g, funkci\u00f3 \u00e9s hagyom\u00e1ny\",\"isPartOf\":{\"@id\":\"https:\/\/peakpilates.hu\/#website\"},\"primaryImageOfPage\":{\"@id\":\"https:\/\/peakpilates.hu\/termekek\/toronyrendszerek\/fem-toronyrendszerek\/peak-pilatesystem-deluxe\/#primaryimage\"},\"image\":{\"@id\":\"https:\/\/peakpilates.hu\/termekek\/toronyrendszerek\/fem-toronyrendszerek\/peak-pilatesystem-deluxe\/#primaryimage\"},\"thumbnailUrl\":\"https:\/\/peakpilates.hu\/wp-content\/uploads\/2025\/05\/peakpilates.hu-fem-toronyrendszer-3.webp\",\"datePublished\":\"2025-05-28T13:29:53+00:00\",\"dateModified\":\"2025-06-11T12:01:33+00:00\",\"breadcrumb\":{\"@id\":\"https:\/\/peakpilates.hu\/termekek\/toronyrendszerek\/fem-toronyrendszerek\/peak-pilatesystem-deluxe\/#breadcrumb\"},\"inLanguage\":\"en-GB\",\"potentialAction\":[{\"@type\":\"ReadAction\",\"target\":[\"https:\/\/peakpilates.hu\/termekek\/toronyrendszerek\/fem-toronyrendszerek\/peak-pilatesystem-deluxe\/\"]}]},{\"@type\":\"ImageObject\",\"inLanguage\":\"en-GB\",\"@id\":\"https:\/\/peakpilates.hu\/termekek\/toronyrendszerek\/fem-toronyrendszerek\/peak-pilatesystem-deluxe\/#primaryimage\",\"url\":\"https:\/\/peakpilates.hu\/wp-content\/uploads\/2025\/05\/peakpilates.hu-fem-toronyrendszer-3.webp\",\"contentUrl\":\"https:\/\/peakpilates.hu\/wp-content\/uploads\/2025\/05\/peakpilates.hu-fem-toronyrendszer-3.webp\",\"width\":600,\"height\":600},{\"@type\":\"BreadcrumbList\",\"@id\":\"https:\/\/peakpilates.hu\/termekek\/toronyrendszerek\/fem-toronyrendszerek\/peak-pilatesystem-deluxe\/#breadcrumb\",\"itemListElement\":[{\"@type\":\"ListItem\",\"position\":1,\"name\":\"Kezd\u0151oldal\",\"item\":\"https:\/\/peakpilates.hu\/\"},{\"@type\":\"ListItem\",\"position\":2,\"name\":\"Term\u00e9kek\",\"item\":\"https:\/\/peakpilates.hu\/termekek\/\"},{\"@type\":\"ListItem\",\"position\":3,\"name\":\"Peak PilateSystem\u00ae Deluxe\"}]},{\"@type\":\"WebSite\",\"@id\":\"https:\/\/peakpilates.hu\/#website\",\"url\":\"https:\/\/peakpilates.hu\/\",\"name\":\"Peak Pilates\",\"description\":\"Sz\u00e9ps\u00e9g, funkci\u00f3 \u00e9s hagyom\u00e1ny\",\"publisher\":{\"@id\":\"https:\/\/peakpilates.hu\/#organization\"},\"potentialAction\":[{\"@type\":\"SearchAction\",\"target\":{\"@type\":\"EntryPoint\",\"urlTemplate\":\"https:\/\/peakpilates.hu\/?s={search_term_string}\"},\"query-input\":{\"@type\":\"PropertyValueSpecification\",\"valueRequired\":true,\"valueName\":\"search_term_string\"}}],\"inLanguage\":\"en-GB\"},{\"@type\":\"Organization\",\"@id\":\"https:\/\/peakpilates.hu\/#organization\",\"name\":\"Peak Pilates\",\"url\":\"https:\/\/peakpilates.hu\/\",\"logo\":{\"@type\":\"ImageObject\",\"inLanguage\":\"en-GB\",\"@id\":\"https:\/\/peakpilates.hu\/#\/schema\/logo\/image\/\",\"url\":\"https:\/\/peakpilates.hu\/wp-content\/uploads\/2025\/05\/peakpilates.hu-site-icon.webp\",\"contentUrl\":\"https:\/\/peakpilates.hu\/wp-content\/uploads\/2025\/05\/peakpilates.hu-site-icon.webp\",\"width\":512,\"height\":512,\"caption\":\"Peak Pilates\"},\"image\":{\"@id\":\"https:\/\/peakpilates.hu\/#\/schema\/logo\/image\/\"}}]}<\/script>\n<!-- \/ Yoast SEO plugin. -->","yoast_head_json":{"title":"Peak PilateSystem\u00ae Deluxe | Peak Pilates | Sz\u00e9ps\u00e9g, funkci\u00f3 \u00e9s hagyom\u00e1ny","robots":{"index":"index","follow":"follow","max-snippet":"max-snippet:-1","max-image-preview":"max-image-preview:large","max-video-preview":"max-video-preview:-1"},"canonical":"https:\/\/peakpilates.hu\/en\/termekek\/toronyrendszerek\/fem-toronyrendszerek\/peak-pilatesystem-deluxe\/","og_locale":"en_GB","og_type":"article","og_title":"Peak PilateSystem\u00ae Deluxe | Peak Pilates | Sz\u00e9ps\u00e9g, funkci\u00f3 \u00e9s hagyom\u00e1ny","og_description":"A PPS Deluxe egy rendk\u00edv\u00fcl innovat\u00edv k\u00e9sz\u00fcl\u00e9k, amely t\u00falm\u00e9retezett funkcionalit\u00e1st, valamint az \u00f6sszecsukhat\u00f3 \u00e9s gurul\u00f3 kialak\u00edt\u00e1s nagyszer\u0171s\u00e9g\u00e9t k\u00edn\u00e1lja a k\u00f6nny\u0171","og_url":"https:\/\/peakpilates.hu\/en\/termekek\/toronyrendszerek\/fem-toronyrendszerek\/peak-pilatesystem-deluxe\/","og_site_name":"Peak Pilates","article_modified_time":"2025-06-11T12:01:33+00:00","og_image":[{"width":600,"height":600,"url":"https:\/\/peakpilates.hu\/wp-content\/uploads\/2025\/05\/peakpilates.hu-fem-toronyrendszer-3.webp","type":"image\/webp"}],"twitter_card":"summary_large_image","twitter_misc":{"Estimated reading time":"1 minute"},"schema":{"@context":"https:\/\/schema.org","@graph":[{"@type":"WebPage","@id":"https:\/\/peakpilates.hu\/termekek\/toronyrendszerek\/fem-toronyrendszerek\/peak-pilatesystem-deluxe\/","url":"https:\/\/peakpilates.hu\/termekek\/toronyrendszerek\/fem-toronyrendszerek\/peak-pilatesystem-deluxe\/","name":"Peak PilateSystem\u00ae Deluxe | Peak Pilates | Sz\u00e9ps\u00e9g, funkci\u00f3 \u00e9s hagyom\u00e1ny","isPartOf":{"@id":"https:\/\/peakpilates.hu\/#website"},"primaryImageOfPage":{"@id":"https:\/\/peakpilates.hu\/termekek\/toronyrendszerek\/fem-toronyrendszerek\/peak-pilatesystem-deluxe\/#primaryimage"},"image":{"@id":"https:\/\/peakpilates.hu\/termekek\/toronyrendszerek\/fem-toronyrendszerek\/peak-pilatesystem-deluxe\/#primaryimage"},"thumbnailUrl":"https:\/\/peakpilates.hu\/wp-content\/uploads\/2025\/05\/peakpilates.hu-fem-toronyrendszer-3.webp","datePublished":"2025-05-28T13:29:53+00:00","dateModified":"2025-06-11T12:01:33+00:00","breadcrumb":{"@id":"https:\/\/peakpilates.hu\/termekek\/toronyrendszerek\/fem-toronyrendszerek\/peak-pilatesystem-deluxe\/#breadcrumb"},"inLanguage":"en-GB","potentialAction":[{"@type":"ReadAction","target":["https:\/\/peakpilates.hu\/termekek\/toronyrendszerek\/fem-toronyrendszerek\/peak-pilatesystem-deluxe\/"]}]},{"@type":"ImageObject","inLanguage":"en-GB","@id":"https:\/\/peakpilates.hu\/termekek\/toronyrendszerek\/fem-toronyrendszerek\/peak-pilatesystem-deluxe\/#primaryimage","url":"https:\/\/peakpilates.hu\/wp-content\/uploads\/2025\/05\/peakpilates.hu-fem-toronyrendszer-3.webp","contentUrl":"https:\/\/peakpilates.hu\/wp-content\/uploads\/2025\/05\/peakpilates.hu-fem-toronyrendszer-3.webp","width":600,"height":600},{"@type":"BreadcrumbList","@id":"https:\/\/peakpilates.hu\/termekek\/toronyrendszerek\/fem-toronyrendszerek\/peak-pilatesystem-deluxe\/#breadcrumb","itemListElement":[{"@type":"ListItem","position":1,"name":"Kezd\u0151oldal","item":"https:\/\/peakpilates.hu\/"},{"@type":"ListItem","position":2,"name":"Term\u00e9kek","item":"https:\/\/peakpilates.hu\/termekek\/"},{"@type":"ListItem","position":3,"name":"Peak PilateSystem\u00ae Deluxe"}]},{"@type":"WebSite","@id":"https:\/\/peakpilates.hu\/#website","url":"https:\/\/peakpilates.hu\/","name":"Peak Pilates","description":"Beauty, function and tradition","publisher":{"@id":"https:\/\/peakpilates.hu\/#organization"},"potentialAction":[{"@type":"SearchAction","target":{"@type":"EntryPoint","urlTemplate":"https:\/\/peakpilates.hu\/?s={search_term_string}"},"query-input":{"@type":"PropertyValueSpecification","valueRequired":true,"valueName":"search_term_string"}}],"inLanguage":"en-GB"},{"@type":"Organization","@id":"https:\/\/peakpilates.hu\/#organization","name":"Peak Pilates","url":"https:\/\/peakpilates.hu\/","logo":{"@type":"ImageObject","inLanguage":"en-GB","@id":"https:\/\/peakpilates.hu\/#\/schema\/logo\/image\/","url":"https:\/\/peakpilates.hu\/wp-content\/uploads\/2025\/05\/peakpilates.hu-site-icon.webp","contentUrl":"https:\/\/peakpilates.hu\/wp-content\/uploads\/2025\/05\/peakpilates.hu-site-icon.webp","width":512,"height":512,"caption":"Peak Pilates"},"image":{"@id":"https:\/\/peakpilates.hu\/#\/schema\/logo\/image\/"}}]}},"_links":{"self":[{"href":"https:\/\/peakpilates.hu\/en\/wp-json\/wp\/v2\/product\/28143","targetHints":{"allow":["GET"]}}],"collection":[{"href":"https:\/\/peakpilates.hu\/en\/wp-json\/wp\/v2\/product"}],"about":[{"href":"https:\/\/peakpilates.hu\/en\/wp-json\/wp\/v2\/types\/product"}],"replies":[{"embeddable":true,"href":"https:\/\/peakpilates.hu\/en\/wp-json\/wp\/v2\/comments?post=28143"}],"version-history":[{"count":0,"href":"https:\/\/peakpilates.hu\/en\/wp-json\/wp\/v2\/product\/28143\/revisions"}],"wp:featuredmedia":[{"embeddable":true,"href":"https:\/\/peakpilates.hu\/en\/wp-json\/wp\/v2\/media\/29073"}],"wp:attachment":[{"href":"https:\/\/peakpilates.hu\/en\/wp-json\/wp\/v2\/media?parent=28143"}],"wp:term":[{"taxonomy":"product_brand","embeddable":true,"href":"https:\/\/peakpilates.hu\/en\/wp-json\/wp\/v2\/product_brand?post=28143"},{"taxonomy":"product_cat","embeddable":true,"href":"https:\/\/peakpilates.hu\/en\/wp-json\/wp\/v2\/product_cat?post=28143"},{"taxonomy":"product_tag","embeddable":true,"href":"https:\/\/peakpilates.hu\/en\/wp-json\/wp\/v2\/product_tag?post=28143"}],"curies":[{"name":"wp","href":"https:\/\/api.w.org\/{rel}","templated":true}]}}