{"id":28149,"date":"2025-05-28T13:32:37","date_gmt":"2025-05-28T13:32:37","guid":{"rendered":"https:\/\/infiniteq.org\/?post_type=product&#038;p=28149"},"modified":"2025-06-11T12:00:27","modified_gmt":"2025-06-11T12:00:27","slug":"klasszikus-falrendszer","status":"publish","type":"product","link":"https:\/\/peakpilates.hu\/en\/termekek\/toronyrendszerek\/fal-rendszerek\/klasszikus-falrendszer\/","title":{"rendered":"Classic wall system"},"content":{"rendered":"<p>Our classic wall system offers a cost-effective way to perform the full range of Pilates Cadillac exercises in limited spaces. The wall and floor mountable tower unit provides flexibility and versatility for smaller studios or home spaces. The wall system is great for beginners, perfect for range-of-motion exercises, helps build long, lean muscles and increase body tone, and provides a more challenging range of motion for simple floor exercises.<\/p>\n<p>The classic wall system includes a stainless steel rod system and a complete spring system.<\/p>","protected":false},"excerpt":{"rendered":"<p>Our classic wall system offers a cost-effective way to perform the full range of Pilates Cadillac exercises in limited spaces. Can be fixed to the wall or floor<\/p>","protected":false},"featured_media":29075,"comment_status":"open","ping_status":"closed","template":"","meta":[],"product_brand":[190],"product_cat":[203],"product_tag":[],"class_list":{"0":"post-28149","1":"product","2":"type-product","3":"status-publish","4":"has-post-thumbnail","6":"product_brand-peak-pilates","7":"product_cat-fal-rendszerek","9":"first","10":"instock","11":"shipping-taxable","12":"product-type-simple"},"yoast_head":"<!-- This site is optimized with the Yoast SEO plugin v26.7 - https:\/\/yoast.com\/wordpress\/plugins\/seo\/ -->\n<title>Klasszikus falrendszer | Peak Pilates | Sz\u00e9ps\u00e9g, funkci\u00f3 \u00e9s hagyom\u00e1ny<\/title>\n<meta name=\"robots\" content=\"index, follow, max-snippet:-1, max-image-preview:large, max-video-preview:-1\" \/>\n<link rel=\"canonical\" href=\"https:\/\/peakpilates.hu\/en\/termekek\/toronyrendszerek\/fal-rendszerek\/klasszikus-falrendszer\/\" \/>\n<meta property=\"og:locale\" content=\"en_GB\" \/>\n<meta property=\"og:type\" content=\"article\" \/>\n<meta property=\"og:title\" content=\"Klasszikus falrendszer | Peak Pilates | Sz\u00e9ps\u00e9g, funkci\u00f3 \u00e9s hagyom\u00e1ny\" \/>\n<meta property=\"og:description\" content=\"Klasszikus falrendszer\u00fcnk k\u00f6lts\u00e9ghat\u00e9kony m\u00f3dot k\u00edn\u00e1l a Pilates Cadillac gyakorlatok teljes sk\u00e1l\u00e1j\u00e1nak elv\u00e9gz\u00e9s\u00e9re korl\u00e1tozott helyeken. A falba \u00e9s a padl\u00f3ba r\u00f6gz\u00edthet\u0151\" \/>\n<meta property=\"og:url\" content=\"https:\/\/peakpilates.hu\/en\/termekek\/toronyrendszerek\/fal-rendszerek\/klasszikus-falrendszer\/\" \/>\n<meta property=\"og:site_name\" content=\"Peak Pilates\" \/>\n<meta property=\"article:modified_time\" content=\"2025-06-11T12:00:27+00:00\" \/>\n<meta property=\"og:image\" content=\"https:\/\/peakpilates.hu\/wp-content\/uploads\/2025\/05\/peakpilates.hu-falrendszer-2.webp\" \/>\n\t<meta property=\"og:image:width\" content=\"800\" \/>\n\t<meta property=\"og:image:height\" content=\"800\" \/>\n\t<meta property=\"og:image:type\" content=\"image\/webp\" \/>\n<meta name=\"twitter:card\" content=\"summary_large_image\" \/>\n<meta name=\"twitter:label1\" content=\"Estimated reading time\" \/>\n\t<meta name=\"twitter:data1\" content=\"1 minute\" \/>\n<script type=\"application\/ld+json\" class=\"yoast-schema-graph\">{\"@context\":\"https:\/\/schema.org\",\"@graph\":[{\"@type\":\"WebPage\",\"@id\":\"https:\/\/peakpilates.hu\/termekek\/toronyrendszerek\/fal-rendszerek\/klasszikus-falrendszer\/\",\"url\":\"https:\/\/peakpilates.hu\/termekek\/toronyrendszerek\/fal-rendszerek\/klasszikus-falrendszer\/\",\"name\":\"Klasszikus falrendszer | Peak Pilates | Sz\u00e9ps\u00e9g, funkci\u00f3 \u00e9s hagyom\u00e1ny\",\"isPartOf\":{\"@id\":\"https:\/\/peakpilates.hu\/#website\"},\"primaryImageOfPage\":{\"@id\":\"https:\/\/peakpilates.hu\/termekek\/toronyrendszerek\/fal-rendszerek\/klasszikus-falrendszer\/#primaryimage\"},\"image\":{\"@id\":\"https:\/\/peakpilates.hu\/termekek\/toronyrendszerek\/fal-rendszerek\/klasszikus-falrendszer\/#primaryimage\"},\"thumbnailUrl\":\"https:\/\/peakpilates.hu\/wp-content\/uploads\/2025\/05\/peakpilates.hu-falrendszer-2.webp\",\"datePublished\":\"2025-05-28T13:32:37+00:00\",\"dateModified\":\"2025-06-11T12:00:27+00:00\",\"breadcrumb\":{\"@id\":\"https:\/\/peakpilates.hu\/termekek\/toronyrendszerek\/fal-rendszerek\/klasszikus-falrendszer\/#breadcrumb\"},\"inLanguage\":\"en-GB\",\"potentialAction\":[{\"@type\":\"ReadAction\",\"target\":[\"https:\/\/peakpilates.hu\/termekek\/toronyrendszerek\/fal-rendszerek\/klasszikus-falrendszer\/\"]}]},{\"@type\":\"ImageObject\",\"inLanguage\":\"en-GB\",\"@id\":\"https:\/\/peakpilates.hu\/termekek\/toronyrendszerek\/fal-rendszerek\/klasszikus-falrendszer\/#primaryimage\",\"url\":\"https:\/\/peakpilates.hu\/wp-content\/uploads\/2025\/05\/peakpilates.hu-falrendszer-2.webp\",\"contentUrl\":\"https:\/\/peakpilates.hu\/wp-content\/uploads\/2025\/05\/peakpilates.hu-falrendszer-2.webp\",\"width\":800,\"height\":800},{\"@type\":\"BreadcrumbList\",\"@id\":\"https:\/\/peakpilates.hu\/termekek\/toronyrendszerek\/fal-rendszerek\/klasszikus-falrendszer\/#breadcrumb\",\"itemListElement\":[{\"@type\":\"ListItem\",\"position\":1,\"name\":\"Kezd\u0151oldal\",\"item\":\"https:\/\/peakpilates.hu\/\"},{\"@type\":\"ListItem\",\"position\":2,\"name\":\"Term\u00e9kek\",\"item\":\"https:\/\/peakpilates.hu\/termekek\/\"},{\"@type\":\"ListItem\",\"position\":3,\"name\":\"Klasszikus falrendszer\"}]},{\"@type\":\"WebSite\",\"@id\":\"https:\/\/peakpilates.hu\/#website\",\"url\":\"https:\/\/peakpilates.hu\/\",\"name\":\"Peak Pilates\",\"description\":\"Sz\u00e9ps\u00e9g, funkci\u00f3 \u00e9s hagyom\u00e1ny\",\"publisher\":{\"@id\":\"https:\/\/peakpilates.hu\/#organization\"},\"potentialAction\":[{\"@type\":\"SearchAction\",\"target\":{\"@type\":\"EntryPoint\",\"urlTemplate\":\"https:\/\/peakpilates.hu\/?s={search_term_string}\"},\"query-input\":{\"@type\":\"PropertyValueSpecification\",\"valueRequired\":true,\"valueName\":\"search_term_string\"}}],\"inLanguage\":\"en-GB\"},{\"@type\":\"Organization\",\"@id\":\"https:\/\/peakpilates.hu\/#organization\",\"name\":\"Peak Pilates\",\"url\":\"https:\/\/peakpilates.hu\/\",\"logo\":{\"@type\":\"ImageObject\",\"inLanguage\":\"en-GB\",\"@id\":\"https:\/\/peakpilates.hu\/#\/schema\/logo\/image\/\",\"url\":\"https:\/\/peakpilates.hu\/wp-content\/uploads\/2025\/05\/peakpilates.hu-site-icon.webp\",\"contentUrl\":\"https:\/\/peakpilates.hu\/wp-content\/uploads\/2025\/05\/peakpilates.hu-site-icon.webp\",\"width\":512,\"height\":512,\"caption\":\"Peak Pilates\"},\"image\":{\"@id\":\"https:\/\/peakpilates.hu\/#\/schema\/logo\/image\/\"}}]}<\/script>\n<!-- \/ Yoast SEO plugin. -->","yoast_head_json":{"title":"Klasszikus falrendszer | Peak Pilates | Sz\u00e9ps\u00e9g, funkci\u00f3 \u00e9s hagyom\u00e1ny","robots":{"index":"index","follow":"follow","max-snippet":"max-snippet:-1","max-image-preview":"max-image-preview:large","max-video-preview":"max-video-preview:-1"},"canonical":"https:\/\/peakpilates.hu\/en\/termekek\/toronyrendszerek\/fal-rendszerek\/klasszikus-falrendszer\/","og_locale":"en_GB","og_type":"article","og_title":"Klasszikus falrendszer | Peak Pilates | Sz\u00e9ps\u00e9g, funkci\u00f3 \u00e9s hagyom\u00e1ny","og_description":"Klasszikus falrendszer\u00fcnk k\u00f6lts\u00e9ghat\u00e9kony m\u00f3dot k\u00edn\u00e1l a Pilates Cadillac gyakorlatok teljes sk\u00e1l\u00e1j\u00e1nak elv\u00e9gz\u00e9s\u00e9re korl\u00e1tozott helyeken. A falba \u00e9s a padl\u00f3ba r\u00f6gz\u00edthet\u0151","og_url":"https:\/\/peakpilates.hu\/en\/termekek\/toronyrendszerek\/fal-rendszerek\/klasszikus-falrendszer\/","og_site_name":"Peak Pilates","article_modified_time":"2025-06-11T12:00:27+00:00","og_image":[{"width":800,"height":800,"url":"https:\/\/peakpilates.hu\/wp-content\/uploads\/2025\/05\/peakpilates.hu-falrendszer-2.webp","type":"image\/webp"}],"twitter_card":"summary_large_image","twitter_misc":{"Estimated reading time":"1 minute"},"schema":{"@context":"https:\/\/schema.org","@graph":[{"@type":"WebPage","@id":"https:\/\/peakpilates.hu\/termekek\/toronyrendszerek\/fal-rendszerek\/klasszikus-falrendszer\/","url":"https:\/\/peakpilates.hu\/termekek\/toronyrendszerek\/fal-rendszerek\/klasszikus-falrendszer\/","name":"Klasszikus falrendszer | Peak Pilates | Sz\u00e9ps\u00e9g, funkci\u00f3 \u00e9s hagyom\u00e1ny","isPartOf":{"@id":"https:\/\/peakpilates.hu\/#website"},"primaryImageOfPage":{"@id":"https:\/\/peakpilates.hu\/termekek\/toronyrendszerek\/fal-rendszerek\/klasszikus-falrendszer\/#primaryimage"},"image":{"@id":"https:\/\/peakpilates.hu\/termekek\/toronyrendszerek\/fal-rendszerek\/klasszikus-falrendszer\/#primaryimage"},"thumbnailUrl":"https:\/\/peakpilates.hu\/wp-content\/uploads\/2025\/05\/peakpilates.hu-falrendszer-2.webp","datePublished":"2025-05-28T13:32:37+00:00","dateModified":"2025-06-11T12:00:27+00:00","breadcrumb":{"@id":"https:\/\/peakpilates.hu\/termekek\/toronyrendszerek\/fal-rendszerek\/klasszikus-falrendszer\/#breadcrumb"},"inLanguage":"en-GB","potentialAction":[{"@type":"ReadAction","target":["https:\/\/peakpilates.hu\/termekek\/toronyrendszerek\/fal-rendszerek\/klasszikus-falrendszer\/"]}]},{"@type":"ImageObject","inLanguage":"en-GB","@id":"https:\/\/peakpilates.hu\/termekek\/toronyrendszerek\/fal-rendszerek\/klasszikus-falrendszer\/#primaryimage","url":"https:\/\/peakpilates.hu\/wp-content\/uploads\/2025\/05\/peakpilates.hu-falrendszer-2.webp","contentUrl":"https:\/\/peakpilates.hu\/wp-content\/uploads\/2025\/05\/peakpilates.hu-falrendszer-2.webp","width":800,"height":800},{"@type":"BreadcrumbList","@id":"https:\/\/peakpilates.hu\/termekek\/toronyrendszerek\/fal-rendszerek\/klasszikus-falrendszer\/#breadcrumb","itemListElement":[{"@type":"ListItem","position":1,"name":"Kezd\u0151oldal","item":"https:\/\/peakpilates.hu\/"},{"@type":"ListItem","position":2,"name":"Term\u00e9kek","item":"https:\/\/peakpilates.hu\/termekek\/"},{"@type":"ListItem","position":3,"name":"Klasszikus falrendszer"}]},{"@type":"WebSite","@id":"https:\/\/peakpilates.hu\/#website","url":"https:\/\/peakpilates.hu\/","name":"Peak Pilates","description":"Beauty, function and tradition","publisher":{"@id":"https:\/\/peakpilates.hu\/#organization"},"potentialAction":[{"@type":"SearchAction","target":{"@type":"EntryPoint","urlTemplate":"https:\/\/peakpilates.hu\/?s={search_term_string}"},"query-input":{"@type":"PropertyValueSpecification","valueRequired":true,"valueName":"search_term_string"}}],"inLanguage":"en-GB"},{"@type":"Organization","@id":"https:\/\/peakpilates.hu\/#organization","name":"Peak Pilates","url":"https:\/\/peakpilates.hu\/","logo":{"@type":"ImageObject","inLanguage":"en-GB","@id":"https:\/\/peakpilates.hu\/#\/schema\/logo\/image\/","url":"https:\/\/peakpilates.hu\/wp-content\/uploads\/2025\/05\/peakpilates.hu-site-icon.webp","contentUrl":"https:\/\/peakpilates.hu\/wp-content\/uploads\/2025\/05\/peakpilates.hu-site-icon.webp","width":512,"height":512,"caption":"Peak Pilates"},"image":{"@id":"https:\/\/peakpilates.hu\/#\/schema\/logo\/image\/"}}]}},"_links":{"self":[{"href":"https:\/\/peakpilates.hu\/en\/wp-json\/wp\/v2\/product\/28149","targetHints":{"allow":["GET"]}}],"collection":[{"href":"https:\/\/peakpilates.hu\/en\/wp-json\/wp\/v2\/product"}],"about":[{"href":"https:\/\/peakpilates.hu\/en\/wp-json\/wp\/v2\/types\/product"}],"replies":[{"embeddable":true,"href":"https:\/\/peakpilates.hu\/en\/wp-json\/wp\/v2\/comments?post=28149"}],"version-history":[{"count":0,"href":"https:\/\/peakpilates.hu\/en\/wp-json\/wp\/v2\/product\/28149\/revisions"}],"wp:featuredmedia":[{"embeddable":true,"href":"https:\/\/peakpilates.hu\/en\/wp-json\/wp\/v2\/media\/29075"}],"wp:attachment":[{"href":"https:\/\/peakpilates.hu\/en\/wp-json\/wp\/v2\/media?parent=28149"}],"wp:term":[{"taxonomy":"product_brand","embeddable":true,"href":"https:\/\/peakpilates.hu\/en\/wp-json\/wp\/v2\/product_brand?post=28149"},{"taxonomy":"product_cat","embeddable":true,"href":"https:\/\/peakpilates.hu\/en\/wp-json\/wp\/v2\/product_cat?post=28149"},{"taxonomy":"product_tag","embeddable":true,"href":"https:\/\/peakpilates.hu\/en\/wp-json\/wp\/v2\/product_tag?post=28149"}],"curies":[{"name":"wp","href":"https:\/\/api.w.org\/{rel}","templated":true}]}}