{"id":28184,"date":"2025-05-28T14:09:27","date_gmt":"2025-05-28T14:09:27","guid":{"rendered":"https:\/\/infiniteq.org\/?post_type=product&#038;p=28184"},"modified":"2025-06-11T12:03:19","modified_gmt":"2025-06-11T12:03:19","slug":"wunda-szek-balti-nyirfa-fekete","status":"publish","type":"product","link":"https:\/\/peakpilates.hu\/en\/termekek\/pilates-szekek\/fa-pilates-szekek\/wunda-szek-balti-nyirfa-fekete\/","title":{"rendered":"Wunda chair - Baltic Birch Black"},"content":{"rendered":"<p>The Wunda chair is designed as a small flat seat that converts upside down into an exercise machine with 2 bedsprings. While the design has evolved and we no longer use bedsprings, the function and purpose has stood the test of time and remained true to form. Our Wunda chair is an authentic version of the original, convertible from a workstation to a seated position, giving the appearance of elegant furniture.<\/p>\n<p>The Wunda chair's more modern approach allows for a dual-mode chair that feels more like a well-designed piece of furniture when seated, and is more comfortable and flexible than any other competing chair currently on the market.<\/p>\n<p>The new chair structure is made entirely of furniture-quality Baltic birch. All external visible hardware is concealed for a clean, smooth aesthetic.<\/p>\n<p>The removable seat and backrest cushions help to make the chair mode more comfortable. The seat\/backrest angle is adjustable for comfort and folds easily for storage in work mode.<\/p>\n<p>As an optional extra, we have added a removable seat\/backrest cushion with a comfortable angle adjustment, even when seated. The new spring storage position has been added to keep the springs in place when moving the chair and switching from sitting to working mode.<\/p>\n<p>A handle cut-out has been incorporated into the backrest to make it easier to move the chair.<\/p>\n<p>Baltic birch plywood construction for strength and beauty. The edges are exposed to show off the quality of the wood and the details of the construction.<\/p>\n<p>Round cross-section footrest for classic placement and geometry.<\/p>\n<p>Dimensions:<br \/>\n76.5 cm (M) x 54 cm (W) x 57.5 cm (H).<\/p>","protected":false},"excerpt":{"rendered":"<p>The Wunda chair is designed as a small flat seat that converts upside down into an exercise machine with 2 bedsprings. Although the design has evolved and<\/p>","protected":false},"featured_media":29052,"comment_status":"open","ping_status":"closed","template":"","meta":[],"product_brand":[190],"product_cat":[204],"product_tag":[],"class_list":{"0":"post-28184","1":"product","2":"type-product","3":"status-publish","4":"has-post-thumbnail","6":"product_brand-peak-pilates","7":"product_cat-fa-pilates-szekek","9":"first","10":"instock","11":"shipping-taxable","12":"product-type-simple"},"yoast_head":"<!-- This site is optimized with the Yoast SEO plugin v26.7 - https:\/\/yoast.com\/wordpress\/plugins\/seo\/ -->\n<title>Wunda sz\u00e9k - Balti Ny\u00edrfa Fekete | Peak Pilates | Sz\u00e9ps\u00e9g, funkci\u00f3 \u00e9s hagyom\u00e1ny<\/title>\n<meta name=\"robots\" content=\"index, follow, max-snippet:-1, max-image-preview:large, max-video-preview:-1\" \/>\n<link rel=\"canonical\" href=\"https:\/\/peakpilates.hu\/en\/termekek\/pilates-szekek\/fa-pilates-szekek\/wunda-szek-balti-nyirfa-fekete\/\" \/>\n<meta property=\"og:locale\" content=\"en_GB\" \/>\n<meta property=\"og:type\" content=\"article\" \/>\n<meta property=\"og:title\" content=\"Wunda sz\u00e9k - Balti Ny\u00edrfa Fekete | Peak Pilates | Sz\u00e9ps\u00e9g, funkci\u00f3 \u00e9s hagyom\u00e1ny\" \/>\n<meta property=\"og:description\" content=\"A Wunda sz\u00e9ket egy kis lak\u00e1s\u00fcl\u00e9snek tervezt\u00e9k, amely fejjel lefel\u00e9 2 \u00e1gyrug\u00f3val ell\u00e1tott edz\u0151g\u00e9pp\u00e9 alak\u00edthat\u00f3. B\u00e1r a diz\u00e1jn fejl\u0151d\u00f6tt, \u00e9s\" \/>\n<meta property=\"og:url\" content=\"https:\/\/peakpilates.hu\/en\/termekek\/pilates-szekek\/fa-pilates-szekek\/wunda-szek-balti-nyirfa-fekete\/\" \/>\n<meta property=\"og:site_name\" content=\"Peak Pilates\" \/>\n<meta property=\"article:modified_time\" content=\"2025-06-11T12:03:19+00:00\" \/>\n<meta property=\"og:image\" content=\"https:\/\/peakpilates.hu\/wp-content\/uploads\/2025\/05\/peakpilates.hu-wundaszek.webp\" \/>\n\t<meta property=\"og:image:width\" content=\"1300\" \/>\n\t<meta property=\"og:image:height\" content=\"1300\" \/>\n\t<meta property=\"og:image:type\" content=\"image\/webp\" \/>\n<meta name=\"twitter:card\" content=\"summary_large_image\" \/>\n<meta name=\"twitter:label1\" content=\"Estimated reading time\" \/>\n\t<meta name=\"twitter:data1\" content=\"2 minutes\" \/>\n<script type=\"application\/ld+json\" class=\"yoast-schema-graph\">{\"@context\":\"https:\/\/schema.org\",\"@graph\":[{\"@type\":\"WebPage\",\"@id\":\"https:\/\/peakpilates.hu\/termekek\/pilates-szekek\/fa-pilates-szekek\/wunda-szek-balti-nyirfa-fekete\/\",\"url\":\"https:\/\/peakpilates.hu\/termekek\/pilates-szekek\/fa-pilates-szekek\/wunda-szek-balti-nyirfa-fekete\/\",\"name\":\"Wunda sz\u00e9k - Balti Ny\u00edrfa Fekete | Peak Pilates | Sz\u00e9ps\u00e9g, funkci\u00f3 \u00e9s hagyom\u00e1ny\",\"isPartOf\":{\"@id\":\"https:\/\/peakpilates.hu\/#website\"},\"primaryImageOfPage\":{\"@id\":\"https:\/\/peakpilates.hu\/termekek\/pilates-szekek\/fa-pilates-szekek\/wunda-szek-balti-nyirfa-fekete\/#primaryimage\"},\"image\":{\"@id\":\"https:\/\/peakpilates.hu\/termekek\/pilates-szekek\/fa-pilates-szekek\/wunda-szek-balti-nyirfa-fekete\/#primaryimage\"},\"thumbnailUrl\":\"https:\/\/peakpilates.hu\/wp-content\/uploads\/2025\/05\/peakpilates.hu-wundaszek.webp\",\"datePublished\":\"2025-05-28T14:09:27+00:00\",\"dateModified\":\"2025-06-11T12:03:19+00:00\",\"breadcrumb\":{\"@id\":\"https:\/\/peakpilates.hu\/termekek\/pilates-szekek\/fa-pilates-szekek\/wunda-szek-balti-nyirfa-fekete\/#breadcrumb\"},\"inLanguage\":\"en-GB\",\"potentialAction\":[{\"@type\":\"ReadAction\",\"target\":[\"https:\/\/peakpilates.hu\/termekek\/pilates-szekek\/fa-pilates-szekek\/wunda-szek-balti-nyirfa-fekete\/\"]}]},{\"@type\":\"ImageObject\",\"inLanguage\":\"en-GB\",\"@id\":\"https:\/\/peakpilates.hu\/termekek\/pilates-szekek\/fa-pilates-szekek\/wunda-szek-balti-nyirfa-fekete\/#primaryimage\",\"url\":\"https:\/\/peakpilates.hu\/wp-content\/uploads\/2025\/05\/peakpilates.hu-wundaszek.webp\",\"contentUrl\":\"https:\/\/peakpilates.hu\/wp-content\/uploads\/2025\/05\/peakpilates.hu-wundaszek.webp\",\"width\":1300,\"height\":1300},{\"@type\":\"BreadcrumbList\",\"@id\":\"https:\/\/peakpilates.hu\/termekek\/pilates-szekek\/fa-pilates-szekek\/wunda-szek-balti-nyirfa-fekete\/#breadcrumb\",\"itemListElement\":[{\"@type\":\"ListItem\",\"position\":1,\"name\":\"Kezd\u0151oldal\",\"item\":\"https:\/\/peakpilates.hu\/\"},{\"@type\":\"ListItem\",\"position\":2,\"name\":\"Term\u00e9kek\",\"item\":\"https:\/\/peakpilates.hu\/termekek\/\"},{\"@type\":\"ListItem\",\"position\":3,\"name\":\"Wunda sz\u00e9k &#8211; Balti Ny\u00edrfa Fekete\"}]},{\"@type\":\"WebSite\",\"@id\":\"https:\/\/peakpilates.hu\/#website\",\"url\":\"https:\/\/peakpilates.hu\/\",\"name\":\"Peak Pilates\",\"description\":\"Sz\u00e9ps\u00e9g, funkci\u00f3 \u00e9s hagyom\u00e1ny\",\"publisher\":{\"@id\":\"https:\/\/peakpilates.hu\/#organization\"},\"potentialAction\":[{\"@type\":\"SearchAction\",\"target\":{\"@type\":\"EntryPoint\",\"urlTemplate\":\"https:\/\/peakpilates.hu\/?s={search_term_string}\"},\"query-input\":{\"@type\":\"PropertyValueSpecification\",\"valueRequired\":true,\"valueName\":\"search_term_string\"}}],\"inLanguage\":\"en-GB\"},{\"@type\":\"Organization\",\"@id\":\"https:\/\/peakpilates.hu\/#organization\",\"name\":\"Peak Pilates\",\"url\":\"https:\/\/peakpilates.hu\/\",\"logo\":{\"@type\":\"ImageObject\",\"inLanguage\":\"en-GB\",\"@id\":\"https:\/\/peakpilates.hu\/#\/schema\/logo\/image\/\",\"url\":\"https:\/\/peakpilates.hu\/wp-content\/uploads\/2025\/05\/peakpilates.hu-site-icon.webp\",\"contentUrl\":\"https:\/\/peakpilates.hu\/wp-content\/uploads\/2025\/05\/peakpilates.hu-site-icon.webp\",\"width\":512,\"height\":512,\"caption\":\"Peak Pilates\"},\"image\":{\"@id\":\"https:\/\/peakpilates.hu\/#\/schema\/logo\/image\/\"}}]}<\/script>\n<!-- \/ Yoast SEO plugin. -->","yoast_head_json":{"title":"Wunda sz\u00e9k - Balti Ny\u00edrfa Fekete | Peak Pilates | Sz\u00e9ps\u00e9g, funkci\u00f3 \u00e9s hagyom\u00e1ny","robots":{"index":"index","follow":"follow","max-snippet":"max-snippet:-1","max-image-preview":"max-image-preview:large","max-video-preview":"max-video-preview:-1"},"canonical":"https:\/\/peakpilates.hu\/en\/termekek\/pilates-szekek\/fa-pilates-szekek\/wunda-szek-balti-nyirfa-fekete\/","og_locale":"en_GB","og_type":"article","og_title":"Wunda sz\u00e9k - Balti Ny\u00edrfa Fekete | Peak Pilates | Sz\u00e9ps\u00e9g, funkci\u00f3 \u00e9s hagyom\u00e1ny","og_description":"A Wunda sz\u00e9ket egy kis lak\u00e1s\u00fcl\u00e9snek tervezt\u00e9k, amely fejjel lefel\u00e9 2 \u00e1gyrug\u00f3val ell\u00e1tott edz\u0151g\u00e9pp\u00e9 alak\u00edthat\u00f3. B\u00e1r a diz\u00e1jn fejl\u0151d\u00f6tt, \u00e9s","og_url":"https:\/\/peakpilates.hu\/en\/termekek\/pilates-szekek\/fa-pilates-szekek\/wunda-szek-balti-nyirfa-fekete\/","og_site_name":"Peak Pilates","article_modified_time":"2025-06-11T12:03:19+00:00","og_image":[{"width":1300,"height":1300,"url":"https:\/\/peakpilates.hu\/wp-content\/uploads\/2025\/05\/peakpilates.hu-wundaszek.webp","type":"image\/webp"}],"twitter_card":"summary_large_image","twitter_misc":{"Estimated reading time":"2 minutes"},"schema":{"@context":"https:\/\/schema.org","@graph":[{"@type":"WebPage","@id":"https:\/\/peakpilates.hu\/termekek\/pilates-szekek\/fa-pilates-szekek\/wunda-szek-balti-nyirfa-fekete\/","url":"https:\/\/peakpilates.hu\/termekek\/pilates-szekek\/fa-pilates-szekek\/wunda-szek-balti-nyirfa-fekete\/","name":"Wunda sz\u00e9k - Balti Ny\u00edrfa Fekete | Peak Pilates | Sz\u00e9ps\u00e9g, funkci\u00f3 \u00e9s hagyom\u00e1ny","isPartOf":{"@id":"https:\/\/peakpilates.hu\/#website"},"primaryImageOfPage":{"@id":"https:\/\/peakpilates.hu\/termekek\/pilates-szekek\/fa-pilates-szekek\/wunda-szek-balti-nyirfa-fekete\/#primaryimage"},"image":{"@id":"https:\/\/peakpilates.hu\/termekek\/pilates-szekek\/fa-pilates-szekek\/wunda-szek-balti-nyirfa-fekete\/#primaryimage"},"thumbnailUrl":"https:\/\/peakpilates.hu\/wp-content\/uploads\/2025\/05\/peakpilates.hu-wundaszek.webp","datePublished":"2025-05-28T14:09:27+00:00","dateModified":"2025-06-11T12:03:19+00:00","breadcrumb":{"@id":"https:\/\/peakpilates.hu\/termekek\/pilates-szekek\/fa-pilates-szekek\/wunda-szek-balti-nyirfa-fekete\/#breadcrumb"},"inLanguage":"en-GB","potentialAction":[{"@type":"ReadAction","target":["https:\/\/peakpilates.hu\/termekek\/pilates-szekek\/fa-pilates-szekek\/wunda-szek-balti-nyirfa-fekete\/"]}]},{"@type":"ImageObject","inLanguage":"en-GB","@id":"https:\/\/peakpilates.hu\/termekek\/pilates-szekek\/fa-pilates-szekek\/wunda-szek-balti-nyirfa-fekete\/#primaryimage","url":"https:\/\/peakpilates.hu\/wp-content\/uploads\/2025\/05\/peakpilates.hu-wundaszek.webp","contentUrl":"https:\/\/peakpilates.hu\/wp-content\/uploads\/2025\/05\/peakpilates.hu-wundaszek.webp","width":1300,"height":1300},{"@type":"BreadcrumbList","@id":"https:\/\/peakpilates.hu\/termekek\/pilates-szekek\/fa-pilates-szekek\/wunda-szek-balti-nyirfa-fekete\/#breadcrumb","itemListElement":[{"@type":"ListItem","position":1,"name":"Kezd\u0151oldal","item":"https:\/\/peakpilates.hu\/"},{"@type":"ListItem","position":2,"name":"Term\u00e9kek","item":"https:\/\/peakpilates.hu\/termekek\/"},{"@type":"ListItem","position":3,"name":"Wunda sz\u00e9k &#8211; Balti Ny\u00edrfa Fekete"}]},{"@type":"WebSite","@id":"https:\/\/peakpilates.hu\/#website","url":"https:\/\/peakpilates.hu\/","name":"Peak Pilates","description":"Beauty, function and tradition","publisher":{"@id":"https:\/\/peakpilates.hu\/#organization"},"potentialAction":[{"@type":"SearchAction","target":{"@type":"EntryPoint","urlTemplate":"https:\/\/peakpilates.hu\/?s={search_term_string}"},"query-input":{"@type":"PropertyValueSpecification","valueRequired":true,"valueName":"search_term_string"}}],"inLanguage":"en-GB"},{"@type":"Organization","@id":"https:\/\/peakpilates.hu\/#organization","name":"Peak Pilates","url":"https:\/\/peakpilates.hu\/","logo":{"@type":"ImageObject","inLanguage":"en-GB","@id":"https:\/\/peakpilates.hu\/#\/schema\/logo\/image\/","url":"https:\/\/peakpilates.hu\/wp-content\/uploads\/2025\/05\/peakpilates.hu-site-icon.webp","contentUrl":"https:\/\/peakpilates.hu\/wp-content\/uploads\/2025\/05\/peakpilates.hu-site-icon.webp","width":512,"height":512,"caption":"Peak Pilates"},"image":{"@id":"https:\/\/peakpilates.hu\/#\/schema\/logo\/image\/"}}]}},"_links":{"self":[{"href":"https:\/\/peakpilates.hu\/en\/wp-json\/wp\/v2\/product\/28184","targetHints":{"allow":["GET"]}}],"collection":[{"href":"https:\/\/peakpilates.hu\/en\/wp-json\/wp\/v2\/product"}],"about":[{"href":"https:\/\/peakpilates.hu\/en\/wp-json\/wp\/v2\/types\/product"}],"replies":[{"embeddable":true,"href":"https:\/\/peakpilates.hu\/en\/wp-json\/wp\/v2\/comments?post=28184"}],"version-history":[{"count":0,"href":"https:\/\/peakpilates.hu\/en\/wp-json\/wp\/v2\/product\/28184\/revisions"}],"wp:featuredmedia":[{"embeddable":true,"href":"https:\/\/peakpilates.hu\/en\/wp-json\/wp\/v2\/media\/29052"}],"wp:attachment":[{"href":"https:\/\/peakpilates.hu\/en\/wp-json\/wp\/v2\/media?parent=28184"}],"wp:term":[{"taxonomy":"product_brand","embeddable":true,"href":"https:\/\/peakpilates.hu\/en\/wp-json\/wp\/v2\/product_brand?post=28184"},{"taxonomy":"product_cat","embeddable":true,"href":"https:\/\/peakpilates.hu\/en\/wp-json\/wp\/v2\/product_cat?post=28184"},{"taxonomy":"product_tag","embeddable":true,"href":"https:\/\/peakpilates.hu\/en\/wp-json\/wp\/v2\/product_tag?post=28184"}],"curies":[{"name":"wp","href":"https:\/\/api.w.org\/{rel}","templated":true}]}}