{"id":28190,"date":"2025-05-28T14:12:45","date_gmt":"2025-05-28T14:12:45","guid":{"rendered":"https:\/\/infiniteq.org\/?post_type=product&#038;p=28190"},"modified":"2025-06-11T12:03:55","modified_gmt":"2025-06-11T12:03:55","slug":"mve-fitneszszek-osztott-pedallal","status":"publish","type":"product","link":"https:\/\/peakpilates.hu\/en\/termekek\/pilates-szekek\/fem-pilates-szekek\/mve-fitneszszek-osztott-pedallal\/","title":{"rendered":"MVe\u00ae fitness chair (with split pedal)"},"content":{"rendered":"<p>The versatile MVe\u00ae chair (with split pedals) brings Pilates chair training to the public. Stylish, metal, sturdy, stackable (up to 5 high to save space) and portable. Ideal for individual workouts or small group classes. Expand your performance capabilities with the MVe\u00ae split pedal chair with optional handles. Increase your options for athletic and therapeutic applications.<\/p>\n<p>MEASUREMENTS:<\/p>\n<p>60cm x 79cm x 94cm<\/p>\n<p>TARTALMAZZA:<\/p>\n<p>Unique release lever for easy transition between single and split pedal<br \/>\nFourteen spring resistance levels for exercise specificity and refinement<br \/>\nThe anodised aluminium in the 100% provides the MVe chair with an incredibly light and nimble frame, yet still provides strength to support a full range of body shapes.<br \/>\nLightweight, robust and easy to stack by one person<br \/>\nStackable in 5 heights with a unique nesting design for stability<br \/>\nEasily replaceable spring system. Never wrestle with or remove a spring again<br \/>\nBeautiful, durable, powder coated, open frame allows for custom modifications<br \/>\nWider pedal for greater arc and range of motion (split pedal)<br \/>\nAvailable with black upholstery only<\/p>","protected":false},"excerpt":{"rendered":"<p>The versatile MVe\u00ae chair (with split pedals) brings Pilates chair training to the public. Stylish, metal, stable, stackable<\/p>","protected":false},"featured_media":29053,"comment_status":"open","ping_status":"closed","template":"","meta":[],"product_brand":[190],"product_cat":[205],"product_tag":[],"class_list":{"0":"post-28190","1":"product","2":"type-product","3":"status-publish","4":"has-post-thumbnail","6":"product_brand-peak-pilates","7":"product_cat-fem-pilates-szekek","9":"first","10":"instock","11":"shipping-taxable","12":"product-type-simple"},"yoast_head":"<!-- This site is optimized with the Yoast SEO plugin v26.7 - https:\/\/yoast.com\/wordpress\/plugins\/seo\/ -->\n<title>MVe\u00ae fitneszsz\u00e9k (osztott ped\u00e1llal) | Peak Pilates | Sz\u00e9ps\u00e9g, funkci\u00f3 \u00e9s hagyom\u00e1ny<\/title>\n<meta name=\"robots\" content=\"index, follow, max-snippet:-1, max-image-preview:large, max-video-preview:-1\" \/>\n<link rel=\"canonical\" href=\"https:\/\/peakpilates.hu\/en\/termekek\/pilates-szekek\/fem-pilates-szekek\/mve-fitneszszek-osztott-pedallal\/\" \/>\n<meta property=\"og:locale\" content=\"en_GB\" \/>\n<meta property=\"og:type\" content=\"article\" \/>\n<meta property=\"og:title\" content=\"MVe\u00ae fitneszsz\u00e9k (osztott ped\u00e1llal) | Peak Pilates | Sz\u00e9ps\u00e9g, funkci\u00f3 \u00e9s hagyom\u00e1ny\" \/>\n<meta property=\"og:description\" content=\"A sokoldal\u00fa MVe\u00ae sz\u00e9k (osztott ped\u00e1llal) a Pilates sz\u00e9kes edz\u00e9st hozza el a k\u00f6ztudatba. Eleg\u00e1ns, f\u00e9mb\u0151l k\u00e9sz\u00fclt, stabil, egym\u00e1sra rakhat\u00f3\" \/>\n<meta property=\"og:url\" content=\"https:\/\/peakpilates.hu\/en\/termekek\/pilates-szekek\/fem-pilates-szekek\/mve-fitneszszek-osztott-pedallal\/\" \/>\n<meta property=\"og:site_name\" content=\"Peak Pilates\" \/>\n<meta property=\"article:modified_time\" content=\"2025-06-11T12:03:55+00:00\" \/>\n<meta property=\"og:image\" content=\"https:\/\/peakpilates.hu\/wp-content\/uploads\/2025\/05\/peakpilates.hu-fem-szek.webp\" \/>\n\t<meta property=\"og:image:width\" content=\"1100\" \/>\n\t<meta property=\"og:image:height\" content=\"1100\" \/>\n\t<meta property=\"og:image:type\" content=\"image\/webp\" \/>\n<meta name=\"twitter:card\" content=\"summary_large_image\" \/>\n<meta name=\"twitter:label1\" content=\"Estimated reading time\" \/>\n\t<meta name=\"twitter:data1\" content=\"2 minutes\" \/>\n<script type=\"application\/ld+json\" class=\"yoast-schema-graph\">{\"@context\":\"https:\/\/schema.org\",\"@graph\":[{\"@type\":\"WebPage\",\"@id\":\"https:\/\/peakpilates.hu\/termekek\/pilates-szekek\/fem-pilates-szekek\/mve-fitneszszek-osztott-pedallal\/\",\"url\":\"https:\/\/peakpilates.hu\/termekek\/pilates-szekek\/fem-pilates-szekek\/mve-fitneszszek-osztott-pedallal\/\",\"name\":\"MVe\u00ae fitneszsz\u00e9k (osztott ped\u00e1llal) | Peak Pilates | Sz\u00e9ps\u00e9g, funkci\u00f3 \u00e9s hagyom\u00e1ny\",\"isPartOf\":{\"@id\":\"https:\/\/peakpilates.hu\/#website\"},\"primaryImageOfPage\":{\"@id\":\"https:\/\/peakpilates.hu\/termekek\/pilates-szekek\/fem-pilates-szekek\/mve-fitneszszek-osztott-pedallal\/#primaryimage\"},\"image\":{\"@id\":\"https:\/\/peakpilates.hu\/termekek\/pilates-szekek\/fem-pilates-szekek\/mve-fitneszszek-osztott-pedallal\/#primaryimage\"},\"thumbnailUrl\":\"https:\/\/peakpilates.hu\/wp-content\/uploads\/2025\/05\/peakpilates.hu-fem-szek.webp\",\"datePublished\":\"2025-05-28T14:12:45+00:00\",\"dateModified\":\"2025-06-11T12:03:55+00:00\",\"breadcrumb\":{\"@id\":\"https:\/\/peakpilates.hu\/termekek\/pilates-szekek\/fem-pilates-szekek\/mve-fitneszszek-osztott-pedallal\/#breadcrumb\"},\"inLanguage\":\"en-GB\",\"potentialAction\":[{\"@type\":\"ReadAction\",\"target\":[\"https:\/\/peakpilates.hu\/termekek\/pilates-szekek\/fem-pilates-szekek\/mve-fitneszszek-osztott-pedallal\/\"]}]},{\"@type\":\"ImageObject\",\"inLanguage\":\"en-GB\",\"@id\":\"https:\/\/peakpilates.hu\/termekek\/pilates-szekek\/fem-pilates-szekek\/mve-fitneszszek-osztott-pedallal\/#primaryimage\",\"url\":\"https:\/\/peakpilates.hu\/wp-content\/uploads\/2025\/05\/peakpilates.hu-fem-szek.webp\",\"contentUrl\":\"https:\/\/peakpilates.hu\/wp-content\/uploads\/2025\/05\/peakpilates.hu-fem-szek.webp\",\"width\":1100,\"height\":1100},{\"@type\":\"BreadcrumbList\",\"@id\":\"https:\/\/peakpilates.hu\/termekek\/pilates-szekek\/fem-pilates-szekek\/mve-fitneszszek-osztott-pedallal\/#breadcrumb\",\"itemListElement\":[{\"@type\":\"ListItem\",\"position\":1,\"name\":\"Kezd\u0151oldal\",\"item\":\"https:\/\/peakpilates.hu\/\"},{\"@type\":\"ListItem\",\"position\":2,\"name\":\"Term\u00e9kek\",\"item\":\"https:\/\/peakpilates.hu\/termekek\/\"},{\"@type\":\"ListItem\",\"position\":3,\"name\":\"MVe\u00ae fitneszsz\u00e9k (osztott ped\u00e1llal)\"}]},{\"@type\":\"WebSite\",\"@id\":\"https:\/\/peakpilates.hu\/#website\",\"url\":\"https:\/\/peakpilates.hu\/\",\"name\":\"Peak Pilates\",\"description\":\"Sz\u00e9ps\u00e9g, funkci\u00f3 \u00e9s hagyom\u00e1ny\",\"publisher\":{\"@id\":\"https:\/\/peakpilates.hu\/#organization\"},\"potentialAction\":[{\"@type\":\"SearchAction\",\"target\":{\"@type\":\"EntryPoint\",\"urlTemplate\":\"https:\/\/peakpilates.hu\/?s={search_term_string}\"},\"query-input\":{\"@type\":\"PropertyValueSpecification\",\"valueRequired\":true,\"valueName\":\"search_term_string\"}}],\"inLanguage\":\"en-GB\"},{\"@type\":\"Organization\",\"@id\":\"https:\/\/peakpilates.hu\/#organization\",\"name\":\"Peak Pilates\",\"url\":\"https:\/\/peakpilates.hu\/\",\"logo\":{\"@type\":\"ImageObject\",\"inLanguage\":\"en-GB\",\"@id\":\"https:\/\/peakpilates.hu\/#\/schema\/logo\/image\/\",\"url\":\"https:\/\/peakpilates.hu\/wp-content\/uploads\/2025\/05\/peakpilates.hu-site-icon.webp\",\"contentUrl\":\"https:\/\/peakpilates.hu\/wp-content\/uploads\/2025\/05\/peakpilates.hu-site-icon.webp\",\"width\":512,\"height\":512,\"caption\":\"Peak Pilates\"},\"image\":{\"@id\":\"https:\/\/peakpilates.hu\/#\/schema\/logo\/image\/\"}}]}<\/script>\n<!-- \/ Yoast SEO plugin. -->","yoast_head_json":{"title":"MVe\u00ae fitneszsz\u00e9k (osztott ped\u00e1llal) | Peak Pilates | Sz\u00e9ps\u00e9g, funkci\u00f3 \u00e9s hagyom\u00e1ny","robots":{"index":"index","follow":"follow","max-snippet":"max-snippet:-1","max-image-preview":"max-image-preview:large","max-video-preview":"max-video-preview:-1"},"canonical":"https:\/\/peakpilates.hu\/en\/termekek\/pilates-szekek\/fem-pilates-szekek\/mve-fitneszszek-osztott-pedallal\/","og_locale":"en_GB","og_type":"article","og_title":"MVe\u00ae fitneszsz\u00e9k (osztott ped\u00e1llal) | Peak Pilates | Sz\u00e9ps\u00e9g, funkci\u00f3 \u00e9s hagyom\u00e1ny","og_description":"A sokoldal\u00fa MVe\u00ae sz\u00e9k (osztott ped\u00e1llal) a Pilates sz\u00e9kes edz\u00e9st hozza el a k\u00f6ztudatba. Eleg\u00e1ns, f\u00e9mb\u0151l k\u00e9sz\u00fclt, stabil, egym\u00e1sra rakhat\u00f3","og_url":"https:\/\/peakpilates.hu\/en\/termekek\/pilates-szekek\/fem-pilates-szekek\/mve-fitneszszek-osztott-pedallal\/","og_site_name":"Peak Pilates","article_modified_time":"2025-06-11T12:03:55+00:00","og_image":[{"width":1100,"height":1100,"url":"https:\/\/peakpilates.hu\/wp-content\/uploads\/2025\/05\/peakpilates.hu-fem-szek.webp","type":"image\/webp"}],"twitter_card":"summary_large_image","twitter_misc":{"Estimated reading time":"2 minutes"},"schema":{"@context":"https:\/\/schema.org","@graph":[{"@type":"WebPage","@id":"https:\/\/peakpilates.hu\/termekek\/pilates-szekek\/fem-pilates-szekek\/mve-fitneszszek-osztott-pedallal\/","url":"https:\/\/peakpilates.hu\/termekek\/pilates-szekek\/fem-pilates-szekek\/mve-fitneszszek-osztott-pedallal\/","name":"MVe\u00ae fitneszsz\u00e9k (osztott ped\u00e1llal) | Peak Pilates | Sz\u00e9ps\u00e9g, funkci\u00f3 \u00e9s hagyom\u00e1ny","isPartOf":{"@id":"https:\/\/peakpilates.hu\/#website"},"primaryImageOfPage":{"@id":"https:\/\/peakpilates.hu\/termekek\/pilates-szekek\/fem-pilates-szekek\/mve-fitneszszek-osztott-pedallal\/#primaryimage"},"image":{"@id":"https:\/\/peakpilates.hu\/termekek\/pilates-szekek\/fem-pilates-szekek\/mve-fitneszszek-osztott-pedallal\/#primaryimage"},"thumbnailUrl":"https:\/\/peakpilates.hu\/wp-content\/uploads\/2025\/05\/peakpilates.hu-fem-szek.webp","datePublished":"2025-05-28T14:12:45+00:00","dateModified":"2025-06-11T12:03:55+00:00","breadcrumb":{"@id":"https:\/\/peakpilates.hu\/termekek\/pilates-szekek\/fem-pilates-szekek\/mve-fitneszszek-osztott-pedallal\/#breadcrumb"},"inLanguage":"en-GB","potentialAction":[{"@type":"ReadAction","target":["https:\/\/peakpilates.hu\/termekek\/pilates-szekek\/fem-pilates-szekek\/mve-fitneszszek-osztott-pedallal\/"]}]},{"@type":"ImageObject","inLanguage":"en-GB","@id":"https:\/\/peakpilates.hu\/termekek\/pilates-szekek\/fem-pilates-szekek\/mve-fitneszszek-osztott-pedallal\/#primaryimage","url":"https:\/\/peakpilates.hu\/wp-content\/uploads\/2025\/05\/peakpilates.hu-fem-szek.webp","contentUrl":"https:\/\/peakpilates.hu\/wp-content\/uploads\/2025\/05\/peakpilates.hu-fem-szek.webp","width":1100,"height":1100},{"@type":"BreadcrumbList","@id":"https:\/\/peakpilates.hu\/termekek\/pilates-szekek\/fem-pilates-szekek\/mve-fitneszszek-osztott-pedallal\/#breadcrumb","itemListElement":[{"@type":"ListItem","position":1,"name":"Kezd\u0151oldal","item":"https:\/\/peakpilates.hu\/"},{"@type":"ListItem","position":2,"name":"Term\u00e9kek","item":"https:\/\/peakpilates.hu\/termekek\/"},{"@type":"ListItem","position":3,"name":"MVe\u00ae fitneszsz\u00e9k (osztott ped\u00e1llal)"}]},{"@type":"WebSite","@id":"https:\/\/peakpilates.hu\/#website","url":"https:\/\/peakpilates.hu\/","name":"Peak Pilates","description":"Beauty, function and tradition","publisher":{"@id":"https:\/\/peakpilates.hu\/#organization"},"potentialAction":[{"@type":"SearchAction","target":{"@type":"EntryPoint","urlTemplate":"https:\/\/peakpilates.hu\/?s={search_term_string}"},"query-input":{"@type":"PropertyValueSpecification","valueRequired":true,"valueName":"search_term_string"}}],"inLanguage":"en-GB"},{"@type":"Organization","@id":"https:\/\/peakpilates.hu\/#organization","name":"Peak Pilates","url":"https:\/\/peakpilates.hu\/","logo":{"@type":"ImageObject","inLanguage":"en-GB","@id":"https:\/\/peakpilates.hu\/#\/schema\/logo\/image\/","url":"https:\/\/peakpilates.hu\/wp-content\/uploads\/2025\/05\/peakpilates.hu-site-icon.webp","contentUrl":"https:\/\/peakpilates.hu\/wp-content\/uploads\/2025\/05\/peakpilates.hu-site-icon.webp","width":512,"height":512,"caption":"Peak Pilates"},"image":{"@id":"https:\/\/peakpilates.hu\/#\/schema\/logo\/image\/"}}]}},"_links":{"self":[{"href":"https:\/\/peakpilates.hu\/en\/wp-json\/wp\/v2\/product\/28190","targetHints":{"allow":["GET"]}}],"collection":[{"href":"https:\/\/peakpilates.hu\/en\/wp-json\/wp\/v2\/product"}],"about":[{"href":"https:\/\/peakpilates.hu\/en\/wp-json\/wp\/v2\/types\/product"}],"replies":[{"embeddable":true,"href":"https:\/\/peakpilates.hu\/en\/wp-json\/wp\/v2\/comments?post=28190"}],"version-history":[{"count":0,"href":"https:\/\/peakpilates.hu\/en\/wp-json\/wp\/v2\/product\/28190\/revisions"}],"wp:featuredmedia":[{"embeddable":true,"href":"https:\/\/peakpilates.hu\/en\/wp-json\/wp\/v2\/media\/29053"}],"wp:attachment":[{"href":"https:\/\/peakpilates.hu\/en\/wp-json\/wp\/v2\/media?parent=28190"}],"wp:term":[{"taxonomy":"product_brand","embeddable":true,"href":"https:\/\/peakpilates.hu\/en\/wp-json\/wp\/v2\/product_brand?post=28190"},{"taxonomy":"product_cat","embeddable":true,"href":"https:\/\/peakpilates.hu\/en\/wp-json\/wp\/v2\/product_cat?post=28190"},{"taxonomy":"product_tag","embeddable":true,"href":"https:\/\/peakpilates.hu\/en\/wp-json\/wp\/v2\/product_tag?post=28190"}],"curies":[{"name":"wp","href":"https:\/\/api.w.org\/{rel}","templated":true}]}}