{"id":28194,"date":"2025-05-28T14:16:35","date_gmt":"2025-05-28T14:16:35","guid":{"rendered":"https:\/\/infiniteq.org\/?post_type=product&#038;p=28194"},"modified":"2025-06-11T12:04:04","modified_gmt":"2025-06-11T12:04:04","slug":"mve-osztott-pedalos-szek-fogantyukkal","status":"publish","type":"product","link":"https:\/\/peakpilates.hu\/en\/termekek\/pilates-szekek\/fem-pilates-szekek\/mve-osztott-pedalos-szek-fogantyukkal\/","title":{"rendered":"MVe\u00ae split pedal chair with handles"},"content":{"rendered":"<p>The versatile MVe\u00ae chair brings Pilates chair training to the public. It is sleek, made of metal, stable, stackable (up to 5 can be stacked to save space) and portable. Ideal for individual workouts or small group classes.<\/p>\n<p>The MVe\u00ae split pedal chair with handles offers expanded performance options. Increase your options for participation in small group exercise classes as well as athletic and therapeutic applications. Explore advanced concepts in springiness, body awareness, movement dynamics and exercise complexity. Versatile and portable, the MVe\u00ae chair is perfect for individual workouts, duets, and adding challenges to your traditional Pilates repertoire.<\/p>","protected":false},"excerpt":{"rendered":"<p>The versatile MVe\u00ae chair brings Pilates chair training to the public. Sleek, metal, sturdy, stackable (up to<\/p>","protected":false},"featured_media":29054,"comment_status":"open","ping_status":"closed","template":"","meta":[],"product_brand":[190],"product_cat":[205],"product_tag":[],"class_list":{"0":"post-28194","1":"product","2":"type-product","3":"status-publish","4":"has-post-thumbnail","6":"product_brand-peak-pilates","7":"product_cat-fem-pilates-szekek","9":"first","10":"instock","11":"shipping-taxable","12":"product-type-simple"},"yoast_head":"<!-- This site is optimized with the Yoast SEO plugin v26.7 - https:\/\/yoast.com\/wordpress\/plugins\/seo\/ -->\n<title>MVe\u00ae osztott ped\u00e1los sz\u00e9k foganty\u00fakkal | Peak Pilates | Sz\u00e9ps\u00e9g, funkci\u00f3 \u00e9s hagyom\u00e1ny<\/title>\n<meta name=\"robots\" content=\"index, follow, max-snippet:-1, max-image-preview:large, max-video-preview:-1\" \/>\n<link rel=\"canonical\" href=\"https:\/\/peakpilates.hu\/en\/termekek\/pilates-szekek\/fem-pilates-szekek\/mve-osztott-pedalos-szek-fogantyukkal\/\" \/>\n<meta property=\"og:locale\" content=\"en_GB\" \/>\n<meta property=\"og:type\" content=\"article\" \/>\n<meta property=\"og:title\" content=\"MVe\u00ae osztott ped\u00e1los sz\u00e9k foganty\u00fakkal | Peak Pilates | Sz\u00e9ps\u00e9g, funkci\u00f3 \u00e9s hagyom\u00e1ny\" \/>\n<meta property=\"og:description\" content=\"A sokoldal\u00fa MVe\u00ae sz\u00e9k a Pilates sz\u00e9kes edz\u00e9st a k\u00f6ztudatba hozza. Karcs\u00fa, f\u00e9mb\u0151l k\u00e9sz\u00fclt, stabil, egym\u00e1sra rakhat\u00f3 (helytakar\u00e9koss\u00e1g \u00e9rdek\u00e9ben ak\u00e1r\" \/>\n<meta property=\"og:url\" content=\"https:\/\/peakpilates.hu\/en\/termekek\/pilates-szekek\/fem-pilates-szekek\/mve-osztott-pedalos-szek-fogantyukkal\/\" \/>\n<meta property=\"og:site_name\" content=\"Peak Pilates\" \/>\n<meta property=\"article:modified_time\" content=\"2025-06-11T12:04:04+00:00\" \/>\n<meta property=\"og:image\" content=\"https:\/\/peakpilates.hu\/wp-content\/uploads\/2025\/05\/peakpilates.hu-fem-szek-2.webp\" \/>\n\t<meta property=\"og:image:width\" content=\"500\" \/>\n\t<meta property=\"og:image:height\" content=\"500\" \/>\n\t<meta property=\"og:image:type\" content=\"image\/webp\" \/>\n<meta name=\"twitter:card\" content=\"summary_large_image\" \/>\n<meta name=\"twitter:label1\" content=\"Estimated reading time\" \/>\n\t<meta name=\"twitter:data1\" content=\"1 minute\" \/>\n<script type=\"application\/ld+json\" class=\"yoast-schema-graph\">{\"@context\":\"https:\/\/schema.org\",\"@graph\":[{\"@type\":\"WebPage\",\"@id\":\"https:\/\/peakpilates.hu\/termekek\/pilates-szekek\/fem-pilates-szekek\/mve-osztott-pedalos-szek-fogantyukkal\/\",\"url\":\"https:\/\/peakpilates.hu\/termekek\/pilates-szekek\/fem-pilates-szekek\/mve-osztott-pedalos-szek-fogantyukkal\/\",\"name\":\"MVe\u00ae osztott ped\u00e1los sz\u00e9k foganty\u00fakkal | Peak Pilates | Sz\u00e9ps\u00e9g, funkci\u00f3 \u00e9s hagyom\u00e1ny\",\"isPartOf\":{\"@id\":\"https:\/\/peakpilates.hu\/#website\"},\"primaryImageOfPage\":{\"@id\":\"https:\/\/peakpilates.hu\/termekek\/pilates-szekek\/fem-pilates-szekek\/mve-osztott-pedalos-szek-fogantyukkal\/#primaryimage\"},\"image\":{\"@id\":\"https:\/\/peakpilates.hu\/termekek\/pilates-szekek\/fem-pilates-szekek\/mve-osztott-pedalos-szek-fogantyukkal\/#primaryimage\"},\"thumbnailUrl\":\"https:\/\/peakpilates.hu\/wp-content\/uploads\/2025\/05\/peakpilates.hu-fem-szek-2.webp\",\"datePublished\":\"2025-05-28T14:16:35+00:00\",\"dateModified\":\"2025-06-11T12:04:04+00:00\",\"breadcrumb\":{\"@id\":\"https:\/\/peakpilates.hu\/termekek\/pilates-szekek\/fem-pilates-szekek\/mve-osztott-pedalos-szek-fogantyukkal\/#breadcrumb\"},\"inLanguage\":\"en-GB\",\"potentialAction\":[{\"@type\":\"ReadAction\",\"target\":[\"https:\/\/peakpilates.hu\/termekek\/pilates-szekek\/fem-pilates-szekek\/mve-osztott-pedalos-szek-fogantyukkal\/\"]}]},{\"@type\":\"ImageObject\",\"inLanguage\":\"en-GB\",\"@id\":\"https:\/\/peakpilates.hu\/termekek\/pilates-szekek\/fem-pilates-szekek\/mve-osztott-pedalos-szek-fogantyukkal\/#primaryimage\",\"url\":\"https:\/\/peakpilates.hu\/wp-content\/uploads\/2025\/05\/peakpilates.hu-fem-szek-2.webp\",\"contentUrl\":\"https:\/\/peakpilates.hu\/wp-content\/uploads\/2025\/05\/peakpilates.hu-fem-szek-2.webp\",\"width\":500,\"height\":500},{\"@type\":\"BreadcrumbList\",\"@id\":\"https:\/\/peakpilates.hu\/termekek\/pilates-szekek\/fem-pilates-szekek\/mve-osztott-pedalos-szek-fogantyukkal\/#breadcrumb\",\"itemListElement\":[{\"@type\":\"ListItem\",\"position\":1,\"name\":\"Kezd\u0151oldal\",\"item\":\"https:\/\/peakpilates.hu\/\"},{\"@type\":\"ListItem\",\"position\":2,\"name\":\"Term\u00e9kek\",\"item\":\"https:\/\/peakpilates.hu\/termekek\/\"},{\"@type\":\"ListItem\",\"position\":3,\"name\":\"MVe\u00ae osztott ped\u00e1los sz\u00e9k foganty\u00fakkal\"}]},{\"@type\":\"WebSite\",\"@id\":\"https:\/\/peakpilates.hu\/#website\",\"url\":\"https:\/\/peakpilates.hu\/\",\"name\":\"Peak Pilates\",\"description\":\"Sz\u00e9ps\u00e9g, funkci\u00f3 \u00e9s hagyom\u00e1ny\",\"publisher\":{\"@id\":\"https:\/\/peakpilates.hu\/#organization\"},\"potentialAction\":[{\"@type\":\"SearchAction\",\"target\":{\"@type\":\"EntryPoint\",\"urlTemplate\":\"https:\/\/peakpilates.hu\/?s={search_term_string}\"},\"query-input\":{\"@type\":\"PropertyValueSpecification\",\"valueRequired\":true,\"valueName\":\"search_term_string\"}}],\"inLanguage\":\"en-GB\"},{\"@type\":\"Organization\",\"@id\":\"https:\/\/peakpilates.hu\/#organization\",\"name\":\"Peak Pilates\",\"url\":\"https:\/\/peakpilates.hu\/\",\"logo\":{\"@type\":\"ImageObject\",\"inLanguage\":\"en-GB\",\"@id\":\"https:\/\/peakpilates.hu\/#\/schema\/logo\/image\/\",\"url\":\"https:\/\/peakpilates.hu\/wp-content\/uploads\/2025\/05\/peakpilates.hu-site-icon.webp\",\"contentUrl\":\"https:\/\/peakpilates.hu\/wp-content\/uploads\/2025\/05\/peakpilates.hu-site-icon.webp\",\"width\":512,\"height\":512,\"caption\":\"Peak Pilates\"},\"image\":{\"@id\":\"https:\/\/peakpilates.hu\/#\/schema\/logo\/image\/\"}}]}<\/script>\n<!-- \/ Yoast SEO plugin. -->","yoast_head_json":{"title":"MVe\u00ae osztott ped\u00e1los sz\u00e9k foganty\u00fakkal | Peak Pilates | Sz\u00e9ps\u00e9g, funkci\u00f3 \u00e9s hagyom\u00e1ny","robots":{"index":"index","follow":"follow","max-snippet":"max-snippet:-1","max-image-preview":"max-image-preview:large","max-video-preview":"max-video-preview:-1"},"canonical":"https:\/\/peakpilates.hu\/en\/termekek\/pilates-szekek\/fem-pilates-szekek\/mve-osztott-pedalos-szek-fogantyukkal\/","og_locale":"en_GB","og_type":"article","og_title":"MVe\u00ae osztott ped\u00e1los sz\u00e9k foganty\u00fakkal | Peak Pilates | Sz\u00e9ps\u00e9g, funkci\u00f3 \u00e9s hagyom\u00e1ny","og_description":"A sokoldal\u00fa MVe\u00ae sz\u00e9k a Pilates sz\u00e9kes edz\u00e9st a k\u00f6ztudatba hozza. Karcs\u00fa, f\u00e9mb\u0151l k\u00e9sz\u00fclt, stabil, egym\u00e1sra rakhat\u00f3 (helytakar\u00e9koss\u00e1g \u00e9rdek\u00e9ben ak\u00e1r","og_url":"https:\/\/peakpilates.hu\/en\/termekek\/pilates-szekek\/fem-pilates-szekek\/mve-osztott-pedalos-szek-fogantyukkal\/","og_site_name":"Peak Pilates","article_modified_time":"2025-06-11T12:04:04+00:00","og_image":[{"width":500,"height":500,"url":"https:\/\/peakpilates.hu\/wp-content\/uploads\/2025\/05\/peakpilates.hu-fem-szek-2.webp","type":"image\/webp"}],"twitter_card":"summary_large_image","twitter_misc":{"Estimated reading time":"1 minute"},"schema":{"@context":"https:\/\/schema.org","@graph":[{"@type":"WebPage","@id":"https:\/\/peakpilates.hu\/termekek\/pilates-szekek\/fem-pilates-szekek\/mve-osztott-pedalos-szek-fogantyukkal\/","url":"https:\/\/peakpilates.hu\/termekek\/pilates-szekek\/fem-pilates-szekek\/mve-osztott-pedalos-szek-fogantyukkal\/","name":"MVe\u00ae osztott ped\u00e1los sz\u00e9k foganty\u00fakkal | Peak Pilates | Sz\u00e9ps\u00e9g, funkci\u00f3 \u00e9s hagyom\u00e1ny","isPartOf":{"@id":"https:\/\/peakpilates.hu\/#website"},"primaryImageOfPage":{"@id":"https:\/\/peakpilates.hu\/termekek\/pilates-szekek\/fem-pilates-szekek\/mve-osztott-pedalos-szek-fogantyukkal\/#primaryimage"},"image":{"@id":"https:\/\/peakpilates.hu\/termekek\/pilates-szekek\/fem-pilates-szekek\/mve-osztott-pedalos-szek-fogantyukkal\/#primaryimage"},"thumbnailUrl":"https:\/\/peakpilates.hu\/wp-content\/uploads\/2025\/05\/peakpilates.hu-fem-szek-2.webp","datePublished":"2025-05-28T14:16:35+00:00","dateModified":"2025-06-11T12:04:04+00:00","breadcrumb":{"@id":"https:\/\/peakpilates.hu\/termekek\/pilates-szekek\/fem-pilates-szekek\/mve-osztott-pedalos-szek-fogantyukkal\/#breadcrumb"},"inLanguage":"en-GB","potentialAction":[{"@type":"ReadAction","target":["https:\/\/peakpilates.hu\/termekek\/pilates-szekek\/fem-pilates-szekek\/mve-osztott-pedalos-szek-fogantyukkal\/"]}]},{"@type":"ImageObject","inLanguage":"en-GB","@id":"https:\/\/peakpilates.hu\/termekek\/pilates-szekek\/fem-pilates-szekek\/mve-osztott-pedalos-szek-fogantyukkal\/#primaryimage","url":"https:\/\/peakpilates.hu\/wp-content\/uploads\/2025\/05\/peakpilates.hu-fem-szek-2.webp","contentUrl":"https:\/\/peakpilates.hu\/wp-content\/uploads\/2025\/05\/peakpilates.hu-fem-szek-2.webp","width":500,"height":500},{"@type":"BreadcrumbList","@id":"https:\/\/peakpilates.hu\/termekek\/pilates-szekek\/fem-pilates-szekek\/mve-osztott-pedalos-szek-fogantyukkal\/#breadcrumb","itemListElement":[{"@type":"ListItem","position":1,"name":"Kezd\u0151oldal","item":"https:\/\/peakpilates.hu\/"},{"@type":"ListItem","position":2,"name":"Term\u00e9kek","item":"https:\/\/peakpilates.hu\/termekek\/"},{"@type":"ListItem","position":3,"name":"MVe\u00ae osztott ped\u00e1los sz\u00e9k foganty\u00fakkal"}]},{"@type":"WebSite","@id":"https:\/\/peakpilates.hu\/#website","url":"https:\/\/peakpilates.hu\/","name":"Peak Pilates","description":"Beauty, function and tradition","publisher":{"@id":"https:\/\/peakpilates.hu\/#organization"},"potentialAction":[{"@type":"SearchAction","target":{"@type":"EntryPoint","urlTemplate":"https:\/\/peakpilates.hu\/?s={search_term_string}"},"query-input":{"@type":"PropertyValueSpecification","valueRequired":true,"valueName":"search_term_string"}}],"inLanguage":"en-GB"},{"@type":"Organization","@id":"https:\/\/peakpilates.hu\/#organization","name":"Peak Pilates","url":"https:\/\/peakpilates.hu\/","logo":{"@type":"ImageObject","inLanguage":"en-GB","@id":"https:\/\/peakpilates.hu\/#\/schema\/logo\/image\/","url":"https:\/\/peakpilates.hu\/wp-content\/uploads\/2025\/05\/peakpilates.hu-site-icon.webp","contentUrl":"https:\/\/peakpilates.hu\/wp-content\/uploads\/2025\/05\/peakpilates.hu-site-icon.webp","width":512,"height":512,"caption":"Peak Pilates"},"image":{"@id":"https:\/\/peakpilates.hu\/#\/schema\/logo\/image\/"}}]}},"_links":{"self":[{"href":"https:\/\/peakpilates.hu\/en\/wp-json\/wp\/v2\/product\/28194","targetHints":{"allow":["GET"]}}],"collection":[{"href":"https:\/\/peakpilates.hu\/en\/wp-json\/wp\/v2\/product"}],"about":[{"href":"https:\/\/peakpilates.hu\/en\/wp-json\/wp\/v2\/types\/product"}],"replies":[{"embeddable":true,"href":"https:\/\/peakpilates.hu\/en\/wp-json\/wp\/v2\/comments?post=28194"}],"version-history":[{"count":0,"href":"https:\/\/peakpilates.hu\/en\/wp-json\/wp\/v2\/product\/28194\/revisions"}],"wp:featuredmedia":[{"embeddable":true,"href":"https:\/\/peakpilates.hu\/en\/wp-json\/wp\/v2\/media\/29054"}],"wp:attachment":[{"href":"https:\/\/peakpilates.hu\/en\/wp-json\/wp\/v2\/media?parent=28194"}],"wp:term":[{"taxonomy":"product_brand","embeddable":true,"href":"https:\/\/peakpilates.hu\/en\/wp-json\/wp\/v2\/product_brand?post=28194"},{"taxonomy":"product_cat","embeddable":true,"href":"https:\/\/peakpilates.hu\/en\/wp-json\/wp\/v2\/product_cat?post=28194"},{"taxonomy":"product_tag","embeddable":true,"href":"https:\/\/peakpilates.hu\/en\/wp-json\/wp\/v2\/product_tag?post=28194"}],"curies":[{"name":"wp","href":"https:\/\/api.w.org\/{rel}","templated":true}]}}