{"id":28340,"date":"2025-05-29T16:57:03","date_gmt":"2025-05-29T16:57:03","guid":{"rendered":"https:\/\/infiniteq.org\/?post_type=product&#038;p=28340"},"modified":"2025-06-03T10:37:42","modified_gmt":"2025-06-03T10:37:42","slug":"klasszikus-gerinckorrektor-balti-nyirfa-fekete","status":"publish","type":"product","link":"https:\/\/peakpilates.hu\/en\/termekek\/pilates-hordok\/klasszikus-gerinckorrektor-balti-nyirfa-fekete\/","title":{"rendered":"Classic backrest corrector - Baltic birch, black"},"content":{"rendered":"<p>The Classic Spine Corrector is designed to align, stretch, strengthen and lengthen the spine, shoulder girdle, hips and muscle groups. All original exercises can be performed with precision on this beautiful piece. Patent-pending rotating alignment handles allow for proper adjustment of the arm, elbow and wrist.<\/p>\n<p>The patent-pending rotating alignment handles drastically improve the ergonomics of all grip positions, allowing for proper adjustment of the arm, elbow and wrist.<br \/>\nThe slots in the frame make it easier to move around and allow for additional hand positioning to accommodate different shoulder braids for more advanced exercises.<br \/>\nThe new side handles are \u201eflush\u201d so that the backrests can be stacked for storage (up to 4 high).<br \/>\nIt has retained the classic operating geometry of the Classic backbone corrector.<br \/>\nRemoved all visible fasteners from the outside of the product for a clean, smooth surface and a clean design.<br \/>\nAmerican made, made of quality Baltic birch.<\/p>\n<p>Dimensions<\/p>\n<p>29 cm (M) x 47 cm (W) x 71 cm (H). 15 cm arch<br \/>\nBaltic birch frame with patent pending swivel adjustment handles.<\/p>\n<p>Upholstered stairs\/seats.<\/p>\n<p>Pipe structure:<\/p>\n<p>Made of 13 ply Baltic birch and solid American hardwood.<br \/>\nBoth the frame and the individual barrels are finished inside and out. All fittings have been removed from the exterior surfaces for a clean, smooth finish and clean design.<\/p>\n<p>Upholstery:<br \/>\nWe use premium Boltaflex\u00ae vinyl upholstery for excellent abrasion resistance and easy cleaning.<\/p>","protected":false},"excerpt":{"rendered":"<p>The Classic Spine Corrector is designed to align, stretch, strengthen and lengthen the spine, shoulder girdle, hips and muscle groups. All<\/p>","protected":false},"featured_media":29034,"comment_status":"open","ping_status":"closed","template":"","meta":[],"product_brand":[190],"product_cat":[184],"product_tag":[],"class_list":{"0":"post-28340","1":"product","2":"type-product","3":"status-publish","4":"has-post-thumbnail","6":"product_brand-peak-pilates","7":"product_cat-pilates-hordok","9":"first","10":"instock","11":"shipping-taxable","12":"product-type-simple"},"yoast_head":"<!-- This site is optimized with the Yoast SEO plugin v26.7 - https:\/\/yoast.com\/wordpress\/plugins\/seo\/ -->\n<title>Klasszikus gerinckorrektor - balti ny\u00edrfa, fekete | Peak Pilates | Sz\u00e9ps\u00e9g, funkci\u00f3 \u00e9s hagyom\u00e1ny<\/title>\n<meta name=\"robots\" content=\"index, follow, max-snippet:-1, max-image-preview:large, max-video-preview:-1\" \/>\n<link rel=\"canonical\" href=\"https:\/\/peakpilates.hu\/en\/termekek\/pilates-hordok\/klasszikus-gerinckorrektor-balti-nyirfa-fekete\/\" \/>\n<meta property=\"og:locale\" content=\"en_GB\" \/>\n<meta property=\"og:type\" content=\"article\" \/>\n<meta property=\"og:title\" content=\"Klasszikus gerinckorrektor - balti ny\u00edrfa, fekete | Peak Pilates | Sz\u00e9ps\u00e9g, funkci\u00f3 \u00e9s hagyom\u00e1ny\" \/>\n<meta property=\"og:description\" content=\"A Classic gerinckorrektor a gerinc, a v\u00e1ll\u00f6v, a cs\u00edp\u0151 \u00e9s az izomcsoport igaz\u00edt\u00e1s\u00e1ra, ny\u00fajt\u00e1s\u00e1ra, er\u0151s\u00edt\u00e9s\u00e9re \u00e9s meghosszabb\u00edt\u00e1s\u00e1ra szolg\u00e1l. Az \u00f6sszes\" \/>\n<meta property=\"og:url\" content=\"https:\/\/peakpilates.hu\/en\/termekek\/pilates-hordok\/klasszikus-gerinckorrektor-balti-nyirfa-fekete\/\" \/>\n<meta property=\"og:site_name\" content=\"Peak Pilates\" \/>\n<meta property=\"article:modified_time\" content=\"2025-06-03T10:37:42+00:00\" \/>\n<meta property=\"og:image\" content=\"https:\/\/peakpilates.hu\/wp-content\/uploads\/2025\/05\/peakpilates.hu-klasszikus-gerinckorrektor.webp\" \/>\n\t<meta property=\"og:image:width\" content=\"1200\" \/>\n\t<meta property=\"og:image:height\" content=\"1200\" \/>\n\t<meta property=\"og:image:type\" content=\"image\/webp\" \/>\n<meta name=\"twitter:card\" content=\"summary_large_image\" \/>\n<meta name=\"twitter:label1\" content=\"Estimated reading time\" \/>\n\t<meta name=\"twitter:data1\" content=\"2 minutes\" \/>\n<script type=\"application\/ld+json\" class=\"yoast-schema-graph\">{\"@context\":\"https:\/\/schema.org\",\"@graph\":[{\"@type\":\"WebPage\",\"@id\":\"https:\/\/peakpilates.hu\/termekek\/pilates-hordok\/klasszikus-gerinckorrektor-balti-nyirfa-fekete\/\",\"url\":\"https:\/\/peakpilates.hu\/termekek\/pilates-hordok\/klasszikus-gerinckorrektor-balti-nyirfa-fekete\/\",\"name\":\"Klasszikus gerinckorrektor - balti ny\u00edrfa, fekete | Peak Pilates | Sz\u00e9ps\u00e9g, funkci\u00f3 \u00e9s hagyom\u00e1ny\",\"isPartOf\":{\"@id\":\"https:\/\/peakpilates.hu\/#website\"},\"primaryImageOfPage\":{\"@id\":\"https:\/\/peakpilates.hu\/termekek\/pilates-hordok\/klasszikus-gerinckorrektor-balti-nyirfa-fekete\/#primaryimage\"},\"image\":{\"@id\":\"https:\/\/peakpilates.hu\/termekek\/pilates-hordok\/klasszikus-gerinckorrektor-balti-nyirfa-fekete\/#primaryimage\"},\"thumbnailUrl\":\"https:\/\/peakpilates.hu\/wp-content\/uploads\/2025\/05\/peakpilates.hu-klasszikus-gerinckorrektor.webp\",\"datePublished\":\"2025-05-29T16:57:03+00:00\",\"dateModified\":\"2025-06-03T10:37:42+00:00\",\"breadcrumb\":{\"@id\":\"https:\/\/peakpilates.hu\/termekek\/pilates-hordok\/klasszikus-gerinckorrektor-balti-nyirfa-fekete\/#breadcrumb\"},\"inLanguage\":\"en-GB\",\"potentialAction\":[{\"@type\":\"ReadAction\",\"target\":[\"https:\/\/peakpilates.hu\/termekek\/pilates-hordok\/klasszikus-gerinckorrektor-balti-nyirfa-fekete\/\"]}]},{\"@type\":\"ImageObject\",\"inLanguage\":\"en-GB\",\"@id\":\"https:\/\/peakpilates.hu\/termekek\/pilates-hordok\/klasszikus-gerinckorrektor-balti-nyirfa-fekete\/#primaryimage\",\"url\":\"https:\/\/peakpilates.hu\/wp-content\/uploads\/2025\/05\/peakpilates.hu-klasszikus-gerinckorrektor.webp\",\"contentUrl\":\"https:\/\/peakpilates.hu\/wp-content\/uploads\/2025\/05\/peakpilates.hu-klasszikus-gerinckorrektor.webp\",\"width\":1200,\"height\":1200},{\"@type\":\"BreadcrumbList\",\"@id\":\"https:\/\/peakpilates.hu\/termekek\/pilates-hordok\/klasszikus-gerinckorrektor-balti-nyirfa-fekete\/#breadcrumb\",\"itemListElement\":[{\"@type\":\"ListItem\",\"position\":1,\"name\":\"Kezd\u0151oldal\",\"item\":\"https:\/\/peakpilates.hu\/\"},{\"@type\":\"ListItem\",\"position\":2,\"name\":\"Term\u00e9kek\",\"item\":\"https:\/\/peakpilates.hu\/termekek\/\"},{\"@type\":\"ListItem\",\"position\":3,\"name\":\"Klasszikus gerinckorrektor &#8211; balti ny\u00edrfa, fekete\"}]},{\"@type\":\"WebSite\",\"@id\":\"https:\/\/peakpilates.hu\/#website\",\"url\":\"https:\/\/peakpilates.hu\/\",\"name\":\"Peak Pilates\",\"description\":\"Sz\u00e9ps\u00e9g, funkci\u00f3 \u00e9s hagyom\u00e1ny\",\"publisher\":{\"@id\":\"https:\/\/peakpilates.hu\/#organization\"},\"potentialAction\":[{\"@type\":\"SearchAction\",\"target\":{\"@type\":\"EntryPoint\",\"urlTemplate\":\"https:\/\/peakpilates.hu\/?s={search_term_string}\"},\"query-input\":{\"@type\":\"PropertyValueSpecification\",\"valueRequired\":true,\"valueName\":\"search_term_string\"}}],\"inLanguage\":\"en-GB\"},{\"@type\":\"Organization\",\"@id\":\"https:\/\/peakpilates.hu\/#organization\",\"name\":\"Peak Pilates\",\"url\":\"https:\/\/peakpilates.hu\/\",\"logo\":{\"@type\":\"ImageObject\",\"inLanguage\":\"en-GB\",\"@id\":\"https:\/\/peakpilates.hu\/#\/schema\/logo\/image\/\",\"url\":\"https:\/\/peakpilates.hu\/wp-content\/uploads\/2025\/05\/peakpilates.hu-site-icon.webp\",\"contentUrl\":\"https:\/\/peakpilates.hu\/wp-content\/uploads\/2025\/05\/peakpilates.hu-site-icon.webp\",\"width\":512,\"height\":512,\"caption\":\"Peak Pilates\"},\"image\":{\"@id\":\"https:\/\/peakpilates.hu\/#\/schema\/logo\/image\/\"}}]}<\/script>\n<!-- \/ Yoast SEO plugin. -->","yoast_head_json":{"title":"Klasszikus gerinckorrektor - balti ny\u00edrfa, fekete | Peak Pilates | Sz\u00e9ps\u00e9g, funkci\u00f3 \u00e9s hagyom\u00e1ny","robots":{"index":"index","follow":"follow","max-snippet":"max-snippet:-1","max-image-preview":"max-image-preview:large","max-video-preview":"max-video-preview:-1"},"canonical":"https:\/\/peakpilates.hu\/en\/termekek\/pilates-hordok\/klasszikus-gerinckorrektor-balti-nyirfa-fekete\/","og_locale":"en_GB","og_type":"article","og_title":"Klasszikus gerinckorrektor - balti ny\u00edrfa, fekete | Peak Pilates | Sz\u00e9ps\u00e9g, funkci\u00f3 \u00e9s hagyom\u00e1ny","og_description":"A Classic gerinckorrektor a gerinc, a v\u00e1ll\u00f6v, a cs\u00edp\u0151 \u00e9s az izomcsoport igaz\u00edt\u00e1s\u00e1ra, ny\u00fajt\u00e1s\u00e1ra, er\u0151s\u00edt\u00e9s\u00e9re \u00e9s meghosszabb\u00edt\u00e1s\u00e1ra szolg\u00e1l. Az \u00f6sszes","og_url":"https:\/\/peakpilates.hu\/en\/termekek\/pilates-hordok\/klasszikus-gerinckorrektor-balti-nyirfa-fekete\/","og_site_name":"Peak Pilates","article_modified_time":"2025-06-03T10:37:42+00:00","og_image":[{"width":1200,"height":1200,"url":"https:\/\/peakpilates.hu\/wp-content\/uploads\/2025\/05\/peakpilates.hu-klasszikus-gerinckorrektor.webp","type":"image\/webp"}],"twitter_card":"summary_large_image","twitter_misc":{"Estimated reading time":"2 minutes"},"schema":{"@context":"https:\/\/schema.org","@graph":[{"@type":"WebPage","@id":"https:\/\/peakpilates.hu\/termekek\/pilates-hordok\/klasszikus-gerinckorrektor-balti-nyirfa-fekete\/","url":"https:\/\/peakpilates.hu\/termekek\/pilates-hordok\/klasszikus-gerinckorrektor-balti-nyirfa-fekete\/","name":"Klasszikus gerinckorrektor - balti ny\u00edrfa, fekete | Peak Pilates | Sz\u00e9ps\u00e9g, funkci\u00f3 \u00e9s hagyom\u00e1ny","isPartOf":{"@id":"https:\/\/peakpilates.hu\/#website"},"primaryImageOfPage":{"@id":"https:\/\/peakpilates.hu\/termekek\/pilates-hordok\/klasszikus-gerinckorrektor-balti-nyirfa-fekete\/#primaryimage"},"image":{"@id":"https:\/\/peakpilates.hu\/termekek\/pilates-hordok\/klasszikus-gerinckorrektor-balti-nyirfa-fekete\/#primaryimage"},"thumbnailUrl":"https:\/\/peakpilates.hu\/wp-content\/uploads\/2025\/05\/peakpilates.hu-klasszikus-gerinckorrektor.webp","datePublished":"2025-05-29T16:57:03+00:00","dateModified":"2025-06-03T10:37:42+00:00","breadcrumb":{"@id":"https:\/\/peakpilates.hu\/termekek\/pilates-hordok\/klasszikus-gerinckorrektor-balti-nyirfa-fekete\/#breadcrumb"},"inLanguage":"en-GB","potentialAction":[{"@type":"ReadAction","target":["https:\/\/peakpilates.hu\/termekek\/pilates-hordok\/klasszikus-gerinckorrektor-balti-nyirfa-fekete\/"]}]},{"@type":"ImageObject","inLanguage":"en-GB","@id":"https:\/\/peakpilates.hu\/termekek\/pilates-hordok\/klasszikus-gerinckorrektor-balti-nyirfa-fekete\/#primaryimage","url":"https:\/\/peakpilates.hu\/wp-content\/uploads\/2025\/05\/peakpilates.hu-klasszikus-gerinckorrektor.webp","contentUrl":"https:\/\/peakpilates.hu\/wp-content\/uploads\/2025\/05\/peakpilates.hu-klasszikus-gerinckorrektor.webp","width":1200,"height":1200},{"@type":"BreadcrumbList","@id":"https:\/\/peakpilates.hu\/termekek\/pilates-hordok\/klasszikus-gerinckorrektor-balti-nyirfa-fekete\/#breadcrumb","itemListElement":[{"@type":"ListItem","position":1,"name":"Kezd\u0151oldal","item":"https:\/\/peakpilates.hu\/"},{"@type":"ListItem","position":2,"name":"Term\u00e9kek","item":"https:\/\/peakpilates.hu\/termekek\/"},{"@type":"ListItem","position":3,"name":"Klasszikus gerinckorrektor &#8211; balti ny\u00edrfa, fekete"}]},{"@type":"WebSite","@id":"https:\/\/peakpilates.hu\/#website","url":"https:\/\/peakpilates.hu\/","name":"Peak Pilates","description":"Beauty, function and tradition","publisher":{"@id":"https:\/\/peakpilates.hu\/#organization"},"potentialAction":[{"@type":"SearchAction","target":{"@type":"EntryPoint","urlTemplate":"https:\/\/peakpilates.hu\/?s={search_term_string}"},"query-input":{"@type":"PropertyValueSpecification","valueRequired":true,"valueName":"search_term_string"}}],"inLanguage":"en-GB"},{"@type":"Organization","@id":"https:\/\/peakpilates.hu\/#organization","name":"Peak Pilates","url":"https:\/\/peakpilates.hu\/","logo":{"@type":"ImageObject","inLanguage":"en-GB","@id":"https:\/\/peakpilates.hu\/#\/schema\/logo\/image\/","url":"https:\/\/peakpilates.hu\/wp-content\/uploads\/2025\/05\/peakpilates.hu-site-icon.webp","contentUrl":"https:\/\/peakpilates.hu\/wp-content\/uploads\/2025\/05\/peakpilates.hu-site-icon.webp","width":512,"height":512,"caption":"Peak Pilates"},"image":{"@id":"https:\/\/peakpilates.hu\/#\/schema\/logo\/image\/"}}]}},"_links":{"self":[{"href":"https:\/\/peakpilates.hu\/en\/wp-json\/wp\/v2\/product\/28340","targetHints":{"allow":["GET"]}}],"collection":[{"href":"https:\/\/peakpilates.hu\/en\/wp-json\/wp\/v2\/product"}],"about":[{"href":"https:\/\/peakpilates.hu\/en\/wp-json\/wp\/v2\/types\/product"}],"replies":[{"embeddable":true,"href":"https:\/\/peakpilates.hu\/en\/wp-json\/wp\/v2\/comments?post=28340"}],"version-history":[{"count":0,"href":"https:\/\/peakpilates.hu\/en\/wp-json\/wp\/v2\/product\/28340\/revisions"}],"wp:featuredmedia":[{"embeddable":true,"href":"https:\/\/peakpilates.hu\/en\/wp-json\/wp\/v2\/media\/29034"}],"wp:attachment":[{"href":"https:\/\/peakpilates.hu\/en\/wp-json\/wp\/v2\/media?parent=28340"}],"wp:term":[{"taxonomy":"product_brand","embeddable":true,"href":"https:\/\/peakpilates.hu\/en\/wp-json\/wp\/v2\/product_brand?post=28340"},{"taxonomy":"product_cat","embeddable":true,"href":"https:\/\/peakpilates.hu\/en\/wp-json\/wp\/v2\/product_cat?post=28340"},{"taxonomy":"product_tag","embeddable":true,"href":"https:\/\/peakpilates.hu\/en\/wp-json\/wp\/v2\/product_tag?post=28340"}],"curies":[{"name":"wp","href":"https:\/\/api.w.org\/{rel}","templated":true}]}}