{"id":28422,"date":"2025-05-29T17:55:01","date_gmt":"2025-05-29T17:55:01","guid":{"rendered":"https:\/\/infiniteq.org\/?post_type=product&#038;p=28422"},"modified":"2025-06-11T12:13:43","modified_gmt":"2025-06-11T12:13:43","slug":"pilatesstick-alapkeszlet-csomag","status":"publish","type":"product","link":"https:\/\/peakpilates.hu\/en\/termekek\/pilates-kiegeszitok\/pilatesstick\/pilatesstick-alapkeszlet-csomag\/","title":{"rendered":"Pilatesstick\u00ae basic kit package"},"content":{"rendered":"<p>The Pilatesstick\u00ae is a professional, portable body shaping system that allows you to do most of the exercises in the tower and makes traditional mat Pilates exercises even more intense. Ideal for studio or home use.<\/p>\n<p>Dimensions:<\/p>\n<p>73 x 14 x 13 cm<br \/>\n1,8 kg<\/p>\n<p>Includes:<\/p>\n<p>Pilates Stick\u00ae<br \/>\nPilatesstick\u00ae mat<br \/>\nPractical guide<br \/>\nOnline exercise library<br \/>\nLeg straps<br \/>\nPilatesstick\u00ae bag<br \/>\nFoam door anchor<br \/>\nCarabiner for anchoring options<br \/>\nInch resistance tube<\/p>","protected":false},"excerpt":{"rendered":"<p>The Pilatesstick\u00ae is a professional, portable body shaping system that allows you to perform most of the exercises in the gym and traditional,<\/p>","protected":false},"featured_media":29017,"comment_status":"open","ping_status":"closed","template":"","meta":[],"product_brand":[191],"product_cat":[183,210],"product_tag":[],"class_list":{"0":"post-28422","1":"product","2":"type-product","3":"status-publish","4":"has-post-thumbnail","6":"product_brand-pilatesstick","7":"product_cat-otthoni-pilates","8":"product_cat-pilatesstick","10":"first","11":"instock","12":"shipping-taxable","13":"product-type-simple"},"yoast_head":"<!-- This site is optimized with the Yoast SEO plugin v26.7 - https:\/\/yoast.com\/wordpress\/plugins\/seo\/ -->\n<title>Pilatesstick\u00ae alapk\u00e9szlet csomag | Peak Pilates | Sz\u00e9ps\u00e9g, funkci\u00f3 \u00e9s hagyom\u00e1ny<\/title>\n<meta name=\"robots\" content=\"index, follow, max-snippet:-1, max-image-preview:large, max-video-preview:-1\" \/>\n<link rel=\"canonical\" href=\"https:\/\/peakpilates.hu\/en\/termekek\/pilates-kiegeszitok\/pilatesstick\/pilatesstick-alapkeszlet-csomag\/\" \/>\n<meta property=\"og:locale\" content=\"en_GB\" \/>\n<meta property=\"og:type\" content=\"article\" \/>\n<meta property=\"og:title\" content=\"Pilatesstick\u00ae alapk\u00e9szlet csomag | Peak Pilates | Sz\u00e9ps\u00e9g, funkci\u00f3 \u00e9s hagyom\u00e1ny\" \/>\n<meta property=\"og:description\" content=\"A Pilatesstick\u00ae egy professzion\u00e1lis, hordozhat\u00f3 testform\u00e1l\u00f3 rendszer, amely lehet\u0151v\u00e9 teszi a tornyokban v\u00e9gzett gyakorlatok nagy r\u00e9sz\u00e9nek elv\u00e9gz\u00e9s\u00e9t, \u00e9s a hagyom\u00e1nyos,\" \/>\n<meta property=\"og:url\" content=\"https:\/\/peakpilates.hu\/en\/termekek\/pilates-kiegeszitok\/pilatesstick\/pilatesstick-alapkeszlet-csomag\/\" \/>\n<meta property=\"og:site_name\" content=\"Peak Pilates\" \/>\n<meta property=\"article:modified_time\" content=\"2025-06-11T12:13:43+00:00\" \/>\n<meta property=\"og:image\" content=\"https:\/\/peakpilates.hu\/wp-content\/uploads\/2025\/05\/peakpilates.hu-pilatesstick.webp\" \/>\n\t<meta property=\"og:image:width\" content=\"1100\" \/>\n\t<meta property=\"og:image:height\" content=\"1100\" \/>\n\t<meta property=\"og:image:type\" content=\"image\/webp\" \/>\n<meta name=\"twitter:card\" content=\"summary_large_image\" \/>\n<meta name=\"twitter:label1\" content=\"Estimated reading time\" \/>\n\t<meta name=\"twitter:data1\" content=\"1 minute\" \/>\n<script type=\"application\/ld+json\" class=\"yoast-schema-graph\">{\"@context\":\"https:\/\/schema.org\",\"@graph\":[{\"@type\":\"WebPage\",\"@id\":\"https:\/\/peakpilates.hu\/termekek\/pilates-kiegeszitok\/pilatesstick\/pilatesstick-alapkeszlet-csomag\/\",\"url\":\"https:\/\/peakpilates.hu\/termekek\/pilates-kiegeszitok\/pilatesstick\/pilatesstick-alapkeszlet-csomag\/\",\"name\":\"Pilatesstick\u00ae alapk\u00e9szlet csomag | Peak Pilates | Sz\u00e9ps\u00e9g, funkci\u00f3 \u00e9s hagyom\u00e1ny\",\"isPartOf\":{\"@id\":\"https:\/\/peakpilates.hu\/#website\"},\"primaryImageOfPage\":{\"@id\":\"https:\/\/peakpilates.hu\/termekek\/pilates-kiegeszitok\/pilatesstick\/pilatesstick-alapkeszlet-csomag\/#primaryimage\"},\"image\":{\"@id\":\"https:\/\/peakpilates.hu\/termekek\/pilates-kiegeszitok\/pilatesstick\/pilatesstick-alapkeszlet-csomag\/#primaryimage\"},\"thumbnailUrl\":\"https:\/\/peakpilates.hu\/wp-content\/uploads\/2025\/05\/peakpilates.hu-pilatesstick.webp\",\"datePublished\":\"2025-05-29T17:55:01+00:00\",\"dateModified\":\"2025-06-11T12:13:43+00:00\",\"breadcrumb\":{\"@id\":\"https:\/\/peakpilates.hu\/termekek\/pilates-kiegeszitok\/pilatesstick\/pilatesstick-alapkeszlet-csomag\/#breadcrumb\"},\"inLanguage\":\"en-GB\",\"potentialAction\":[{\"@type\":\"ReadAction\",\"target\":[\"https:\/\/peakpilates.hu\/termekek\/pilates-kiegeszitok\/pilatesstick\/pilatesstick-alapkeszlet-csomag\/\"]}]},{\"@type\":\"ImageObject\",\"inLanguage\":\"en-GB\",\"@id\":\"https:\/\/peakpilates.hu\/termekek\/pilates-kiegeszitok\/pilatesstick\/pilatesstick-alapkeszlet-csomag\/#primaryimage\",\"url\":\"https:\/\/peakpilates.hu\/wp-content\/uploads\/2025\/05\/peakpilates.hu-pilatesstick.webp\",\"contentUrl\":\"https:\/\/peakpilates.hu\/wp-content\/uploads\/2025\/05\/peakpilates.hu-pilatesstick.webp\",\"width\":1100,\"height\":1100},{\"@type\":\"BreadcrumbList\",\"@id\":\"https:\/\/peakpilates.hu\/termekek\/pilates-kiegeszitok\/pilatesstick\/pilatesstick-alapkeszlet-csomag\/#breadcrumb\",\"itemListElement\":[{\"@type\":\"ListItem\",\"position\":1,\"name\":\"Kezd\u0151oldal\",\"item\":\"https:\/\/peakpilates.hu\/\"},{\"@type\":\"ListItem\",\"position\":2,\"name\":\"Term\u00e9kek\",\"item\":\"https:\/\/peakpilates.hu\/termekek\/\"},{\"@type\":\"ListItem\",\"position\":3,\"name\":\"Pilatesstick\u00ae alapk\u00e9szlet csomag\"}]},{\"@type\":\"WebSite\",\"@id\":\"https:\/\/peakpilates.hu\/#website\",\"url\":\"https:\/\/peakpilates.hu\/\",\"name\":\"Peak Pilates\",\"description\":\"Sz\u00e9ps\u00e9g, funkci\u00f3 \u00e9s hagyom\u00e1ny\",\"publisher\":{\"@id\":\"https:\/\/peakpilates.hu\/#organization\"},\"potentialAction\":[{\"@type\":\"SearchAction\",\"target\":{\"@type\":\"EntryPoint\",\"urlTemplate\":\"https:\/\/peakpilates.hu\/?s={search_term_string}\"},\"query-input\":{\"@type\":\"PropertyValueSpecification\",\"valueRequired\":true,\"valueName\":\"search_term_string\"}}],\"inLanguage\":\"en-GB\"},{\"@type\":\"Organization\",\"@id\":\"https:\/\/peakpilates.hu\/#organization\",\"name\":\"Peak Pilates\",\"url\":\"https:\/\/peakpilates.hu\/\",\"logo\":{\"@type\":\"ImageObject\",\"inLanguage\":\"en-GB\",\"@id\":\"https:\/\/peakpilates.hu\/#\/schema\/logo\/image\/\",\"url\":\"https:\/\/peakpilates.hu\/wp-content\/uploads\/2025\/05\/peakpilates.hu-site-icon.webp\",\"contentUrl\":\"https:\/\/peakpilates.hu\/wp-content\/uploads\/2025\/05\/peakpilates.hu-site-icon.webp\",\"width\":512,\"height\":512,\"caption\":\"Peak Pilates\"},\"image\":{\"@id\":\"https:\/\/peakpilates.hu\/#\/schema\/logo\/image\/\"}}]}<\/script>\n<!-- \/ Yoast SEO plugin. -->","yoast_head_json":{"title":"Pilatesstick\u00ae alapk\u00e9szlet csomag | Peak Pilates | Sz\u00e9ps\u00e9g, funkci\u00f3 \u00e9s hagyom\u00e1ny","robots":{"index":"index","follow":"follow","max-snippet":"max-snippet:-1","max-image-preview":"max-image-preview:large","max-video-preview":"max-video-preview:-1"},"canonical":"https:\/\/peakpilates.hu\/en\/termekek\/pilates-kiegeszitok\/pilatesstick\/pilatesstick-alapkeszlet-csomag\/","og_locale":"en_GB","og_type":"article","og_title":"Pilatesstick\u00ae alapk\u00e9szlet csomag | Peak Pilates | Sz\u00e9ps\u00e9g, funkci\u00f3 \u00e9s hagyom\u00e1ny","og_description":"A Pilatesstick\u00ae egy professzion\u00e1lis, hordozhat\u00f3 testform\u00e1l\u00f3 rendszer, amely lehet\u0151v\u00e9 teszi a tornyokban v\u00e9gzett gyakorlatok nagy r\u00e9sz\u00e9nek elv\u00e9gz\u00e9s\u00e9t, \u00e9s a hagyom\u00e1nyos,","og_url":"https:\/\/peakpilates.hu\/en\/termekek\/pilates-kiegeszitok\/pilatesstick\/pilatesstick-alapkeszlet-csomag\/","og_site_name":"Peak Pilates","article_modified_time":"2025-06-11T12:13:43+00:00","og_image":[{"width":1100,"height":1100,"url":"https:\/\/peakpilates.hu\/wp-content\/uploads\/2025\/05\/peakpilates.hu-pilatesstick.webp","type":"image\/webp"}],"twitter_card":"summary_large_image","twitter_misc":{"Estimated reading time":"1 minute"},"schema":{"@context":"https:\/\/schema.org","@graph":[{"@type":"WebPage","@id":"https:\/\/peakpilates.hu\/termekek\/pilates-kiegeszitok\/pilatesstick\/pilatesstick-alapkeszlet-csomag\/","url":"https:\/\/peakpilates.hu\/termekek\/pilates-kiegeszitok\/pilatesstick\/pilatesstick-alapkeszlet-csomag\/","name":"Pilatesstick\u00ae alapk\u00e9szlet csomag | Peak Pilates | Sz\u00e9ps\u00e9g, funkci\u00f3 \u00e9s hagyom\u00e1ny","isPartOf":{"@id":"https:\/\/peakpilates.hu\/#website"},"primaryImageOfPage":{"@id":"https:\/\/peakpilates.hu\/termekek\/pilates-kiegeszitok\/pilatesstick\/pilatesstick-alapkeszlet-csomag\/#primaryimage"},"image":{"@id":"https:\/\/peakpilates.hu\/termekek\/pilates-kiegeszitok\/pilatesstick\/pilatesstick-alapkeszlet-csomag\/#primaryimage"},"thumbnailUrl":"https:\/\/peakpilates.hu\/wp-content\/uploads\/2025\/05\/peakpilates.hu-pilatesstick.webp","datePublished":"2025-05-29T17:55:01+00:00","dateModified":"2025-06-11T12:13:43+00:00","breadcrumb":{"@id":"https:\/\/peakpilates.hu\/termekek\/pilates-kiegeszitok\/pilatesstick\/pilatesstick-alapkeszlet-csomag\/#breadcrumb"},"inLanguage":"en-GB","potentialAction":[{"@type":"ReadAction","target":["https:\/\/peakpilates.hu\/termekek\/pilates-kiegeszitok\/pilatesstick\/pilatesstick-alapkeszlet-csomag\/"]}]},{"@type":"ImageObject","inLanguage":"en-GB","@id":"https:\/\/peakpilates.hu\/termekek\/pilates-kiegeszitok\/pilatesstick\/pilatesstick-alapkeszlet-csomag\/#primaryimage","url":"https:\/\/peakpilates.hu\/wp-content\/uploads\/2025\/05\/peakpilates.hu-pilatesstick.webp","contentUrl":"https:\/\/peakpilates.hu\/wp-content\/uploads\/2025\/05\/peakpilates.hu-pilatesstick.webp","width":1100,"height":1100},{"@type":"BreadcrumbList","@id":"https:\/\/peakpilates.hu\/termekek\/pilates-kiegeszitok\/pilatesstick\/pilatesstick-alapkeszlet-csomag\/#breadcrumb","itemListElement":[{"@type":"ListItem","position":1,"name":"Kezd\u0151oldal","item":"https:\/\/peakpilates.hu\/"},{"@type":"ListItem","position":2,"name":"Term\u00e9kek","item":"https:\/\/peakpilates.hu\/termekek\/"},{"@type":"ListItem","position":3,"name":"Pilatesstick\u00ae alapk\u00e9szlet csomag"}]},{"@type":"WebSite","@id":"https:\/\/peakpilates.hu\/#website","url":"https:\/\/peakpilates.hu\/","name":"Peak Pilates","description":"Beauty, function and tradition","publisher":{"@id":"https:\/\/peakpilates.hu\/#organization"},"potentialAction":[{"@type":"SearchAction","target":{"@type":"EntryPoint","urlTemplate":"https:\/\/peakpilates.hu\/?s={search_term_string}"},"query-input":{"@type":"PropertyValueSpecification","valueRequired":true,"valueName":"search_term_string"}}],"inLanguage":"en-GB"},{"@type":"Organization","@id":"https:\/\/peakpilates.hu\/#organization","name":"Peak Pilates","url":"https:\/\/peakpilates.hu\/","logo":{"@type":"ImageObject","inLanguage":"en-GB","@id":"https:\/\/peakpilates.hu\/#\/schema\/logo\/image\/","url":"https:\/\/peakpilates.hu\/wp-content\/uploads\/2025\/05\/peakpilates.hu-site-icon.webp","contentUrl":"https:\/\/peakpilates.hu\/wp-content\/uploads\/2025\/05\/peakpilates.hu-site-icon.webp","width":512,"height":512,"caption":"Peak Pilates"},"image":{"@id":"https:\/\/peakpilates.hu\/#\/schema\/logo\/image\/"}}]}},"_links":{"self":[{"href":"https:\/\/peakpilates.hu\/en\/wp-json\/wp\/v2\/product\/28422","targetHints":{"allow":["GET"]}}],"collection":[{"href":"https:\/\/peakpilates.hu\/en\/wp-json\/wp\/v2\/product"}],"about":[{"href":"https:\/\/peakpilates.hu\/en\/wp-json\/wp\/v2\/types\/product"}],"replies":[{"embeddable":true,"href":"https:\/\/peakpilates.hu\/en\/wp-json\/wp\/v2\/comments?post=28422"}],"version-history":[{"count":0,"href":"https:\/\/peakpilates.hu\/en\/wp-json\/wp\/v2\/product\/28422\/revisions"}],"wp:featuredmedia":[{"embeddable":true,"href":"https:\/\/peakpilates.hu\/en\/wp-json\/wp\/v2\/media\/29017"}],"wp:attachment":[{"href":"https:\/\/peakpilates.hu\/en\/wp-json\/wp\/v2\/media?parent=28422"}],"wp:term":[{"taxonomy":"product_brand","embeddable":true,"href":"https:\/\/peakpilates.hu\/en\/wp-json\/wp\/v2\/product_brand?post=28422"},{"taxonomy":"product_cat","embeddable":true,"href":"https:\/\/peakpilates.hu\/en\/wp-json\/wp\/v2\/product_cat?post=28422"},{"taxonomy":"product_tag","embeddable":true,"href":"https:\/\/peakpilates.hu\/en\/wp-json\/wp\/v2\/product_tag?post=28422"}],"curies":[{"name":"wp","href":"https:\/\/api.w.org\/{rel}","templated":true}]}}