{"id":28435,"date":"2025-05-30T11:03:28","date_gmt":"2025-05-30T11:03:28","guid":{"rendered":"https:\/\/infiniteq.org\/?post_type=product&#038;p=28435"},"modified":"2025-06-11T12:11:52","modified_gmt":"2025-06-11T12:11:52","slug":"ped-o-pul","status":"publish","type":"product","link":"https:\/\/peakpilates.hu\/en\/termekek\/pilates-kiegeszitok\/pantok-es-hevederek\/ped-o-pul\/","title":{"rendered":"Ped-o-Pul"},"content":{"rendered":"<p>Ped-o-Pul exercises use the \u201epole\u201d to test the body against gravity, which essentially represents the spine and addresses problems in the shoulder girdle. The freestanding Ped-o-Pul is a great tool for developing core musculature, balance and overall body awareness, intentionally unstable to help with breathing, spinal lengthening and more.<\/p>\n<p>Dimensions:<\/p>\n<p>Base: 4.5 cm (M) x 47.5 cm (W) x 47.5 cm (H)<\/p>\n<p>T-bar: 206 cm (M) x 44.5 cm (width of T)<\/p>\n<p>Features:<\/p>\n<p>Square Baltic birch base<\/p>\n<p>Powder coated T-bar<\/p>\n<p>Two standard arm springs<\/p>\n<p>Leather swivel handles (pair)<\/p>","protected":false},"excerpt":{"rendered":"<p>Ped-o-Pul exercises use the \u201epole\u201d to test the body against gravity, which essentially represents the spine, and the<\/p>","protected":false},"featured_media":29129,"comment_status":"open","ping_status":"closed","template":"","meta":[],"product_brand":[190],"product_cat":[207],"product_tag":[],"class_list":{"0":"post-28435","1":"product","2":"type-product","3":"status-publish","4":"has-post-thumbnail","6":"product_brand-peak-pilates","7":"product_cat-pantok-es-hevederek","9":"first","10":"instock","11":"shipping-taxable","12":"product-type-simple"},"yoast_head":"<!-- This site is optimized with the Yoast SEO plugin v26.7 - https:\/\/yoast.com\/wordpress\/plugins\/seo\/ -->\n<title>Ped-o-Pul | Peak Pilates | Sz\u00e9ps\u00e9g, funkci\u00f3 \u00e9s hagyom\u00e1ny<\/title>\n<meta name=\"robots\" content=\"index, follow, max-snippet:-1, max-image-preview:large, max-video-preview:-1\" \/>\n<link rel=\"canonical\" href=\"https:\/\/peakpilates.hu\/en\/termekek\/pilates-kiegeszitok\/pantok-es-hevederek\/ped-o-pul\/\" \/>\n<meta property=\"og:locale\" content=\"en_GB\" \/>\n<meta property=\"og:type\" content=\"article\" \/>\n<meta property=\"og:title\" content=\"Ped-o-Pul | Peak Pilates | Sz\u00e9ps\u00e9g, funkci\u00f3 \u00e9s hagyom\u00e1ny\" \/>\n<meta property=\"og:description\" content=\"A Ped-o-Pul gyakorlatok a \u201er\u00fad\u201d seg\u00edts\u00e9g\u00e9vel pr\u00f3b\u00e1ra teszik a testet a gravit\u00e1ci\u00f3val szemben, ami l\u00e9nyeg\u00e9ben a gerincet jelk\u00e9pezi, \u00e9s a\" \/>\n<meta property=\"og:url\" content=\"https:\/\/peakpilates.hu\/en\/termekek\/pilates-kiegeszitok\/pantok-es-hevederek\/ped-o-pul\/\" \/>\n<meta property=\"og:site_name\" content=\"Peak Pilates\" \/>\n<meta property=\"article:modified_time\" content=\"2025-06-11T12:11:52+00:00\" \/>\n<meta property=\"og:image\" content=\"https:\/\/peakpilates.hu\/wp-content\/uploads\/2025\/05\/peakpilates.hu-ped-o-pul.webp\" \/>\n\t<meta property=\"og:image:width\" content=\"1100\" \/>\n\t<meta property=\"og:image:height\" content=\"1100\" \/>\n\t<meta property=\"og:image:type\" content=\"image\/webp\" \/>\n<meta name=\"twitter:card\" content=\"summary_large_image\" \/>\n<meta name=\"twitter:label1\" content=\"Estimated reading time\" \/>\n\t<meta name=\"twitter:data1\" content=\"1 minute\" \/>\n<script type=\"application\/ld+json\" class=\"yoast-schema-graph\">{\"@context\":\"https:\/\/schema.org\",\"@graph\":[{\"@type\":\"WebPage\",\"@id\":\"https:\/\/peakpilates.hu\/termekek\/pilates-kiegeszitok\/pantok-es-hevederek\/ped-o-pul\/\",\"url\":\"https:\/\/peakpilates.hu\/termekek\/pilates-kiegeszitok\/pantok-es-hevederek\/ped-o-pul\/\",\"name\":\"Ped-o-Pul | Peak Pilates | Sz\u00e9ps\u00e9g, funkci\u00f3 \u00e9s hagyom\u00e1ny\",\"isPartOf\":{\"@id\":\"https:\/\/peakpilates.hu\/#website\"},\"primaryImageOfPage\":{\"@id\":\"https:\/\/peakpilates.hu\/termekek\/pilates-kiegeszitok\/pantok-es-hevederek\/ped-o-pul\/#primaryimage\"},\"image\":{\"@id\":\"https:\/\/peakpilates.hu\/termekek\/pilates-kiegeszitok\/pantok-es-hevederek\/ped-o-pul\/#primaryimage\"},\"thumbnailUrl\":\"https:\/\/peakpilates.hu\/wp-content\/uploads\/2025\/05\/peakpilates.hu-ped-o-pul.webp\",\"datePublished\":\"2025-05-30T11:03:28+00:00\",\"dateModified\":\"2025-06-11T12:11:52+00:00\",\"breadcrumb\":{\"@id\":\"https:\/\/peakpilates.hu\/termekek\/pilates-kiegeszitok\/pantok-es-hevederek\/ped-o-pul\/#breadcrumb\"},\"inLanguage\":\"en-GB\",\"potentialAction\":[{\"@type\":\"ReadAction\",\"target\":[\"https:\/\/peakpilates.hu\/termekek\/pilates-kiegeszitok\/pantok-es-hevederek\/ped-o-pul\/\"]}]},{\"@type\":\"ImageObject\",\"inLanguage\":\"en-GB\",\"@id\":\"https:\/\/peakpilates.hu\/termekek\/pilates-kiegeszitok\/pantok-es-hevederek\/ped-o-pul\/#primaryimage\",\"url\":\"https:\/\/peakpilates.hu\/wp-content\/uploads\/2025\/05\/peakpilates.hu-ped-o-pul.webp\",\"contentUrl\":\"https:\/\/peakpilates.hu\/wp-content\/uploads\/2025\/05\/peakpilates.hu-ped-o-pul.webp\",\"width\":1100,\"height\":1100},{\"@type\":\"BreadcrumbList\",\"@id\":\"https:\/\/peakpilates.hu\/termekek\/pilates-kiegeszitok\/pantok-es-hevederek\/ped-o-pul\/#breadcrumb\",\"itemListElement\":[{\"@type\":\"ListItem\",\"position\":1,\"name\":\"Kezd\u0151oldal\",\"item\":\"https:\/\/peakpilates.hu\/\"},{\"@type\":\"ListItem\",\"position\":2,\"name\":\"Term\u00e9kek\",\"item\":\"https:\/\/peakpilates.hu\/termekek\/\"},{\"@type\":\"ListItem\",\"position\":3,\"name\":\"Ped-o-Pul\"}]},{\"@type\":\"WebSite\",\"@id\":\"https:\/\/peakpilates.hu\/#website\",\"url\":\"https:\/\/peakpilates.hu\/\",\"name\":\"Peak Pilates\",\"description\":\"Sz\u00e9ps\u00e9g, funkci\u00f3 \u00e9s hagyom\u00e1ny\",\"publisher\":{\"@id\":\"https:\/\/peakpilates.hu\/#organization\"},\"potentialAction\":[{\"@type\":\"SearchAction\",\"target\":{\"@type\":\"EntryPoint\",\"urlTemplate\":\"https:\/\/peakpilates.hu\/?s={search_term_string}\"},\"query-input\":{\"@type\":\"PropertyValueSpecification\",\"valueRequired\":true,\"valueName\":\"search_term_string\"}}],\"inLanguage\":\"en-GB\"},{\"@type\":\"Organization\",\"@id\":\"https:\/\/peakpilates.hu\/#organization\",\"name\":\"Peak Pilates\",\"url\":\"https:\/\/peakpilates.hu\/\",\"logo\":{\"@type\":\"ImageObject\",\"inLanguage\":\"en-GB\",\"@id\":\"https:\/\/peakpilates.hu\/#\/schema\/logo\/image\/\",\"url\":\"https:\/\/peakpilates.hu\/wp-content\/uploads\/2025\/05\/peakpilates.hu-site-icon.webp\",\"contentUrl\":\"https:\/\/peakpilates.hu\/wp-content\/uploads\/2025\/05\/peakpilates.hu-site-icon.webp\",\"width\":512,\"height\":512,\"caption\":\"Peak Pilates\"},\"image\":{\"@id\":\"https:\/\/peakpilates.hu\/#\/schema\/logo\/image\/\"}}]}<\/script>\n<!-- \/ Yoast SEO plugin. -->","yoast_head_json":{"title":"Ped-o-Pul | Peak Pilates | Sz\u00e9ps\u00e9g, funkci\u00f3 \u00e9s hagyom\u00e1ny","robots":{"index":"index","follow":"follow","max-snippet":"max-snippet:-1","max-image-preview":"max-image-preview:large","max-video-preview":"max-video-preview:-1"},"canonical":"https:\/\/peakpilates.hu\/en\/termekek\/pilates-kiegeszitok\/pantok-es-hevederek\/ped-o-pul\/","og_locale":"en_GB","og_type":"article","og_title":"Ped-o-Pul | Peak Pilates | Sz\u00e9ps\u00e9g, funkci\u00f3 \u00e9s hagyom\u00e1ny","og_description":"A Ped-o-Pul gyakorlatok a \u201er\u00fad\u201d seg\u00edts\u00e9g\u00e9vel pr\u00f3b\u00e1ra teszik a testet a gravit\u00e1ci\u00f3val szemben, ami l\u00e9nyeg\u00e9ben a gerincet jelk\u00e9pezi, \u00e9s a","og_url":"https:\/\/peakpilates.hu\/en\/termekek\/pilates-kiegeszitok\/pantok-es-hevederek\/ped-o-pul\/","og_site_name":"Peak Pilates","article_modified_time":"2025-06-11T12:11:52+00:00","og_image":[{"width":1100,"height":1100,"url":"https:\/\/peakpilates.hu\/wp-content\/uploads\/2025\/05\/peakpilates.hu-ped-o-pul.webp","type":"image\/webp"}],"twitter_card":"summary_large_image","twitter_misc":{"Estimated reading time":"1 minute"},"schema":{"@context":"https:\/\/schema.org","@graph":[{"@type":"WebPage","@id":"https:\/\/peakpilates.hu\/termekek\/pilates-kiegeszitok\/pantok-es-hevederek\/ped-o-pul\/","url":"https:\/\/peakpilates.hu\/termekek\/pilates-kiegeszitok\/pantok-es-hevederek\/ped-o-pul\/","name":"Ped-o-Pul | Peak Pilates | Sz\u00e9ps\u00e9g, funkci\u00f3 \u00e9s hagyom\u00e1ny","isPartOf":{"@id":"https:\/\/peakpilates.hu\/#website"},"primaryImageOfPage":{"@id":"https:\/\/peakpilates.hu\/termekek\/pilates-kiegeszitok\/pantok-es-hevederek\/ped-o-pul\/#primaryimage"},"image":{"@id":"https:\/\/peakpilates.hu\/termekek\/pilates-kiegeszitok\/pantok-es-hevederek\/ped-o-pul\/#primaryimage"},"thumbnailUrl":"https:\/\/peakpilates.hu\/wp-content\/uploads\/2025\/05\/peakpilates.hu-ped-o-pul.webp","datePublished":"2025-05-30T11:03:28+00:00","dateModified":"2025-06-11T12:11:52+00:00","breadcrumb":{"@id":"https:\/\/peakpilates.hu\/termekek\/pilates-kiegeszitok\/pantok-es-hevederek\/ped-o-pul\/#breadcrumb"},"inLanguage":"en-GB","potentialAction":[{"@type":"ReadAction","target":["https:\/\/peakpilates.hu\/termekek\/pilates-kiegeszitok\/pantok-es-hevederek\/ped-o-pul\/"]}]},{"@type":"ImageObject","inLanguage":"en-GB","@id":"https:\/\/peakpilates.hu\/termekek\/pilates-kiegeszitok\/pantok-es-hevederek\/ped-o-pul\/#primaryimage","url":"https:\/\/peakpilates.hu\/wp-content\/uploads\/2025\/05\/peakpilates.hu-ped-o-pul.webp","contentUrl":"https:\/\/peakpilates.hu\/wp-content\/uploads\/2025\/05\/peakpilates.hu-ped-o-pul.webp","width":1100,"height":1100},{"@type":"BreadcrumbList","@id":"https:\/\/peakpilates.hu\/termekek\/pilates-kiegeszitok\/pantok-es-hevederek\/ped-o-pul\/#breadcrumb","itemListElement":[{"@type":"ListItem","position":1,"name":"Kezd\u0151oldal","item":"https:\/\/peakpilates.hu\/"},{"@type":"ListItem","position":2,"name":"Term\u00e9kek","item":"https:\/\/peakpilates.hu\/termekek\/"},{"@type":"ListItem","position":3,"name":"Ped-o-Pul"}]},{"@type":"WebSite","@id":"https:\/\/peakpilates.hu\/#website","url":"https:\/\/peakpilates.hu\/","name":"Peak Pilates","description":"Beauty, function and tradition","publisher":{"@id":"https:\/\/peakpilates.hu\/#organization"},"potentialAction":[{"@type":"SearchAction","target":{"@type":"EntryPoint","urlTemplate":"https:\/\/peakpilates.hu\/?s={search_term_string}"},"query-input":{"@type":"PropertyValueSpecification","valueRequired":true,"valueName":"search_term_string"}}],"inLanguage":"en-GB"},{"@type":"Organization","@id":"https:\/\/peakpilates.hu\/#organization","name":"Peak Pilates","url":"https:\/\/peakpilates.hu\/","logo":{"@type":"ImageObject","inLanguage":"en-GB","@id":"https:\/\/peakpilates.hu\/#\/schema\/logo\/image\/","url":"https:\/\/peakpilates.hu\/wp-content\/uploads\/2025\/05\/peakpilates.hu-site-icon.webp","contentUrl":"https:\/\/peakpilates.hu\/wp-content\/uploads\/2025\/05\/peakpilates.hu-site-icon.webp","width":512,"height":512,"caption":"Peak Pilates"},"image":{"@id":"https:\/\/peakpilates.hu\/#\/schema\/logo\/image\/"}}]}},"_links":{"self":[{"href":"https:\/\/peakpilates.hu\/en\/wp-json\/wp\/v2\/product\/28435","targetHints":{"allow":["GET"]}}],"collection":[{"href":"https:\/\/peakpilates.hu\/en\/wp-json\/wp\/v2\/product"}],"about":[{"href":"https:\/\/peakpilates.hu\/en\/wp-json\/wp\/v2\/types\/product"}],"replies":[{"embeddable":true,"href":"https:\/\/peakpilates.hu\/en\/wp-json\/wp\/v2\/comments?post=28435"}],"version-history":[{"count":0,"href":"https:\/\/peakpilates.hu\/en\/wp-json\/wp\/v2\/product\/28435\/revisions"}],"wp:featuredmedia":[{"embeddable":true,"href":"https:\/\/peakpilates.hu\/en\/wp-json\/wp\/v2\/media\/29129"}],"wp:attachment":[{"href":"https:\/\/peakpilates.hu\/en\/wp-json\/wp\/v2\/media?parent=28435"}],"wp:term":[{"taxonomy":"product_brand","embeddable":true,"href":"https:\/\/peakpilates.hu\/en\/wp-json\/wp\/v2\/product_brand?post=28435"},{"taxonomy":"product_cat","embeddable":true,"href":"https:\/\/peakpilates.hu\/en\/wp-json\/wp\/v2\/product_cat?post=28435"},{"taxonomy":"product_tag","embeddable":true,"href":"https:\/\/peakpilates.hu\/en\/wp-json\/wp\/v2\/product_tag?post=28435"}],"curies":[{"name":"wp","href":"https:\/\/api.w.org\/{rel}","templated":true}]}}