{"id":28502,"date":"2025-05-30T12:09:33","date_gmt":"2025-05-30T12:09:33","guid":{"rendered":"https:\/\/infiniteq.org\/?post_type=product&#038;p=28502"},"modified":"2025-06-11T12:26:48","modified_gmt":"2025-06-11T12:26:48","slug":"fem-vonaltorony-labrugo","status":"publish","type":"product","link":"https:\/\/peakpilates.hu\/en\/termekek\/cserealkatreszek\/rugok\/fem-vonaltorony-labrugo\/","title":{"rendered":"Metal train tower footrest"},"content":{"rendered":"<p>Only standard voltage, available separately. For Peak Pilates\u00ae Metal Line.<\/p>\n<p>All springs come with a one-year warranty. We recommend that you replace the spring every two years. Any spring that shows early signs of fatigue (such as coil separation, even if slight) should be replaced immediately.<\/p>","protected":false},"excerpt":{"rendered":"<p>Only standard voltage, available separately. For Peak Pilates\u00ae Metal Line. All springs come with a one year warranty. We recommend replacing every two years<\/p>","protected":false},"featured_media":29146,"comment_status":"open","ping_status":"closed","template":"","meta":[],"product_brand":[190],"product_cat":[186,213],"product_tag":[],"class_list":{"0":"post-28502","1":"product","2":"type-product","3":"status-publish","4":"has-post-thumbnail","6":"product_brand-peak-pilates","7":"product_cat-cserealkatreszek","8":"product_cat-rugok","10":"first","11":"instock","12":"shipping-taxable","13":"product-type-simple"},"yoast_head":"<!-- This site is optimized with the Yoast SEO plugin v26.7 - https:\/\/yoast.com\/wordpress\/plugins\/seo\/ -->\n<title>F\u00e9m vonaltorony l\u00e1brug\u00f3 | Peak Pilates | Sz\u00e9ps\u00e9g, funkci\u00f3 \u00e9s hagyom\u00e1ny<\/title>\n<meta name=\"robots\" content=\"index, follow, max-snippet:-1, max-image-preview:large, max-video-preview:-1\" \/>\n<link rel=\"canonical\" href=\"https:\/\/peakpilates.hu\/en\/termekek\/cserealkatreszek\/rugok\/fem-vonaltorony-labrugo\/\" \/>\n<meta property=\"og:locale\" content=\"en_GB\" \/>\n<meta property=\"og:type\" content=\"article\" \/>\n<meta property=\"og:title\" content=\"F\u00e9m vonaltorony l\u00e1brug\u00f3 | Peak Pilates | Sz\u00e9ps\u00e9g, funkci\u00f3 \u00e9s hagyom\u00e1ny\" \/>\n<meta property=\"og:description\" content=\"Kiz\u00e1r\u00f3lag standard fesz\u00fclts\u00e9g\u0171, k\u00fcl\u00f6n kaphat\u00f3. Peak Pilates\u00ae Metal Line k\u00e9sz\u00fcl\u00e9kekhez. Minden rug\u00f3ra egy \u00e9v garancia vonatkozik. Javasoljuk, hogy k\u00e9t\u00e9vente cser\u00e9lje\" \/>\n<meta property=\"og:url\" content=\"https:\/\/peakpilates.hu\/en\/termekek\/cserealkatreszek\/rugok\/fem-vonaltorony-labrugo\/\" \/>\n<meta property=\"og:site_name\" content=\"Peak Pilates\" \/>\n<meta property=\"article:modified_time\" content=\"2025-06-11T12:26:48+00:00\" \/>\n<meta property=\"og:image\" content=\"https:\/\/peakpilates.hu\/wp-content\/uploads\/2025\/05\/peakpilates.hu-fem-vonaltorony-labrugo.webp\" \/>\n\t<meta property=\"og:image:width\" content=\"1100\" \/>\n\t<meta property=\"og:image:height\" content=\"1100\" \/>\n\t<meta property=\"og:image:type\" content=\"image\/webp\" \/>\n<meta name=\"twitter:card\" content=\"summary_large_image\" \/>\n<meta name=\"twitter:label1\" content=\"Estimated reading time\" \/>\n\t<meta name=\"twitter:data1\" content=\"1 minute\" \/>\n<script type=\"application\/ld+json\" class=\"yoast-schema-graph\">{\"@context\":\"https:\/\/schema.org\",\"@graph\":[{\"@type\":\"WebPage\",\"@id\":\"https:\/\/peakpilates.hu\/termekek\/cserealkatreszek\/rugok\/fem-vonaltorony-labrugo\/\",\"url\":\"https:\/\/peakpilates.hu\/termekek\/cserealkatreszek\/rugok\/fem-vonaltorony-labrugo\/\",\"name\":\"F\u00e9m vonaltorony l\u00e1brug\u00f3 | Peak Pilates | Sz\u00e9ps\u00e9g, funkci\u00f3 \u00e9s hagyom\u00e1ny\",\"isPartOf\":{\"@id\":\"https:\/\/peakpilates.hu\/#website\"},\"primaryImageOfPage\":{\"@id\":\"https:\/\/peakpilates.hu\/termekek\/cserealkatreszek\/rugok\/fem-vonaltorony-labrugo\/#primaryimage\"},\"image\":{\"@id\":\"https:\/\/peakpilates.hu\/termekek\/cserealkatreszek\/rugok\/fem-vonaltorony-labrugo\/#primaryimage\"},\"thumbnailUrl\":\"https:\/\/peakpilates.hu\/wp-content\/uploads\/2025\/05\/peakpilates.hu-fem-vonaltorony-labrugo.webp\",\"datePublished\":\"2025-05-30T12:09:33+00:00\",\"dateModified\":\"2025-06-11T12:26:48+00:00\",\"breadcrumb\":{\"@id\":\"https:\/\/peakpilates.hu\/termekek\/cserealkatreszek\/rugok\/fem-vonaltorony-labrugo\/#breadcrumb\"},\"inLanguage\":\"en-GB\",\"potentialAction\":[{\"@type\":\"ReadAction\",\"target\":[\"https:\/\/peakpilates.hu\/termekek\/cserealkatreszek\/rugok\/fem-vonaltorony-labrugo\/\"]}]},{\"@type\":\"ImageObject\",\"inLanguage\":\"en-GB\",\"@id\":\"https:\/\/peakpilates.hu\/termekek\/cserealkatreszek\/rugok\/fem-vonaltorony-labrugo\/#primaryimage\",\"url\":\"https:\/\/peakpilates.hu\/wp-content\/uploads\/2025\/05\/peakpilates.hu-fem-vonaltorony-labrugo.webp\",\"contentUrl\":\"https:\/\/peakpilates.hu\/wp-content\/uploads\/2025\/05\/peakpilates.hu-fem-vonaltorony-labrugo.webp\",\"width\":1100,\"height\":1100},{\"@type\":\"BreadcrumbList\",\"@id\":\"https:\/\/peakpilates.hu\/termekek\/cserealkatreszek\/rugok\/fem-vonaltorony-labrugo\/#breadcrumb\",\"itemListElement\":[{\"@type\":\"ListItem\",\"position\":1,\"name\":\"Kezd\u0151oldal\",\"item\":\"https:\/\/peakpilates.hu\/\"},{\"@type\":\"ListItem\",\"position\":2,\"name\":\"Term\u00e9kek\",\"item\":\"https:\/\/peakpilates.hu\/termekek\/\"},{\"@type\":\"ListItem\",\"position\":3,\"name\":\"F\u00e9m vonaltorony l\u00e1brug\u00f3\"}]},{\"@type\":\"WebSite\",\"@id\":\"https:\/\/peakpilates.hu\/#website\",\"url\":\"https:\/\/peakpilates.hu\/\",\"name\":\"Peak Pilates\",\"description\":\"Sz\u00e9ps\u00e9g, funkci\u00f3 \u00e9s hagyom\u00e1ny\",\"publisher\":{\"@id\":\"https:\/\/peakpilates.hu\/#organization\"},\"potentialAction\":[{\"@type\":\"SearchAction\",\"target\":{\"@type\":\"EntryPoint\",\"urlTemplate\":\"https:\/\/peakpilates.hu\/?s={search_term_string}\"},\"query-input\":{\"@type\":\"PropertyValueSpecification\",\"valueRequired\":true,\"valueName\":\"search_term_string\"}}],\"inLanguage\":\"en-GB\"},{\"@type\":\"Organization\",\"@id\":\"https:\/\/peakpilates.hu\/#organization\",\"name\":\"Peak Pilates\",\"url\":\"https:\/\/peakpilates.hu\/\",\"logo\":{\"@type\":\"ImageObject\",\"inLanguage\":\"en-GB\",\"@id\":\"https:\/\/peakpilates.hu\/#\/schema\/logo\/image\/\",\"url\":\"https:\/\/peakpilates.hu\/wp-content\/uploads\/2025\/05\/peakpilates.hu-site-icon.webp\",\"contentUrl\":\"https:\/\/peakpilates.hu\/wp-content\/uploads\/2025\/05\/peakpilates.hu-site-icon.webp\",\"width\":512,\"height\":512,\"caption\":\"Peak Pilates\"},\"image\":{\"@id\":\"https:\/\/peakpilates.hu\/#\/schema\/logo\/image\/\"}}]}<\/script>\n<!-- \/ Yoast SEO plugin. -->","yoast_head_json":{"title":"F\u00e9m vonaltorony l\u00e1brug\u00f3 | Peak Pilates | Sz\u00e9ps\u00e9g, funkci\u00f3 \u00e9s hagyom\u00e1ny","robots":{"index":"index","follow":"follow","max-snippet":"max-snippet:-1","max-image-preview":"max-image-preview:large","max-video-preview":"max-video-preview:-1"},"canonical":"https:\/\/peakpilates.hu\/en\/termekek\/cserealkatreszek\/rugok\/fem-vonaltorony-labrugo\/","og_locale":"en_GB","og_type":"article","og_title":"F\u00e9m vonaltorony l\u00e1brug\u00f3 | Peak Pilates | Sz\u00e9ps\u00e9g, funkci\u00f3 \u00e9s hagyom\u00e1ny","og_description":"Kiz\u00e1r\u00f3lag standard fesz\u00fclts\u00e9g\u0171, k\u00fcl\u00f6n kaphat\u00f3. Peak Pilates\u00ae Metal Line k\u00e9sz\u00fcl\u00e9kekhez. Minden rug\u00f3ra egy \u00e9v garancia vonatkozik. Javasoljuk, hogy k\u00e9t\u00e9vente cser\u00e9lje","og_url":"https:\/\/peakpilates.hu\/en\/termekek\/cserealkatreszek\/rugok\/fem-vonaltorony-labrugo\/","og_site_name":"Peak Pilates","article_modified_time":"2025-06-11T12:26:48+00:00","og_image":[{"width":1100,"height":1100,"url":"https:\/\/peakpilates.hu\/wp-content\/uploads\/2025\/05\/peakpilates.hu-fem-vonaltorony-labrugo.webp","type":"image\/webp"}],"twitter_card":"summary_large_image","twitter_misc":{"Estimated reading time":"1 minute"},"schema":{"@context":"https:\/\/schema.org","@graph":[{"@type":"WebPage","@id":"https:\/\/peakpilates.hu\/termekek\/cserealkatreszek\/rugok\/fem-vonaltorony-labrugo\/","url":"https:\/\/peakpilates.hu\/termekek\/cserealkatreszek\/rugok\/fem-vonaltorony-labrugo\/","name":"F\u00e9m vonaltorony l\u00e1brug\u00f3 | Peak Pilates | Sz\u00e9ps\u00e9g, funkci\u00f3 \u00e9s hagyom\u00e1ny","isPartOf":{"@id":"https:\/\/peakpilates.hu\/#website"},"primaryImageOfPage":{"@id":"https:\/\/peakpilates.hu\/termekek\/cserealkatreszek\/rugok\/fem-vonaltorony-labrugo\/#primaryimage"},"image":{"@id":"https:\/\/peakpilates.hu\/termekek\/cserealkatreszek\/rugok\/fem-vonaltorony-labrugo\/#primaryimage"},"thumbnailUrl":"https:\/\/peakpilates.hu\/wp-content\/uploads\/2025\/05\/peakpilates.hu-fem-vonaltorony-labrugo.webp","datePublished":"2025-05-30T12:09:33+00:00","dateModified":"2025-06-11T12:26:48+00:00","breadcrumb":{"@id":"https:\/\/peakpilates.hu\/termekek\/cserealkatreszek\/rugok\/fem-vonaltorony-labrugo\/#breadcrumb"},"inLanguage":"en-GB","potentialAction":[{"@type":"ReadAction","target":["https:\/\/peakpilates.hu\/termekek\/cserealkatreszek\/rugok\/fem-vonaltorony-labrugo\/"]}]},{"@type":"ImageObject","inLanguage":"en-GB","@id":"https:\/\/peakpilates.hu\/termekek\/cserealkatreszek\/rugok\/fem-vonaltorony-labrugo\/#primaryimage","url":"https:\/\/peakpilates.hu\/wp-content\/uploads\/2025\/05\/peakpilates.hu-fem-vonaltorony-labrugo.webp","contentUrl":"https:\/\/peakpilates.hu\/wp-content\/uploads\/2025\/05\/peakpilates.hu-fem-vonaltorony-labrugo.webp","width":1100,"height":1100},{"@type":"BreadcrumbList","@id":"https:\/\/peakpilates.hu\/termekek\/cserealkatreszek\/rugok\/fem-vonaltorony-labrugo\/#breadcrumb","itemListElement":[{"@type":"ListItem","position":1,"name":"Kezd\u0151oldal","item":"https:\/\/peakpilates.hu\/"},{"@type":"ListItem","position":2,"name":"Term\u00e9kek","item":"https:\/\/peakpilates.hu\/termekek\/"},{"@type":"ListItem","position":3,"name":"F\u00e9m vonaltorony l\u00e1brug\u00f3"}]},{"@type":"WebSite","@id":"https:\/\/peakpilates.hu\/#website","url":"https:\/\/peakpilates.hu\/","name":"Peak Pilates","description":"Beauty, function and tradition","publisher":{"@id":"https:\/\/peakpilates.hu\/#organization"},"potentialAction":[{"@type":"SearchAction","target":{"@type":"EntryPoint","urlTemplate":"https:\/\/peakpilates.hu\/?s={search_term_string}"},"query-input":{"@type":"PropertyValueSpecification","valueRequired":true,"valueName":"search_term_string"}}],"inLanguage":"en-GB"},{"@type":"Organization","@id":"https:\/\/peakpilates.hu\/#organization","name":"Peak Pilates","url":"https:\/\/peakpilates.hu\/","logo":{"@type":"ImageObject","inLanguage":"en-GB","@id":"https:\/\/peakpilates.hu\/#\/schema\/logo\/image\/","url":"https:\/\/peakpilates.hu\/wp-content\/uploads\/2025\/05\/peakpilates.hu-site-icon.webp","contentUrl":"https:\/\/peakpilates.hu\/wp-content\/uploads\/2025\/05\/peakpilates.hu-site-icon.webp","width":512,"height":512,"caption":"Peak Pilates"},"image":{"@id":"https:\/\/peakpilates.hu\/#\/schema\/logo\/image\/"}}]}},"_links":{"self":[{"href":"https:\/\/peakpilates.hu\/en\/wp-json\/wp\/v2\/product\/28502","targetHints":{"allow":["GET"]}}],"collection":[{"href":"https:\/\/peakpilates.hu\/en\/wp-json\/wp\/v2\/product"}],"about":[{"href":"https:\/\/peakpilates.hu\/en\/wp-json\/wp\/v2\/types\/product"}],"replies":[{"embeddable":true,"href":"https:\/\/peakpilates.hu\/en\/wp-json\/wp\/v2\/comments?post=28502"}],"version-history":[{"count":0,"href":"https:\/\/peakpilates.hu\/en\/wp-json\/wp\/v2\/product\/28502\/revisions"}],"wp:featuredmedia":[{"embeddable":true,"href":"https:\/\/peakpilates.hu\/en\/wp-json\/wp\/v2\/media\/29146"}],"wp:attachment":[{"href":"https:\/\/peakpilates.hu\/en\/wp-json\/wp\/v2\/media?parent=28502"}],"wp:term":[{"taxonomy":"product_brand","embeddable":true,"href":"https:\/\/peakpilates.hu\/en\/wp-json\/wp\/v2\/product_brand?post=28502"},{"taxonomy":"product_cat","embeddable":true,"href":"https:\/\/peakpilates.hu\/en\/wp-json\/wp\/v2\/product_cat?post=28502"},{"taxonomy":"product_tag","embeddable":true,"href":"https:\/\/peakpilates.hu\/en\/wp-json\/wp\/v2\/product_tag?post=28502"}],"curies":[{"name":"wp","href":"https:\/\/api.w.org\/{rel}","templated":true}]}}