{"id":28526,"date":"2025-05-30T12:20:25","date_gmt":"2025-05-30T12:20:25","guid":{"rendered":"https:\/\/infiniteq.org\/?post_type=product&#038;p=28526"},"modified":"2025-06-11T12:26:47","modified_gmt":"2025-06-11T12:26:47","slug":"studioszek-es-trapezrugo-konnyu","status":"publish","type":"product","link":"https:\/\/peakpilates.hu\/en\/termekek\/cserealkatreszek\/rugok\/studioszek-es-trapezrugo-konnyu\/","title":{"rendered":"Studio chair and trapeze bar - light"},"content":{"rendered":"<p>Choose between Easy, Normal and Heavy tension. Available individually. For use with the Peak Pilates\u00ae Studio Wood Line.<\/p>\n<p>All springs come with a one-year warranty. We recommend that you replace the spring every two years. Any spring that shows early signs of fatigue (such as coil separation, even if slight) should be replaced immediately.<\/p>\n<p>4911-3652 Light<br \/>\n4911-3651 Normal<br \/>\n4911-3650 Heavy<\/p>","protected":false},"excerpt":{"rendered":"<p>Choose between Easy, Normal and Heavy tension. Available individually. For use with the Peak Pilates\u00ae Studio Wood Line. For all springs<\/p>","protected":false},"featured_media":29242,"comment_status":"open","ping_status":"closed","template":"","meta":[],"product_brand":[190],"product_cat":[186,213],"product_tag":[],"class_list":{"0":"post-28526","1":"product","2":"type-product","3":"status-publish","4":"has-post-thumbnail","6":"product_brand-peak-pilates","7":"product_cat-cserealkatreszek","8":"product_cat-rugok","10":"first","11":"instock","12":"shipping-taxable","13":"product-type-simple"},"yoast_head":"<!-- This site is optimized with the Yoast SEO plugin v26.7 - https:\/\/yoast.com\/wordpress\/plugins\/seo\/ -->\n<title>St\u00fadi\u00f3sz\u00e9k \u00e9s trap\u00e9zrug\u00f3 - k\u00f6nny\u0171 | Peak Pilates | Sz\u00e9ps\u00e9g, funkci\u00f3 \u00e9s hagyom\u00e1ny<\/title>\n<meta name=\"robots\" content=\"index, follow, max-snippet:-1, max-image-preview:large, max-video-preview:-1\" \/>\n<link rel=\"canonical\" href=\"https:\/\/peakpilates.hu\/en\/termekek\/cserealkatreszek\/rugok\/studioszek-es-trapezrugo-konnyu\/\" \/>\n<meta property=\"og:locale\" content=\"en_GB\" \/>\n<meta property=\"og:type\" content=\"article\" \/>\n<meta property=\"og:title\" content=\"St\u00fadi\u00f3sz\u00e9k \u00e9s trap\u00e9zrug\u00f3 - k\u00f6nny\u0171 | Peak Pilates | Sz\u00e9ps\u00e9g, funkci\u00f3 \u00e9s hagyom\u00e1ny\" \/>\n<meta property=\"og:description\" content=\"V\u00e1lasszon a K\u00f6nny\u0171, Norm\u00e1l \u00e9s Neh\u00e9z fesz\u00fclts\u00e9g k\u00f6z\u00fcl. Egyenk\u00e9nt kaphat\u00f3. A Peak Pilates\u00ae Studio Wood Line term\u00e9kcsal\u00e1ddal haszn\u00e1lhat\u00f3. Minden rug\u00f3ra\" \/>\n<meta property=\"og:url\" content=\"https:\/\/peakpilates.hu\/en\/termekek\/cserealkatreszek\/rugok\/studioszek-es-trapezrugo-konnyu\/\" \/>\n<meta property=\"og:site_name\" content=\"Peak Pilates\" \/>\n<meta property=\"article:modified_time\" content=\"2025-06-11T12:26:47+00:00\" \/>\n<meta property=\"og:image\" content=\"https:\/\/peakpilates.hu\/wp-content\/uploads\/2025\/05\/peakpilates.hu-studio-szek-es-trapezrugo-konnyu.webp\" \/>\n\t<meta property=\"og:image:width\" content=\"500\" \/>\n\t<meta property=\"og:image:height\" content=\"500\" \/>\n\t<meta property=\"og:image:type\" content=\"image\/webp\" \/>\n<meta name=\"twitter:card\" content=\"summary_large_image\" \/>\n<meta name=\"twitter:label1\" content=\"Estimated reading time\" \/>\n\t<meta name=\"twitter:data1\" content=\"1 minute\" \/>\n<script type=\"application\/ld+json\" class=\"yoast-schema-graph\">{\"@context\":\"https:\/\/schema.org\",\"@graph\":[{\"@type\":\"WebPage\",\"@id\":\"https:\/\/peakpilates.hu\/termekek\/cserealkatreszek\/rugok\/studioszek-es-trapezrugo-konnyu\/\",\"url\":\"https:\/\/peakpilates.hu\/termekek\/cserealkatreszek\/rugok\/studioszek-es-trapezrugo-konnyu\/\",\"name\":\"St\u00fadi\u00f3sz\u00e9k \u00e9s trap\u00e9zrug\u00f3 - k\u00f6nny\u0171 | Peak Pilates | Sz\u00e9ps\u00e9g, funkci\u00f3 \u00e9s hagyom\u00e1ny\",\"isPartOf\":{\"@id\":\"https:\/\/peakpilates.hu\/#website\"},\"primaryImageOfPage\":{\"@id\":\"https:\/\/peakpilates.hu\/termekek\/cserealkatreszek\/rugok\/studioszek-es-trapezrugo-konnyu\/#primaryimage\"},\"image\":{\"@id\":\"https:\/\/peakpilates.hu\/termekek\/cserealkatreszek\/rugok\/studioszek-es-trapezrugo-konnyu\/#primaryimage\"},\"thumbnailUrl\":\"https:\/\/peakpilates.hu\/wp-content\/uploads\/2025\/05\/peakpilates.hu-studio-szek-es-trapezrugo-konnyu.webp\",\"datePublished\":\"2025-05-30T12:20:25+00:00\",\"dateModified\":\"2025-06-11T12:26:47+00:00\",\"breadcrumb\":{\"@id\":\"https:\/\/peakpilates.hu\/termekek\/cserealkatreszek\/rugok\/studioszek-es-trapezrugo-konnyu\/#breadcrumb\"},\"inLanguage\":\"en-GB\",\"potentialAction\":[{\"@type\":\"ReadAction\",\"target\":[\"https:\/\/peakpilates.hu\/termekek\/cserealkatreszek\/rugok\/studioszek-es-trapezrugo-konnyu\/\"]}]},{\"@type\":\"ImageObject\",\"inLanguage\":\"en-GB\",\"@id\":\"https:\/\/peakpilates.hu\/termekek\/cserealkatreszek\/rugok\/studioszek-es-trapezrugo-konnyu\/#primaryimage\",\"url\":\"https:\/\/peakpilates.hu\/wp-content\/uploads\/2025\/05\/peakpilates.hu-studio-szek-es-trapezrugo-konnyu.webp\",\"contentUrl\":\"https:\/\/peakpilates.hu\/wp-content\/uploads\/2025\/05\/peakpilates.hu-studio-szek-es-trapezrugo-konnyu.webp\",\"width\":500,\"height\":500},{\"@type\":\"BreadcrumbList\",\"@id\":\"https:\/\/peakpilates.hu\/termekek\/cserealkatreszek\/rugok\/studioszek-es-trapezrugo-konnyu\/#breadcrumb\",\"itemListElement\":[{\"@type\":\"ListItem\",\"position\":1,\"name\":\"Kezd\u0151oldal\",\"item\":\"https:\/\/peakpilates.hu\/\"},{\"@type\":\"ListItem\",\"position\":2,\"name\":\"Term\u00e9kek\",\"item\":\"https:\/\/peakpilates.hu\/termekek\/\"},{\"@type\":\"ListItem\",\"position\":3,\"name\":\"St\u00fadi\u00f3sz\u00e9k \u00e9s trap\u00e9zrug\u00f3 &#8211; k\u00f6nny\u0171\"}]},{\"@type\":\"WebSite\",\"@id\":\"https:\/\/peakpilates.hu\/#website\",\"url\":\"https:\/\/peakpilates.hu\/\",\"name\":\"Peak Pilates\",\"description\":\"Sz\u00e9ps\u00e9g, funkci\u00f3 \u00e9s hagyom\u00e1ny\",\"publisher\":{\"@id\":\"https:\/\/peakpilates.hu\/#organization\"},\"potentialAction\":[{\"@type\":\"SearchAction\",\"target\":{\"@type\":\"EntryPoint\",\"urlTemplate\":\"https:\/\/peakpilates.hu\/?s={search_term_string}\"},\"query-input\":{\"@type\":\"PropertyValueSpecification\",\"valueRequired\":true,\"valueName\":\"search_term_string\"}}],\"inLanguage\":\"en-GB\"},{\"@type\":\"Organization\",\"@id\":\"https:\/\/peakpilates.hu\/#organization\",\"name\":\"Peak Pilates\",\"url\":\"https:\/\/peakpilates.hu\/\",\"logo\":{\"@type\":\"ImageObject\",\"inLanguage\":\"en-GB\",\"@id\":\"https:\/\/peakpilates.hu\/#\/schema\/logo\/image\/\",\"url\":\"https:\/\/peakpilates.hu\/wp-content\/uploads\/2025\/05\/peakpilates.hu-site-icon.webp\",\"contentUrl\":\"https:\/\/peakpilates.hu\/wp-content\/uploads\/2025\/05\/peakpilates.hu-site-icon.webp\",\"width\":512,\"height\":512,\"caption\":\"Peak Pilates\"},\"image\":{\"@id\":\"https:\/\/peakpilates.hu\/#\/schema\/logo\/image\/\"}}]}<\/script>\n<!-- \/ Yoast SEO plugin. -->","yoast_head_json":{"title":"St\u00fadi\u00f3sz\u00e9k \u00e9s trap\u00e9zrug\u00f3 - k\u00f6nny\u0171 | Peak Pilates | Sz\u00e9ps\u00e9g, funkci\u00f3 \u00e9s hagyom\u00e1ny","robots":{"index":"index","follow":"follow","max-snippet":"max-snippet:-1","max-image-preview":"max-image-preview:large","max-video-preview":"max-video-preview:-1"},"canonical":"https:\/\/peakpilates.hu\/en\/termekek\/cserealkatreszek\/rugok\/studioszek-es-trapezrugo-konnyu\/","og_locale":"en_GB","og_type":"article","og_title":"St\u00fadi\u00f3sz\u00e9k \u00e9s trap\u00e9zrug\u00f3 - k\u00f6nny\u0171 | Peak Pilates | Sz\u00e9ps\u00e9g, funkci\u00f3 \u00e9s hagyom\u00e1ny","og_description":"V\u00e1lasszon a K\u00f6nny\u0171, Norm\u00e1l \u00e9s Neh\u00e9z fesz\u00fclts\u00e9g k\u00f6z\u00fcl. Egyenk\u00e9nt kaphat\u00f3. A Peak Pilates\u00ae Studio Wood Line term\u00e9kcsal\u00e1ddal haszn\u00e1lhat\u00f3. Minden rug\u00f3ra","og_url":"https:\/\/peakpilates.hu\/en\/termekek\/cserealkatreszek\/rugok\/studioszek-es-trapezrugo-konnyu\/","og_site_name":"Peak Pilates","article_modified_time":"2025-06-11T12:26:47+00:00","og_image":[{"width":500,"height":500,"url":"https:\/\/peakpilates.hu\/wp-content\/uploads\/2025\/05\/peakpilates.hu-studio-szek-es-trapezrugo-konnyu.webp","type":"image\/webp"}],"twitter_card":"summary_large_image","twitter_misc":{"Estimated reading time":"1 minute"},"schema":{"@context":"https:\/\/schema.org","@graph":[{"@type":"WebPage","@id":"https:\/\/peakpilates.hu\/termekek\/cserealkatreszek\/rugok\/studioszek-es-trapezrugo-konnyu\/","url":"https:\/\/peakpilates.hu\/termekek\/cserealkatreszek\/rugok\/studioszek-es-trapezrugo-konnyu\/","name":"St\u00fadi\u00f3sz\u00e9k \u00e9s trap\u00e9zrug\u00f3 - k\u00f6nny\u0171 | Peak Pilates | Sz\u00e9ps\u00e9g, funkci\u00f3 \u00e9s hagyom\u00e1ny","isPartOf":{"@id":"https:\/\/peakpilates.hu\/#website"},"primaryImageOfPage":{"@id":"https:\/\/peakpilates.hu\/termekek\/cserealkatreszek\/rugok\/studioszek-es-trapezrugo-konnyu\/#primaryimage"},"image":{"@id":"https:\/\/peakpilates.hu\/termekek\/cserealkatreszek\/rugok\/studioszek-es-trapezrugo-konnyu\/#primaryimage"},"thumbnailUrl":"https:\/\/peakpilates.hu\/wp-content\/uploads\/2025\/05\/peakpilates.hu-studio-szek-es-trapezrugo-konnyu.webp","datePublished":"2025-05-30T12:20:25+00:00","dateModified":"2025-06-11T12:26:47+00:00","breadcrumb":{"@id":"https:\/\/peakpilates.hu\/termekek\/cserealkatreszek\/rugok\/studioszek-es-trapezrugo-konnyu\/#breadcrumb"},"inLanguage":"en-GB","potentialAction":[{"@type":"ReadAction","target":["https:\/\/peakpilates.hu\/termekek\/cserealkatreszek\/rugok\/studioszek-es-trapezrugo-konnyu\/"]}]},{"@type":"ImageObject","inLanguage":"en-GB","@id":"https:\/\/peakpilates.hu\/termekek\/cserealkatreszek\/rugok\/studioszek-es-trapezrugo-konnyu\/#primaryimage","url":"https:\/\/peakpilates.hu\/wp-content\/uploads\/2025\/05\/peakpilates.hu-studio-szek-es-trapezrugo-konnyu.webp","contentUrl":"https:\/\/peakpilates.hu\/wp-content\/uploads\/2025\/05\/peakpilates.hu-studio-szek-es-trapezrugo-konnyu.webp","width":500,"height":500},{"@type":"BreadcrumbList","@id":"https:\/\/peakpilates.hu\/termekek\/cserealkatreszek\/rugok\/studioszek-es-trapezrugo-konnyu\/#breadcrumb","itemListElement":[{"@type":"ListItem","position":1,"name":"Kezd\u0151oldal","item":"https:\/\/peakpilates.hu\/"},{"@type":"ListItem","position":2,"name":"Term\u00e9kek","item":"https:\/\/peakpilates.hu\/termekek\/"},{"@type":"ListItem","position":3,"name":"St\u00fadi\u00f3sz\u00e9k \u00e9s trap\u00e9zrug\u00f3 &#8211; k\u00f6nny\u0171"}]},{"@type":"WebSite","@id":"https:\/\/peakpilates.hu\/#website","url":"https:\/\/peakpilates.hu\/","name":"Peak Pilates","description":"Beauty, function and tradition","publisher":{"@id":"https:\/\/peakpilates.hu\/#organization"},"potentialAction":[{"@type":"SearchAction","target":{"@type":"EntryPoint","urlTemplate":"https:\/\/peakpilates.hu\/?s={search_term_string}"},"query-input":{"@type":"PropertyValueSpecification","valueRequired":true,"valueName":"search_term_string"}}],"inLanguage":"en-GB"},{"@type":"Organization","@id":"https:\/\/peakpilates.hu\/#organization","name":"Peak Pilates","url":"https:\/\/peakpilates.hu\/","logo":{"@type":"ImageObject","inLanguage":"en-GB","@id":"https:\/\/peakpilates.hu\/#\/schema\/logo\/image\/","url":"https:\/\/peakpilates.hu\/wp-content\/uploads\/2025\/05\/peakpilates.hu-site-icon.webp","contentUrl":"https:\/\/peakpilates.hu\/wp-content\/uploads\/2025\/05\/peakpilates.hu-site-icon.webp","width":512,"height":512,"caption":"Peak Pilates"},"image":{"@id":"https:\/\/peakpilates.hu\/#\/schema\/logo\/image\/"}}]}},"_links":{"self":[{"href":"https:\/\/peakpilates.hu\/en\/wp-json\/wp\/v2\/product\/28526","targetHints":{"allow":["GET"]}}],"collection":[{"href":"https:\/\/peakpilates.hu\/en\/wp-json\/wp\/v2\/product"}],"about":[{"href":"https:\/\/peakpilates.hu\/en\/wp-json\/wp\/v2\/types\/product"}],"replies":[{"embeddable":true,"href":"https:\/\/peakpilates.hu\/en\/wp-json\/wp\/v2\/comments?post=28526"}],"version-history":[{"count":0,"href":"https:\/\/peakpilates.hu\/en\/wp-json\/wp\/v2\/product\/28526\/revisions"}],"wp:featuredmedia":[{"embeddable":true,"href":"https:\/\/peakpilates.hu\/en\/wp-json\/wp\/v2\/media\/29242"}],"wp:attachment":[{"href":"https:\/\/peakpilates.hu\/en\/wp-json\/wp\/v2\/media?parent=28526"}],"wp:term":[{"taxonomy":"product_brand","embeddable":true,"href":"https:\/\/peakpilates.hu\/en\/wp-json\/wp\/v2\/product_brand?post=28526"},{"taxonomy":"product_cat","embeddable":true,"href":"https:\/\/peakpilates.hu\/en\/wp-json\/wp\/v2\/product_cat?post=28526"},{"taxonomy":"product_tag","embeddable":true,"href":"https:\/\/peakpilates.hu\/en\/wp-json\/wp\/v2\/product_tag?post=28526"}],"curies":[{"name":"wp","href":"https:\/\/api.w.org\/{rel}","templated":true}]}}