{"id":28555,"date":"2025-05-30T12:35:04","date_gmt":"2025-05-30T12:35:04","guid":{"rendered":"https:\/\/infiniteq.org\/?post_type=product&#038;p=28555"},"modified":"2025-06-11T12:26:45","modified_gmt":"2025-06-11T12:26:45","slug":"studio-reformer-rugo-extra-konnyu-zold","status":"publish","type":"product","link":"https:\/\/peakpilates.hu\/en\/termekek\/cserealkatreszek\/rugok\/studio-reformer-rugo-extra-konnyu-zold\/","title":{"rendered":"Studio Reformer spring - extra light, green"},"content":{"rendered":"<p>Available individually. Choose from Extra Light (green), Light (blue), Standard (yellow), Heavy (red).<\/p>\n<p>For use with the Peak Pilates\u00ae Studio Wood range.<\/p>\n<p>All springs come with a one-year warranty. We recommend that you replace the spring every two years. Any spring that shows early signs of fatigue (such as coil separation, even if slight) should be replaced immediately.<\/p>\n<p>4911-3606 Extra light<br \/>\n4911-3605 Light<br \/>\n4911-3604 Standard<br \/>\n4911-3603 Heavy<\/p>\n<p>Material: nickel<\/p>\n<p>Length: 49,53 cm<\/p>","protected":false},"excerpt":{"rendered":"<p>Available individually. Choose tension from Extra Light (green), Light (blue), Standard (yellow), Heavy (red).<\/p>","protected":false},"featured_media":29232,"comment_status":"open","ping_status":"closed","template":"","meta":[],"product_brand":[190],"product_cat":[186,213],"product_tag":[],"class_list":{"0":"post-28555","1":"product","2":"type-product","3":"status-publish","4":"has-post-thumbnail","6":"product_brand-peak-pilates","7":"product_cat-cserealkatreszek","8":"product_cat-rugok","10":"first","11":"instock","12":"shipping-taxable","13":"product-type-simple"},"yoast_head":"<!-- This site is optimized with the Yoast SEO plugin v26.7 - https:\/\/yoast.com\/wordpress\/plugins\/seo\/ -->\n<title>Studio Reformer rug\u00f3 - extra k\u00f6nny\u0171, z\u00f6ld | Peak Pilates | Sz\u00e9ps\u00e9g, funkci\u00f3 \u00e9s hagyom\u00e1ny<\/title>\n<meta name=\"robots\" content=\"index, follow, max-snippet:-1, max-image-preview:large, max-video-preview:-1\" \/>\n<link rel=\"canonical\" href=\"https:\/\/peakpilates.hu\/en\/termekek\/cserealkatreszek\/rugok\/studio-reformer-rugo-extra-konnyu-zold\/\" \/>\n<meta property=\"og:locale\" content=\"en_GB\" \/>\n<meta property=\"og:type\" content=\"article\" \/>\n<meta property=\"og:title\" content=\"Studio Reformer rug\u00f3 - extra k\u00f6nny\u0171, z\u00f6ld | Peak Pilates | Sz\u00e9ps\u00e9g, funkci\u00f3 \u00e9s hagyom\u00e1ny\" \/>\n<meta property=\"og:description\" content=\"Egyenk\u00e9nt kaphat\u00f3. V\u00e1lasszon fesz\u00fclts\u00e9get a k\u00f6vetkez\u0151k k\u00f6z\u00fcl: Extra k\u00f6nny\u0171 (z\u00f6ld), K\u00f6nny\u0171 (k\u00e9k), Standard (s\u00e1rga), Neh\u00e9z (piros). A Peak Pilates\u00ae Studio\" \/>\n<meta property=\"og:url\" content=\"https:\/\/peakpilates.hu\/en\/termekek\/cserealkatreszek\/rugok\/studio-reformer-rugo-extra-konnyu-zold\/\" \/>\n<meta property=\"og:site_name\" content=\"Peak Pilates\" \/>\n<meta property=\"article:modified_time\" content=\"2025-06-11T12:26:45+00:00\" \/>\n<meta property=\"og:image\" content=\"https:\/\/peakpilates.hu\/wp-content\/uploads\/2025\/05\/peakpilates.hu-reformer-rugo-extra-konnyu.webp\" \/>\n\t<meta property=\"og:image:width\" content=\"1100\" \/>\n\t<meta property=\"og:image:height\" content=\"1100\" \/>\n\t<meta property=\"og:image:type\" content=\"image\/webp\" \/>\n<meta name=\"twitter:card\" content=\"summary_large_image\" \/>\n<meta name=\"twitter:label1\" content=\"Estimated reading time\" \/>\n\t<meta name=\"twitter:data1\" content=\"1 minute\" \/>\n<script type=\"application\/ld+json\" class=\"yoast-schema-graph\">{\"@context\":\"https:\/\/schema.org\",\"@graph\":[{\"@type\":\"WebPage\",\"@id\":\"https:\/\/peakpilates.hu\/termekek\/cserealkatreszek\/rugok\/studio-reformer-rugo-extra-konnyu-zold\/\",\"url\":\"https:\/\/peakpilates.hu\/termekek\/cserealkatreszek\/rugok\/studio-reformer-rugo-extra-konnyu-zold\/\",\"name\":\"Studio Reformer rug\u00f3 - extra k\u00f6nny\u0171, z\u00f6ld | Peak Pilates | Sz\u00e9ps\u00e9g, funkci\u00f3 \u00e9s hagyom\u00e1ny\",\"isPartOf\":{\"@id\":\"https:\/\/peakpilates.hu\/#website\"},\"primaryImageOfPage\":{\"@id\":\"https:\/\/peakpilates.hu\/termekek\/cserealkatreszek\/rugok\/studio-reformer-rugo-extra-konnyu-zold\/#primaryimage\"},\"image\":{\"@id\":\"https:\/\/peakpilates.hu\/termekek\/cserealkatreszek\/rugok\/studio-reformer-rugo-extra-konnyu-zold\/#primaryimage\"},\"thumbnailUrl\":\"https:\/\/peakpilates.hu\/wp-content\/uploads\/2025\/05\/peakpilates.hu-reformer-rugo-extra-konnyu.webp\",\"datePublished\":\"2025-05-30T12:35:04+00:00\",\"dateModified\":\"2025-06-11T12:26:45+00:00\",\"breadcrumb\":{\"@id\":\"https:\/\/peakpilates.hu\/termekek\/cserealkatreszek\/rugok\/studio-reformer-rugo-extra-konnyu-zold\/#breadcrumb\"},\"inLanguage\":\"en-GB\",\"potentialAction\":[{\"@type\":\"ReadAction\",\"target\":[\"https:\/\/peakpilates.hu\/termekek\/cserealkatreszek\/rugok\/studio-reformer-rugo-extra-konnyu-zold\/\"]}]},{\"@type\":\"ImageObject\",\"inLanguage\":\"en-GB\",\"@id\":\"https:\/\/peakpilates.hu\/termekek\/cserealkatreszek\/rugok\/studio-reformer-rugo-extra-konnyu-zold\/#primaryimage\",\"url\":\"https:\/\/peakpilates.hu\/wp-content\/uploads\/2025\/05\/peakpilates.hu-reformer-rugo-extra-konnyu.webp\",\"contentUrl\":\"https:\/\/peakpilates.hu\/wp-content\/uploads\/2025\/05\/peakpilates.hu-reformer-rugo-extra-konnyu.webp\",\"width\":1100,\"height\":1100},{\"@type\":\"BreadcrumbList\",\"@id\":\"https:\/\/peakpilates.hu\/termekek\/cserealkatreszek\/rugok\/studio-reformer-rugo-extra-konnyu-zold\/#breadcrumb\",\"itemListElement\":[{\"@type\":\"ListItem\",\"position\":1,\"name\":\"Kezd\u0151oldal\",\"item\":\"https:\/\/peakpilates.hu\/\"},{\"@type\":\"ListItem\",\"position\":2,\"name\":\"Term\u00e9kek\",\"item\":\"https:\/\/peakpilates.hu\/termekek\/\"},{\"@type\":\"ListItem\",\"position\":3,\"name\":\"Studio Reformer rug\u00f3 &#8211; extra k\u00f6nny\u0171, z\u00f6ld\"}]},{\"@type\":\"WebSite\",\"@id\":\"https:\/\/peakpilates.hu\/#website\",\"url\":\"https:\/\/peakpilates.hu\/\",\"name\":\"Peak Pilates\",\"description\":\"Sz\u00e9ps\u00e9g, funkci\u00f3 \u00e9s hagyom\u00e1ny\",\"publisher\":{\"@id\":\"https:\/\/peakpilates.hu\/#organization\"},\"potentialAction\":[{\"@type\":\"SearchAction\",\"target\":{\"@type\":\"EntryPoint\",\"urlTemplate\":\"https:\/\/peakpilates.hu\/?s={search_term_string}\"},\"query-input\":{\"@type\":\"PropertyValueSpecification\",\"valueRequired\":true,\"valueName\":\"search_term_string\"}}],\"inLanguage\":\"en-GB\"},{\"@type\":\"Organization\",\"@id\":\"https:\/\/peakpilates.hu\/#organization\",\"name\":\"Peak Pilates\",\"url\":\"https:\/\/peakpilates.hu\/\",\"logo\":{\"@type\":\"ImageObject\",\"inLanguage\":\"en-GB\",\"@id\":\"https:\/\/peakpilates.hu\/#\/schema\/logo\/image\/\",\"url\":\"https:\/\/peakpilates.hu\/wp-content\/uploads\/2025\/05\/peakpilates.hu-site-icon.webp\",\"contentUrl\":\"https:\/\/peakpilates.hu\/wp-content\/uploads\/2025\/05\/peakpilates.hu-site-icon.webp\",\"width\":512,\"height\":512,\"caption\":\"Peak Pilates\"},\"image\":{\"@id\":\"https:\/\/peakpilates.hu\/#\/schema\/logo\/image\/\"}}]}<\/script>\n<!-- \/ Yoast SEO plugin. -->","yoast_head_json":{"title":"Studio Reformer rug\u00f3 - extra k\u00f6nny\u0171, z\u00f6ld | Peak Pilates | Sz\u00e9ps\u00e9g, funkci\u00f3 \u00e9s hagyom\u00e1ny","robots":{"index":"index","follow":"follow","max-snippet":"max-snippet:-1","max-image-preview":"max-image-preview:large","max-video-preview":"max-video-preview:-1"},"canonical":"https:\/\/peakpilates.hu\/en\/termekek\/cserealkatreszek\/rugok\/studio-reformer-rugo-extra-konnyu-zold\/","og_locale":"en_GB","og_type":"article","og_title":"Studio Reformer rug\u00f3 - extra k\u00f6nny\u0171, z\u00f6ld | Peak Pilates | Sz\u00e9ps\u00e9g, funkci\u00f3 \u00e9s hagyom\u00e1ny","og_description":"Egyenk\u00e9nt kaphat\u00f3. V\u00e1lasszon fesz\u00fclts\u00e9get a k\u00f6vetkez\u0151k k\u00f6z\u00fcl: Extra k\u00f6nny\u0171 (z\u00f6ld), K\u00f6nny\u0171 (k\u00e9k), Standard (s\u00e1rga), Neh\u00e9z (piros). A Peak Pilates\u00ae Studio","og_url":"https:\/\/peakpilates.hu\/en\/termekek\/cserealkatreszek\/rugok\/studio-reformer-rugo-extra-konnyu-zold\/","og_site_name":"Peak Pilates","article_modified_time":"2025-06-11T12:26:45+00:00","og_image":[{"width":1100,"height":1100,"url":"https:\/\/peakpilates.hu\/wp-content\/uploads\/2025\/05\/peakpilates.hu-reformer-rugo-extra-konnyu.webp","type":"image\/webp"}],"twitter_card":"summary_large_image","twitter_misc":{"Estimated reading time":"1 minute"},"schema":{"@context":"https:\/\/schema.org","@graph":[{"@type":"WebPage","@id":"https:\/\/peakpilates.hu\/termekek\/cserealkatreszek\/rugok\/studio-reformer-rugo-extra-konnyu-zold\/","url":"https:\/\/peakpilates.hu\/termekek\/cserealkatreszek\/rugok\/studio-reformer-rugo-extra-konnyu-zold\/","name":"Studio Reformer rug\u00f3 - extra k\u00f6nny\u0171, z\u00f6ld | Peak Pilates | Sz\u00e9ps\u00e9g, funkci\u00f3 \u00e9s hagyom\u00e1ny","isPartOf":{"@id":"https:\/\/peakpilates.hu\/#website"},"primaryImageOfPage":{"@id":"https:\/\/peakpilates.hu\/termekek\/cserealkatreszek\/rugok\/studio-reformer-rugo-extra-konnyu-zold\/#primaryimage"},"image":{"@id":"https:\/\/peakpilates.hu\/termekek\/cserealkatreszek\/rugok\/studio-reformer-rugo-extra-konnyu-zold\/#primaryimage"},"thumbnailUrl":"https:\/\/peakpilates.hu\/wp-content\/uploads\/2025\/05\/peakpilates.hu-reformer-rugo-extra-konnyu.webp","datePublished":"2025-05-30T12:35:04+00:00","dateModified":"2025-06-11T12:26:45+00:00","breadcrumb":{"@id":"https:\/\/peakpilates.hu\/termekek\/cserealkatreszek\/rugok\/studio-reformer-rugo-extra-konnyu-zold\/#breadcrumb"},"inLanguage":"en-GB","potentialAction":[{"@type":"ReadAction","target":["https:\/\/peakpilates.hu\/termekek\/cserealkatreszek\/rugok\/studio-reformer-rugo-extra-konnyu-zold\/"]}]},{"@type":"ImageObject","inLanguage":"en-GB","@id":"https:\/\/peakpilates.hu\/termekek\/cserealkatreszek\/rugok\/studio-reformer-rugo-extra-konnyu-zold\/#primaryimage","url":"https:\/\/peakpilates.hu\/wp-content\/uploads\/2025\/05\/peakpilates.hu-reformer-rugo-extra-konnyu.webp","contentUrl":"https:\/\/peakpilates.hu\/wp-content\/uploads\/2025\/05\/peakpilates.hu-reformer-rugo-extra-konnyu.webp","width":1100,"height":1100},{"@type":"BreadcrumbList","@id":"https:\/\/peakpilates.hu\/termekek\/cserealkatreszek\/rugok\/studio-reformer-rugo-extra-konnyu-zold\/#breadcrumb","itemListElement":[{"@type":"ListItem","position":1,"name":"Kezd\u0151oldal","item":"https:\/\/peakpilates.hu\/"},{"@type":"ListItem","position":2,"name":"Term\u00e9kek","item":"https:\/\/peakpilates.hu\/termekek\/"},{"@type":"ListItem","position":3,"name":"Studio Reformer rug\u00f3 &#8211; extra k\u00f6nny\u0171, z\u00f6ld"}]},{"@type":"WebSite","@id":"https:\/\/peakpilates.hu\/#website","url":"https:\/\/peakpilates.hu\/","name":"Peak Pilates","description":"Beauty, function and tradition","publisher":{"@id":"https:\/\/peakpilates.hu\/#organization"},"potentialAction":[{"@type":"SearchAction","target":{"@type":"EntryPoint","urlTemplate":"https:\/\/peakpilates.hu\/?s={search_term_string}"},"query-input":{"@type":"PropertyValueSpecification","valueRequired":true,"valueName":"search_term_string"}}],"inLanguage":"en-GB"},{"@type":"Organization","@id":"https:\/\/peakpilates.hu\/#organization","name":"Peak Pilates","url":"https:\/\/peakpilates.hu\/","logo":{"@type":"ImageObject","inLanguage":"en-GB","@id":"https:\/\/peakpilates.hu\/#\/schema\/logo\/image\/","url":"https:\/\/peakpilates.hu\/wp-content\/uploads\/2025\/05\/peakpilates.hu-site-icon.webp","contentUrl":"https:\/\/peakpilates.hu\/wp-content\/uploads\/2025\/05\/peakpilates.hu-site-icon.webp","width":512,"height":512,"caption":"Peak Pilates"},"image":{"@id":"https:\/\/peakpilates.hu\/#\/schema\/logo\/image\/"}}]}},"_links":{"self":[{"href":"https:\/\/peakpilates.hu\/en\/wp-json\/wp\/v2\/product\/28555","targetHints":{"allow":["GET"]}}],"collection":[{"href":"https:\/\/peakpilates.hu\/en\/wp-json\/wp\/v2\/product"}],"about":[{"href":"https:\/\/peakpilates.hu\/en\/wp-json\/wp\/v2\/types\/product"}],"replies":[{"embeddable":true,"href":"https:\/\/peakpilates.hu\/en\/wp-json\/wp\/v2\/comments?post=28555"}],"version-history":[{"count":0,"href":"https:\/\/peakpilates.hu\/en\/wp-json\/wp\/v2\/product\/28555\/revisions"}],"wp:featuredmedia":[{"embeddable":true,"href":"https:\/\/peakpilates.hu\/en\/wp-json\/wp\/v2\/media\/29232"}],"wp:attachment":[{"href":"https:\/\/peakpilates.hu\/en\/wp-json\/wp\/v2\/media?parent=28555"}],"wp:term":[{"taxonomy":"product_brand","embeddable":true,"href":"https:\/\/peakpilates.hu\/en\/wp-json\/wp\/v2\/product_brand?post=28555"},{"taxonomy":"product_cat","embeddable":true,"href":"https:\/\/peakpilates.hu\/en\/wp-json\/wp\/v2\/product_cat?post=28555"},{"taxonomy":"product_tag","embeddable":true,"href":"https:\/\/peakpilates.hu\/en\/wp-json\/wp\/v2\/product_tag?post=28555"}],"curies":[{"name":"wp","href":"https:\/\/api.w.org\/{rel}","templated":true}]}}