{"id":28576,"date":"2025-05-30T12:50:59","date_gmt":"2025-05-30T12:50:59","guid":{"rendered":"https:\/\/infiniteq.org\/?post_type=product&#038;p=28576"},"modified":"2025-06-11T12:26:06","modified_gmt":"2025-06-11T12:26:06","slug":"fit-reformer-4-db-os-fo-kocsi-szeles-lapos-kerekkeszlet-fuggoleges","status":"publish","type":"product","link":"https:\/\/peakpilates.hu\/en\/termekek\/cserealkatreszek\/kerekek\/fit-reformer-4-db-os-fo-kocsi-szeles-lapos-kerekkeszlet-fuggoleges\/","title":{"rendered":"fit\u2122 Reformer 4 piece main trolley wide (flat) wheel set - vertical"},"content":{"rendered":"<p>The vertical carriage wheels of the fit\u2122 Reformer support the user's weight. It is always recommended to replace all 4 wheels at the same time.<\/p>\n<p>1 order comes as a package of 4 wheels.<\/p>","protected":false},"excerpt":{"rendered":"<p>The vertical carriage wheels of the fit\u2122 Reformer support the user's weight. It is always recommended to replace all 4 wheels at the same time. 1 order 4<\/p>","protected":false},"featured_media":29147,"comment_status":"open","ping_status":"closed","template":"","meta":[],"product_brand":[190],"product_cat":[186,214],"product_tag":[],"class_list":{"0":"post-28576","1":"product","2":"type-product","3":"status-publish","4":"has-post-thumbnail","6":"product_brand-peak-pilates","7":"product_cat-cserealkatreszek","8":"product_cat-kerekek","10":"first","11":"instock","12":"shipping-taxable","13":"product-type-simple"},"yoast_head":"<!-- This site is optimized with the Yoast SEO plugin v26.7 - https:\/\/yoast.com\/wordpress\/plugins\/seo\/ -->\n<title>fit\u2122 Reformer 4 db-os f\u0151 kocsi sz\u00e9les (lapos) ker\u00e9kk\u00e9szlet - f\u00fcgg\u0151leges | Peak Pilates | Sz\u00e9ps\u00e9g, funkci\u00f3 \u00e9s hagyom\u00e1ny<\/title>\n<meta name=\"robots\" content=\"index, follow, max-snippet:-1, max-image-preview:large, max-video-preview:-1\" \/>\n<link rel=\"canonical\" href=\"https:\/\/peakpilates.hu\/en\/termekek\/cserealkatreszek\/kerekek\/fit-reformer-4-db-os-fo-kocsi-szeles-lapos-kerekkeszlet-fuggoleges\/\" \/>\n<meta property=\"og:locale\" content=\"en_GB\" \/>\n<meta property=\"og:type\" content=\"article\" \/>\n<meta property=\"og:title\" content=\"fit\u2122 Reformer 4 db-os f\u0151 kocsi sz\u00e9les (lapos) ker\u00e9kk\u00e9szlet - f\u00fcgg\u0151leges | Peak Pilates | Sz\u00e9ps\u00e9g, funkci\u00f3 \u00e9s hagyom\u00e1ny\" \/>\n<meta property=\"og:description\" content=\"A fit\u2122 Reformer f\u00fcgg\u0151leges kocsikerekei tartj\u00e1k a felhaszn\u00e1l\u00f3 s\u00faly\u00e1t. Mindig aj\u00e1nlott mind a 4 kereket egyszerre cser\u00e9lni. 1 rendel\u00e9s 4\" \/>\n<meta property=\"og:url\" content=\"https:\/\/peakpilates.hu\/en\/termekek\/cserealkatreszek\/kerekek\/fit-reformer-4-db-os-fo-kocsi-szeles-lapos-kerekkeszlet-fuggoleges\/\" \/>\n<meta property=\"og:site_name\" content=\"Peak Pilates\" \/>\n<meta property=\"article:modified_time\" content=\"2025-06-11T12:26:06+00:00\" \/>\n<meta property=\"og:image\" content=\"https:\/\/peakpilates.hu\/wp-content\/uploads\/2025\/05\/peakpilates.hu-fit-reformer-kerekkeszlet.webp\" \/>\n\t<meta property=\"og:image:width\" content=\"400\" \/>\n\t<meta property=\"og:image:height\" content=\"400\" \/>\n\t<meta property=\"og:image:type\" content=\"image\/webp\" \/>\n<meta name=\"twitter:card\" content=\"summary_large_image\" \/>\n<meta name=\"twitter:label1\" content=\"Estimated reading time\" \/>\n\t<meta name=\"twitter:data1\" content=\"1 minute\" \/>\n<script type=\"application\/ld+json\" class=\"yoast-schema-graph\">{\"@context\":\"https:\/\/schema.org\",\"@graph\":[{\"@type\":\"WebPage\",\"@id\":\"https:\/\/peakpilates.hu\/termekek\/cserealkatreszek\/kerekek\/fit-reformer-4-db-os-fo-kocsi-szeles-lapos-kerekkeszlet-fuggoleges\/\",\"url\":\"https:\/\/peakpilates.hu\/termekek\/cserealkatreszek\/kerekek\/fit-reformer-4-db-os-fo-kocsi-szeles-lapos-kerekkeszlet-fuggoleges\/\",\"name\":\"fit\u2122 Reformer 4 db-os f\u0151 kocsi sz\u00e9les (lapos) ker\u00e9kk\u00e9szlet - f\u00fcgg\u0151leges | Peak Pilates | Sz\u00e9ps\u00e9g, funkci\u00f3 \u00e9s hagyom\u00e1ny\",\"isPartOf\":{\"@id\":\"https:\/\/peakpilates.hu\/#website\"},\"primaryImageOfPage\":{\"@id\":\"https:\/\/peakpilates.hu\/termekek\/cserealkatreszek\/kerekek\/fit-reformer-4-db-os-fo-kocsi-szeles-lapos-kerekkeszlet-fuggoleges\/#primaryimage\"},\"image\":{\"@id\":\"https:\/\/peakpilates.hu\/termekek\/cserealkatreszek\/kerekek\/fit-reformer-4-db-os-fo-kocsi-szeles-lapos-kerekkeszlet-fuggoleges\/#primaryimage\"},\"thumbnailUrl\":\"https:\/\/peakpilates.hu\/wp-content\/uploads\/2025\/05\/peakpilates.hu-fit-reformer-kerekkeszlet.webp\",\"datePublished\":\"2025-05-30T12:50:59+00:00\",\"dateModified\":\"2025-06-11T12:26:06+00:00\",\"breadcrumb\":{\"@id\":\"https:\/\/peakpilates.hu\/termekek\/cserealkatreszek\/kerekek\/fit-reformer-4-db-os-fo-kocsi-szeles-lapos-kerekkeszlet-fuggoleges\/#breadcrumb\"},\"inLanguage\":\"en-GB\",\"potentialAction\":[{\"@type\":\"ReadAction\",\"target\":[\"https:\/\/peakpilates.hu\/termekek\/cserealkatreszek\/kerekek\/fit-reformer-4-db-os-fo-kocsi-szeles-lapos-kerekkeszlet-fuggoleges\/\"]}]},{\"@type\":\"ImageObject\",\"inLanguage\":\"en-GB\",\"@id\":\"https:\/\/peakpilates.hu\/termekek\/cserealkatreszek\/kerekek\/fit-reformer-4-db-os-fo-kocsi-szeles-lapos-kerekkeszlet-fuggoleges\/#primaryimage\",\"url\":\"https:\/\/peakpilates.hu\/wp-content\/uploads\/2025\/05\/peakpilates.hu-fit-reformer-kerekkeszlet.webp\",\"contentUrl\":\"https:\/\/peakpilates.hu\/wp-content\/uploads\/2025\/05\/peakpilates.hu-fit-reformer-kerekkeszlet.webp\",\"width\":400,\"height\":400},{\"@type\":\"BreadcrumbList\",\"@id\":\"https:\/\/peakpilates.hu\/termekek\/cserealkatreszek\/kerekek\/fit-reformer-4-db-os-fo-kocsi-szeles-lapos-kerekkeszlet-fuggoleges\/#breadcrumb\",\"itemListElement\":[{\"@type\":\"ListItem\",\"position\":1,\"name\":\"Kezd\u0151oldal\",\"item\":\"https:\/\/peakpilates.hu\/\"},{\"@type\":\"ListItem\",\"position\":2,\"name\":\"Term\u00e9kek\",\"item\":\"https:\/\/peakpilates.hu\/termekek\/\"},{\"@type\":\"ListItem\",\"position\":3,\"name\":\"fit\u2122 Reformer 4 db-os f\u0151 kocsi sz\u00e9les (lapos) ker\u00e9kk\u00e9szlet &#8211; f\u00fcgg\u0151leges\"}]},{\"@type\":\"WebSite\",\"@id\":\"https:\/\/peakpilates.hu\/#website\",\"url\":\"https:\/\/peakpilates.hu\/\",\"name\":\"Peak Pilates\",\"description\":\"Sz\u00e9ps\u00e9g, funkci\u00f3 \u00e9s hagyom\u00e1ny\",\"publisher\":{\"@id\":\"https:\/\/peakpilates.hu\/#organization\"},\"potentialAction\":[{\"@type\":\"SearchAction\",\"target\":{\"@type\":\"EntryPoint\",\"urlTemplate\":\"https:\/\/peakpilates.hu\/?s={search_term_string}\"},\"query-input\":{\"@type\":\"PropertyValueSpecification\",\"valueRequired\":true,\"valueName\":\"search_term_string\"}}],\"inLanguage\":\"en-GB\"},{\"@type\":\"Organization\",\"@id\":\"https:\/\/peakpilates.hu\/#organization\",\"name\":\"Peak Pilates\",\"url\":\"https:\/\/peakpilates.hu\/\",\"logo\":{\"@type\":\"ImageObject\",\"inLanguage\":\"en-GB\",\"@id\":\"https:\/\/peakpilates.hu\/#\/schema\/logo\/image\/\",\"url\":\"https:\/\/peakpilates.hu\/wp-content\/uploads\/2025\/05\/peakpilates.hu-site-icon.webp\",\"contentUrl\":\"https:\/\/peakpilates.hu\/wp-content\/uploads\/2025\/05\/peakpilates.hu-site-icon.webp\",\"width\":512,\"height\":512,\"caption\":\"Peak Pilates\"},\"image\":{\"@id\":\"https:\/\/peakpilates.hu\/#\/schema\/logo\/image\/\"}}]}<\/script>\n<!-- \/ Yoast SEO plugin. -->","yoast_head_json":{"title":"fit\u2122 Reformer 4 db-os f\u0151 kocsi sz\u00e9les (lapos) ker\u00e9kk\u00e9szlet - f\u00fcgg\u0151leges | Peak Pilates | Sz\u00e9ps\u00e9g, funkci\u00f3 \u00e9s hagyom\u00e1ny","robots":{"index":"index","follow":"follow","max-snippet":"max-snippet:-1","max-image-preview":"max-image-preview:large","max-video-preview":"max-video-preview:-1"},"canonical":"https:\/\/peakpilates.hu\/en\/termekek\/cserealkatreszek\/kerekek\/fit-reformer-4-db-os-fo-kocsi-szeles-lapos-kerekkeszlet-fuggoleges\/","og_locale":"en_GB","og_type":"article","og_title":"fit\u2122 Reformer 4 db-os f\u0151 kocsi sz\u00e9les (lapos) ker\u00e9kk\u00e9szlet - f\u00fcgg\u0151leges | Peak Pilates | Sz\u00e9ps\u00e9g, funkci\u00f3 \u00e9s hagyom\u00e1ny","og_description":"A fit\u2122 Reformer f\u00fcgg\u0151leges kocsikerekei tartj\u00e1k a felhaszn\u00e1l\u00f3 s\u00faly\u00e1t. Mindig aj\u00e1nlott mind a 4 kereket egyszerre cser\u00e9lni. 1 rendel\u00e9s 4","og_url":"https:\/\/peakpilates.hu\/en\/termekek\/cserealkatreszek\/kerekek\/fit-reformer-4-db-os-fo-kocsi-szeles-lapos-kerekkeszlet-fuggoleges\/","og_site_name":"Peak Pilates","article_modified_time":"2025-06-11T12:26:06+00:00","og_image":[{"width":400,"height":400,"url":"https:\/\/peakpilates.hu\/wp-content\/uploads\/2025\/05\/peakpilates.hu-fit-reformer-kerekkeszlet.webp","type":"image\/webp"}],"twitter_card":"summary_large_image","twitter_misc":{"Estimated reading time":"1 minute"},"schema":{"@context":"https:\/\/schema.org","@graph":[{"@type":"WebPage","@id":"https:\/\/peakpilates.hu\/termekek\/cserealkatreszek\/kerekek\/fit-reformer-4-db-os-fo-kocsi-szeles-lapos-kerekkeszlet-fuggoleges\/","url":"https:\/\/peakpilates.hu\/termekek\/cserealkatreszek\/kerekek\/fit-reformer-4-db-os-fo-kocsi-szeles-lapos-kerekkeszlet-fuggoleges\/","name":"fit\u2122 Reformer 4 db-os f\u0151 kocsi sz\u00e9les (lapos) ker\u00e9kk\u00e9szlet - f\u00fcgg\u0151leges | Peak Pilates | Sz\u00e9ps\u00e9g, funkci\u00f3 \u00e9s hagyom\u00e1ny","isPartOf":{"@id":"https:\/\/peakpilates.hu\/#website"},"primaryImageOfPage":{"@id":"https:\/\/peakpilates.hu\/termekek\/cserealkatreszek\/kerekek\/fit-reformer-4-db-os-fo-kocsi-szeles-lapos-kerekkeszlet-fuggoleges\/#primaryimage"},"image":{"@id":"https:\/\/peakpilates.hu\/termekek\/cserealkatreszek\/kerekek\/fit-reformer-4-db-os-fo-kocsi-szeles-lapos-kerekkeszlet-fuggoleges\/#primaryimage"},"thumbnailUrl":"https:\/\/peakpilates.hu\/wp-content\/uploads\/2025\/05\/peakpilates.hu-fit-reformer-kerekkeszlet.webp","datePublished":"2025-05-30T12:50:59+00:00","dateModified":"2025-06-11T12:26:06+00:00","breadcrumb":{"@id":"https:\/\/peakpilates.hu\/termekek\/cserealkatreszek\/kerekek\/fit-reformer-4-db-os-fo-kocsi-szeles-lapos-kerekkeszlet-fuggoleges\/#breadcrumb"},"inLanguage":"en-GB","potentialAction":[{"@type":"ReadAction","target":["https:\/\/peakpilates.hu\/termekek\/cserealkatreszek\/kerekek\/fit-reformer-4-db-os-fo-kocsi-szeles-lapos-kerekkeszlet-fuggoleges\/"]}]},{"@type":"ImageObject","inLanguage":"en-GB","@id":"https:\/\/peakpilates.hu\/termekek\/cserealkatreszek\/kerekek\/fit-reformer-4-db-os-fo-kocsi-szeles-lapos-kerekkeszlet-fuggoleges\/#primaryimage","url":"https:\/\/peakpilates.hu\/wp-content\/uploads\/2025\/05\/peakpilates.hu-fit-reformer-kerekkeszlet.webp","contentUrl":"https:\/\/peakpilates.hu\/wp-content\/uploads\/2025\/05\/peakpilates.hu-fit-reformer-kerekkeszlet.webp","width":400,"height":400},{"@type":"BreadcrumbList","@id":"https:\/\/peakpilates.hu\/termekek\/cserealkatreszek\/kerekek\/fit-reformer-4-db-os-fo-kocsi-szeles-lapos-kerekkeszlet-fuggoleges\/#breadcrumb","itemListElement":[{"@type":"ListItem","position":1,"name":"Kezd\u0151oldal","item":"https:\/\/peakpilates.hu\/"},{"@type":"ListItem","position":2,"name":"Term\u00e9kek","item":"https:\/\/peakpilates.hu\/termekek\/"},{"@type":"ListItem","position":3,"name":"fit\u2122 Reformer 4 db-os f\u0151 kocsi sz\u00e9les (lapos) ker\u00e9kk\u00e9szlet &#8211; f\u00fcgg\u0151leges"}]},{"@type":"WebSite","@id":"https:\/\/peakpilates.hu\/#website","url":"https:\/\/peakpilates.hu\/","name":"Peak Pilates","description":"Beauty, function and tradition","publisher":{"@id":"https:\/\/peakpilates.hu\/#organization"},"potentialAction":[{"@type":"SearchAction","target":{"@type":"EntryPoint","urlTemplate":"https:\/\/peakpilates.hu\/?s={search_term_string}"},"query-input":{"@type":"PropertyValueSpecification","valueRequired":true,"valueName":"search_term_string"}}],"inLanguage":"en-GB"},{"@type":"Organization","@id":"https:\/\/peakpilates.hu\/#organization","name":"Peak Pilates","url":"https:\/\/peakpilates.hu\/","logo":{"@type":"ImageObject","inLanguage":"en-GB","@id":"https:\/\/peakpilates.hu\/#\/schema\/logo\/image\/","url":"https:\/\/peakpilates.hu\/wp-content\/uploads\/2025\/05\/peakpilates.hu-site-icon.webp","contentUrl":"https:\/\/peakpilates.hu\/wp-content\/uploads\/2025\/05\/peakpilates.hu-site-icon.webp","width":512,"height":512,"caption":"Peak Pilates"},"image":{"@id":"https:\/\/peakpilates.hu\/#\/schema\/logo\/image\/"}}]}},"_links":{"self":[{"href":"https:\/\/peakpilates.hu\/en\/wp-json\/wp\/v2\/product\/28576","targetHints":{"allow":["GET"]}}],"collection":[{"href":"https:\/\/peakpilates.hu\/en\/wp-json\/wp\/v2\/product"}],"about":[{"href":"https:\/\/peakpilates.hu\/en\/wp-json\/wp\/v2\/types\/product"}],"replies":[{"embeddable":true,"href":"https:\/\/peakpilates.hu\/en\/wp-json\/wp\/v2\/comments?post=28576"}],"version-history":[{"count":0,"href":"https:\/\/peakpilates.hu\/en\/wp-json\/wp\/v2\/product\/28576\/revisions"}],"wp:featuredmedia":[{"embeddable":true,"href":"https:\/\/peakpilates.hu\/en\/wp-json\/wp\/v2\/media\/29147"}],"wp:attachment":[{"href":"https:\/\/peakpilates.hu\/en\/wp-json\/wp\/v2\/media?parent=28576"}],"wp:term":[{"taxonomy":"product_brand","embeddable":true,"href":"https:\/\/peakpilates.hu\/en\/wp-json\/wp\/v2\/product_brand?post=28576"},{"taxonomy":"product_cat","embeddable":true,"href":"https:\/\/peakpilates.hu\/en\/wp-json\/wp\/v2\/product_cat?post=28576"},{"taxonomy":"product_tag","embeddable":true,"href":"https:\/\/peakpilates.hu\/en\/wp-json\/wp\/v2\/product_tag?post=28576"}],"curies":[{"name":"wp","href":"https:\/\/api.w.org\/{rel}","templated":true}]}}